{"id":1872,"date":"2019-09-17T15:18:50","date_gmt":"2019-09-17T13:18:50","guid":{"rendered":"http:\/\/pc-direkthandel.de\/wordpress\/?post_type=product&#038;p=1872"},"modified":"2019-11-07T16:20:35","modified_gmt":"2019-11-07T14:20:35","slug":"microsoft-outlook-2016-esd-key","status":"publish","type":"product","link":"http:\/\/pc-direkthandel.de\/wordpress\/product\/microsoft-outlook-2016-esd-key\/","title":{"rendered":"Microsoft Outlook 2016 (ESD &#038; Key)"},"content":{"rendered":"<p>Microsoft Outlook 2016 ist einer der beliebtesten und besten E-Mail-Clients f\u00fcr Windows-Systeme. Das Programm unterst\u00fctzt Sie dabei, E-Mails zu empfangen und zu versenden. Sie k\u00f6nnen MS Outlook 2016 auch f\u00fcr mehrere E-Mail-Konten einrichten sowie Ihren Terminkalender und Ihre Kontakte verwalten. Insbesondere bei einem sehr hohen E-Mail-Volumen kann Outlook 16 seine St\u00e4rken ausspielen.<\/p>\n<p><strong>Einfache Termin-, E-Mail- und Kontaktverwaltung im Alltag<\/strong><\/p>\n<p>MS Outlook 2016 dient als zentrale Verwaltungsschnittstelle in Ihrem beruflichen oder privaten Alltag. Sie halten Termine fest, f\u00fcgen Kontaktinformationen wichtiger Personen hinzu oder gestalten eine umfangreiche Aufgabenliste. Diese erinnert sie automatisch jeden Tag an wichtige Aufgaben, die Sie zu erledigen haben. Sie k\u00f6nnen Outlook 16 auch \u00fcber mehrere Ger\u00e4te hinweg synchronisieren, sodass Ihnen beispielsweise auf einem Smartphone automatisch dieselben Informationen zur Verf\u00fcgung stehen wie an Ihrem Computer.<\/p>\n<p>Gleichzeitig ist Microsoft Outlook 2016 ein Programm, das Ihnen den Umgang mit E-Mails deutlich erleichtert. Umfangreiche Filter- und Suchfunktionen sorgen daf\u00fcr, dass Sie beispielsweise wichtige E-Mails in kurzer Zeit wiederfinden und auch deren Anh\u00e4nge durchsuchen k\u00f6nnen. Speichern Sie Entw\u00fcrfe und sehen Sie sich Anh\u00e4nge mit einer Vorschaufunktion an, ohne sie herunterladen zu m\u00fcssen. Erhalten Sie eine neue E-Mail, informiert Sie MS Outlook 2016 automatisch und Sie k\u00f6nnen sofort darauf reagieren.<\/p>\n<p>Microsoft Outlook 2016 gestattet Ihnen au\u00dferdem die Trennung von allen jemals erhaltenen E-Mail-Nachrichten und ungelesenen Neuzug\u00e4ngen, sodass Sie schnellen Zugriff auf die wichtigen Mitteilungen erhalten. Mittels Drag &amp; Drop verschieben Sie E-Mails einfach von einem Ordner in den anderen. Aktivieren Sie die neue Touch-Oberfl\u00e4che, um Office 16 auch auf Tablets oder Notebooks mit einem Touchscreen so nutzen zu k\u00f6nnen, wie Sie es kennen.<\/p>\n<p><strong>Neue Funktionen in Microsoft Outlook 2016<\/strong><\/p>\n<ul>\n<li>In Outlook 16 verbinden Sie Ihr Konto mit Facebook oder vergleichbaren sozialen Netzwerken. Dadurch k\u00f6nnen Sie direkt in Outlook auf Ihre Freunde und Bekannte zugreifen, die Sie in sozialen Netzwerken gespeichert haben.<\/li>\n<li>Kurze Vorschauoptionen f\u00fcr Termine oder Kontaktdaten gew\u00e4hren Ihnen einen Einblick in Informationen \u00fcber Personen, um so beispielsweise schnell an Telefonnummern oder E-Mail-Daten zu gelangen.<\/li>\n<li>Sie haben den E-Mail-Anhang vergessen? MS Outlook 2016 warnt Sie vor dem Absenden einer E-Mail, sodass Sie Ihren Fehler noch im Voraus korrigieren k\u00f6nnen.<\/li>\n<li>Outlook 16 verf\u00fcgt \u00fcber eine Touch-kompatible Oberfl\u00e4che, die Sie bei Bedarf aktivieren k\u00f6nnen. Dadurch k\u00f6nnen Sie viele der wichtigen Funktionen auch auf Ger\u00e4ten wie einem Tablet komfortabel steuern, ohne eine externe Maus oder Tastatur verwenden zu m\u00fcssen.<\/li>\n<\/ul>\n<p><strong>Die L\u00f6sung f\u00fcr private und berufliche Anwender<\/strong><\/p>\n<p>Sie erwerben mit Microsoft Outlook 2016 ein Produkt, das Sie zur Nutzung an genau einem Arbeitsplatz berechtigt. Damit eignet sich die Software sowohl f\u00fcr private Nutzer, die mehr Ordnung und Struktur in ihren Alltag bringen m\u00f6chten, als auch f\u00fcr berufliche Anwender. Freiberufler, Selbstst\u00e4ndige oder kleine Unternehmen profitieren in hohem Ma\u00dfe von den genannten Vorteilen in Outlook 16.<\/p>\n<p>Da sich das Design von MS Outlook 2016 nur in Ans\u00e4tzen vom Vorg\u00e4nger unterscheidet, wird Ihnen auch der Umstieg sehr leichtfallen. Das Programm ist nat\u00fcrlich auch mit dem neuen Windows 10 kompatibel und enth\u00e4lt alle Updates, die Microsoft seit Erscheinen der Anwendung ver\u00f6ffentlicht hat.<\/p>\n","protected":false},"excerpt":{"rendered":"<p>Microsoft Outlook 2016 ist einer der beliebtesten und besten E-Mail-Clients f\u00fcr Windows-Systeme. Das Programm unterst\u00fctzt Sie dabei, E-Mails zu empfangen und zu versenden. Sie k\u00f6nnen MS Outlook 2016 auch f\u00fcr mehrere E-Mail-Konten einrichten sowie Ihren Terminkalender und Ihre Kontakte verwalten. Insbesondere bei einem sehr hohen E-Mail-Volumen kann Outlook 16 seine St\u00e4rken ausspielen. Einfache Termin-, E-Mail- [&hellip;]<\/p>\n","protected":false},"featured_media":1873,"comment_status":"open","ping_status":"closed","template":"","meta":{"_acf_changed":false},"product_cat":[157],"product_tag":[],"acf":[],"jetpack_sharing_enabled":true,"_links":{"self":[{"href":"http:\/\/pc-direkthandel.de\/wordpress\/wp-json\/wp\/v2\/product\/1872"}],"collection":[{"href":"http:\/\/pc-direkthandel.de\/wordpress\/wp-json\/wp\/v2\/product"}],"about":[{"href":"http:\/\/pc-direkthandel.de\/wordpress\/wp-json\/wp\/v2\/types\/product"}],"replies":[{"embeddable":true,"href":"http:\/\/pc-direkthandel.de\/wordpress\/wp-json\/wp\/v2\/comments?post=1872"}],"wp:featuredmedia":[{"embeddable":true,"href":"http:\/\/pc-direkthandel.de\/wordpress\/wp-json\/wp\/v2\/media\/1873"}],"wp:attachment":[{"href":"http:\/\/pc-direkthandel.de\/wordpress\/wp-json\/wp\/v2\/media?parent=1872"}],"wp:term":[{"taxonomy":"product_cat","embeddable":true,"href":"http:\/\/pc-direkthandel.de\/wordpress\/wp-json\/wp\/v2\/product_cat?post=1872"},{"taxonomy":"product_tag","embeddable":true,"href":"http:\/\/pc-direkthandel.de\/wordpress\/wp-json\/wp\/v2\/product_tag?post=1872"}],"curies":[{"name":"wp","href":"https:\/\/api.w.org\/{rel}","templated":true}]}}