{"id":1870,"date":"2019-09-17T15:16:46","date_gmt":"2019-09-17T13:16:46","guid":{"rendered":"http:\/\/pc-direkthandel.de\/wordpress\/?post_type=product&#038;p=1870"},"modified":"2019-11-07T16:20:03","modified_gmt":"2019-11-07T14:20:03","slug":"microsoft-powerpoint-2016-esd-key","status":"publish","type":"product","link":"http:\/\/pc-direkthandel.de\/wordpress\/product\/microsoft-powerpoint-2016-esd-key\/","title":{"rendered":"Microsoft PowerPoint 2016 (ESD &#038; Key)"},"content":{"rendered":"<p>PowerPoint 2016 ist die Neuauflage des beliebten Pr\u00e4sentationsprogramms aus dem Hause Microsoft. Mit Microsoft PowerPoint 2016 erstellen Sie in k\u00fcrzester Zeit ansprechende Pr\u00e4sentationen und holen das Beste aus Ihren Daten heraus. \u00dcberzeugen Sie mit professionellen Designs und gestalten Sie Ihre Pr\u00e4sentation ganz nach Ihren W\u00fcnschen. Mit der neuen Version ist PowerPoint 2016 um zahlreiche Funktionen erweitert worden. Die Bedienung ist dabei gewohnt simpel geblieben und \u00fcberzeugt durch Nutzerfreundlichkeit.<\/p>\n<p><strong>Pr\u00e4sentation mit dem professionellen Look<\/strong><\/p>\n<p><strong>Pr\u00e4sentationen gestalten wie ein Profi \u2013 in Sekunden<\/strong><\/p>\n<p>Mit dem PowerPoint-Designer erstellen Sie ma\u00dfgeschneiderte Pr\u00e4sentationen von hoher Qualit\u00e4t. Verbessern Sie die optische Wirkung Ihrer Pr\u00e4sentationen in zwei einfachen Schritten. F\u00fcgen Sie ein Bild hinzu, und w\u00e4hlen Sie Ihren Favoriten aus den Entwurfsoptionen aus.<\/p>\n<p><strong>Film\u00e4hnliche Animationen \u2013 mit einem Klick<\/strong><\/p>\n<p>Mit Morph k\u00f6nnen Sie ganz leicht flie\u00dfende Bewegungen erzeugen und Ihre Ideen bildlich darstellen. Duplizieren Sie einfach die Folien, die Sie morphen m\u00f6chten, verschieben Sie die Objekte nach Ihren W\u00fcnschen, und klicken Sie auf &#8222;Morphen&#8220;.<\/p>\n<p><strong>Zielf\u00fchrend pr\u00e4sentieren<\/strong><\/p>\n<p><strong>Begeistern Sie Ihr Publikum<\/strong><\/p>\n<p>Die Zoomfunktion gestaltet Ihre Pr\u00e4sentationen lebendiger und bietet eine Folie mit einer interaktiven Zusammenfassung, die die Navigation erleichtert. W\u00e4hrend Sie gemeinsam in der Pr\u00e4sentation navigieren, k\u00f6nnen Sie Abschnitte oder Folien beliebig vergr\u00f6\u00dfern oder verkleinern.<\/p>\n<p><strong>Immer auf das Wesentliche konzentriert<\/strong><\/p>\n<p>In der Referentenansicht in Office 2016 k\u00f6nnen Sie Ihre Pr\u00e4sentationen \u00fcberpr\u00fcfen und testen. Wenn Sie die Pr\u00e4sentation auf einem zweiten Bildschirm anzeigen, sehen Sie in der Referentenansicht die aktuelle und die n\u00e4chste Folie sowie die Sprechernotizen.<\/p>\n<p><strong>Die Kontrolle behalten<\/strong><\/p>\n<p>Mit der Funktion &#8222;Automatisch erweitern&#8220; werden Ihre Folien automatisch auf dem richtigen Bildschirm angezeigt, wenn Sie Ihr Projekt auf einem zweiten Bildschirm pr\u00e4sentieren, ohne dass Sie \u00c4nderungen an den Einstellungen oder den Ger\u00e4ten vornehmen m\u00fcssen.<\/p>\n<p><strong>Im Team zum Erfolg<\/strong><\/p>\n<p><strong>Synchron beginnen<\/strong><\/p>\n<p>Ihre Pr\u00e4sentationen werden standardm\u00e4\u00dfig online auf OneDrive, OneDrive for Business oder SharePoint gespeichert. Wenn Sie allen Beteiligten einen Link zu Ihrer PowerPoint-Datei senden und Anzeige- und Bearbeitungsrechte gew\u00e4hren, verf\u00fcgen alle \u00fcber die neueste Version.<\/p>\n<p><strong>Synchron arbeiten<\/strong><\/p>\n<p>Arbeiten Sie alle gleichzeitig an derselben Pr\u00e4sentation, egal ob mit PowerPoint auf dem Desktop oder PowerPoint Online. W\u00e4hrend Sie im Team Dokumente bearbeiten, sorgt der verbesserte Versionsverlauf von PowerPoint 2016 daf\u00fcr, dass Sie auch fr\u00fchere Entw\u00fcrfe anzeigen oder wieder aufrufen k\u00f6nnen.<\/p>\n<p><strong>Synchron bleiben<\/strong><\/p>\n<p>F\u00fcgen Sie auf Ihrem Smartphone, Tablet, PC oder Mac direkt neben der zu besprechenden Folie Kommentare hinzu, oder antworten Sie auf Kommentare. Jeder kann sehen, wer wem geantwortet hat.<\/p>\n<p><strong>Im Handumdrehen zum professionellen Design<\/strong><\/p>\n<p>Mit Vorlagen zeigen Sie Ihren eigenen Stil und Ihr K\u00f6nnen und sparen auch noch Zeit. Durchsuchen Sie die PowerPoint-Vorlagen in \u00fcber 40 Kategorien.<\/p>\n","protected":false},"excerpt":{"rendered":"<p>PowerPoint 2016 ist die Neuauflage des beliebten Pr\u00e4sentationsprogramms aus dem Hause Microsoft. Mit Microsoft PowerPoint 2016 erstellen Sie in k\u00fcrzester Zeit ansprechende Pr\u00e4sentationen und holen das Beste aus Ihren Daten heraus. \u00dcberzeugen Sie mit professionellen Designs und gestalten Sie Ihre Pr\u00e4sentation ganz nach Ihren W\u00fcnschen. Mit der neuen Version ist PowerPoint 2016 um zahlreiche Funktionen [&hellip;]<\/p>\n","protected":false},"featured_media":1871,"comment_status":"open","ping_status":"closed","template":"","meta":{"_acf_changed":false},"product_cat":[157],"product_tag":[],"acf":[],"jetpack_sharing_enabled":true,"_links":{"self":[{"href":"http:\/\/pc-direkthandel.de\/wordpress\/wp-json\/wp\/v2\/product\/1870"}],"collection":[{"href":"http:\/\/pc-direkthandel.de\/wordpress\/wp-json\/wp\/v2\/product"}],"about":[{"href":"http:\/\/pc-direkthandel.de\/wordpress\/wp-json\/wp\/v2\/types\/product"}],"replies":[{"embeddable":true,"href":"http:\/\/pc-direkthandel.de\/wordpress\/wp-json\/wp\/v2\/comments?post=1870"}],"wp:featuredmedia":[{"embeddable":true,"href":"http:\/\/pc-direkthandel.de\/wordpress\/wp-json\/wp\/v2\/media\/1871"}],"wp:attachment":[{"href":"http:\/\/pc-direkthandel.de\/wordpress\/wp-json\/wp\/v2\/media?parent=1870"}],"wp:term":[{"taxonomy":"product_cat","embeddable":true,"href":"http:\/\/pc-direkthandel.de\/wordpress\/wp-json\/wp\/v2\/product_cat?post=1870"},{"taxonomy":"product_tag","embeddable":true,"href":"http:\/\/pc-direkthandel.de\/wordpress\/wp-json\/wp\/v2\/product_tag?post=1870"}],"curies":[{"name":"wp","href":"https:\/\/api.w.org\/{rel}","templated":true}]}}