{"id":1868,"date":"2019-09-17T15:14:56","date_gmt":"2019-09-17T13:14:56","guid":{"rendered":"http:\/\/pc-direkthandel.de\/wordpress\/?post_type=product&#038;p=1868"},"modified":"2019-11-07T16:18:45","modified_gmt":"2019-11-07T14:18:45","slug":"microsoft-excel-2016-esd-key","status":"publish","type":"product","link":"http:\/\/pc-direkthandel.de\/wordpress\/product\/microsoft-excel-2016-esd-key\/","title":{"rendered":"Microsoft Excel 2016 (ESD &#038; Key)"},"content":{"rendered":"<p>Das beliebte und leistungsstarke Tabellen Kalkulationsprogramm aus dem Hause Microsoft darf auf keinem gut ausgestatteten Rechner fehlen. Mit der Version Microsoft Excel 2016 ist das Programm um zahlreiche Features erweitert worden und hilft Ihnen jetzt noch besser Ihre Tabellen und Zahlen \u00fcbersichtlich aufzubereiten. Die Bedienung ist dabei gewohnt simpel geblieben und \u00fcberzeugt durch Nutzerfreundlichkeit. Microsoft Excel 2016 ist lernf\u00e4hig und merkt sich Ihre Verhaltensmuster, so kommen Sie ab sofort noch schneller ans Ziel.<\/p>\n<p><strong>Daten in Erkenntnisse umwandeln<\/strong><\/p>\n<p><strong>Daten mit einem Layout versehen<\/strong><\/p>\n<p>Ordnen Sie Ihre numerischen oder Textdaten auf Arbeitsbl\u00e4ttern oder in Arbeitsmappen. Die Anzeige im Kontext hilft Ihnen, fundierte Entscheidungen zu treffen.<\/p>\n<p><strong>Daten neu formatieren und anordnen<\/strong><\/p>\n<p>W\u00e4hrend Sie sich unterschiedliche Zusammenstellungen anschauen, lernt Excel, erkennt das Muster und vervollst\u00e4ndigt die restlichen Daten automatisch. Dazu sind weder Formeln noch Makros erforderlich. Die Suchfunktion &#8222;Sie w\u00fcnschen&#8230;&#8220; f\u00fchrt Sie durch die Befehle, die Sie ben\u00f6tigen, um die gew\u00fcnschten Ergebnisse zu erhalten.<\/p>\n<p><strong>Analysen durchf\u00fchren<\/strong><\/p>\n<p>Excel f\u00fchrt komplexe Analysen f\u00fcr Sie durch und fasst Ihre Daten mit einer Vorschau verschiedener PivotTable-Optionen zusammen, sodass Sie sie vergleichen und die Option ausw\u00e4hlen k\u00f6nnen, die Ihre Botschaft am besten her\u00fcberbringt.<\/p>\n<p><strong>Alle Daten im Blick<\/strong><\/p>\n<p><strong>Schneller Einstieg in Diagramme<\/strong><\/p>\n<p>Excel kann Diagramme zur optimalen Veranschaulichung Ihrer Datenmuster empfehlen. Zeigen Sie die unterschiedlichen Optionen schnell in der Vorschau an, und w\u00e4hlen Sie diejenigen aus, mit denen Sie Ihre Erkenntnisse am besten verdeutlichen k\u00f6nnen.<\/p>\n<p><strong>Die beste Abfolge finden<\/strong><\/p>\n<p>Entdecken und vergleichen Sie unterschiedliche Methoden zur visuellen Darstellung Ihrer Daten und Botschaften. Wenn Sie diejenige gefunden haben, mit der sich Ihre Daten am besten darstellen lassen, k\u00f6nnen Sie mit einem einzigen Klick Formatierungen, Sparklines, Diagramme und Tabellen anwenden. Eine Reihe neuer, moderner Diagramme hilft Ihnen in Excel 2016 dabei, Ihre Daten frisch und spritzig zu pr\u00e4sentieren. QuickInfo zur Verf\u00fcgbarkeit der Funktion<\/p>\n<p><strong>Trends und Muster hervorheben<\/strong><\/p>\n<p>Mit Datenbalken, Farben und Symbolen k\u00f6nnen Sie wichtige Werte visuell hervorheben und so Trends und Muster in Ihren Daten im Handumdrehen erkennen. Mit der neuen Prognosefunktion in Excel 2016 erstellen Sie mit nur einem Klick Prognosen Ihrer Datenreihen, um Zukunftstrends sichtbar zu machen.<\/p>\n<p><strong>Vier Augen sehen mehr als zwei<\/strong><\/p>\n<p><strong>Aus der Cloud freigeben<\/strong><\/p>\n<p>Sorgen Sie daf\u00fcr, dass jeder \u00fcber die neueste Version verf\u00fcgt, indem Sie Ihre Arbeitsmappen mit OneDrive oder SharePoint in der Cloud freigeben. So k\u00f6nnen sie auch von anderen angezeigt und gemeinsam bearbeitet werden. QuickInfo mit den Voraussetzungen zur Nutzung von OneDrive oder SharePoint Sie k\u00f6nnen die Arbeitsmappe auch einfach als Anlage einer E-Mail oder Chatnachricht senden.<\/p>\n<p><strong>In Echtzeit zusammenarbeiten<\/strong><\/p>\n<p>Nachdem Sie Ihre Tabelle in OneDrive, OneDrive for Business oder SharePoint gespeichert haben, k\u00f6nnen Sie und Ihr Team mit Excel Online in Echtzeit zusammenarbeiten. W\u00e4hrend Sie gemeinsam die Dokumente bearbeiten und \u00e4ndern, sorgt der verbesserte Versionsverlauf in Excel 2016 daf\u00fcr, dass Sie jederzeit \u00e4ltere Entw\u00fcrfe anzeigen oder Dokumente auf \u00e4ltere Versionen zur\u00fccksetzen k\u00f6nnen.<\/p>\n<p><strong>Im Handumdrehen zum professionellen Design<\/strong><\/p>\n<p>Mit Vorlagen zeigen Sie Ihren eigenen Stil und Ihr K\u00f6nnen und sparen auch noch Zeit. Durchsuchen Sie die Excel-Vorlagen in \u00fcber 40 Kategorien.<\/p>\n","protected":false},"excerpt":{"rendered":"<p>Das beliebte und leistungsstarke Tabellen Kalkulationsprogramm aus dem Hause Microsoft darf auf keinem gut ausgestatteten Rechner fehlen. Mit der Version Microsoft Excel 2016 ist das Programm um zahlreiche Features erweitert worden und hilft Ihnen jetzt noch besser Ihre Tabellen und Zahlen \u00fcbersichtlich aufzubereiten. Die Bedienung ist dabei gewohnt simpel geblieben und \u00fcberzeugt durch Nutzerfreundlichkeit. Microsoft [&hellip;]<\/p>\n","protected":false},"featured_media":1869,"comment_status":"open","ping_status":"closed","template":"","meta":{"_acf_changed":false},"product_cat":[157],"product_tag":[],"acf":[],"jetpack_sharing_enabled":true,"_links":{"self":[{"href":"http:\/\/pc-direkthandel.de\/wordpress\/wp-json\/wp\/v2\/product\/1868"}],"collection":[{"href":"http:\/\/pc-direkthandel.de\/wordpress\/wp-json\/wp\/v2\/product"}],"about":[{"href":"http:\/\/pc-direkthandel.de\/wordpress\/wp-json\/wp\/v2\/types\/product"}],"replies":[{"embeddable":true,"href":"http:\/\/pc-direkthandel.de\/wordpress\/wp-json\/wp\/v2\/comments?post=1868"}],"wp:featuredmedia":[{"embeddable":true,"href":"http:\/\/pc-direkthandel.de\/wordpress\/wp-json\/wp\/v2\/media\/1869"}],"wp:attachment":[{"href":"http:\/\/pc-direkthandel.de\/wordpress\/wp-json\/wp\/v2\/media?parent=1868"}],"wp:term":[{"taxonomy":"product_cat","embeddable":true,"href":"http:\/\/pc-direkthandel.de\/wordpress\/wp-json\/wp\/v2\/product_cat?post=1868"},{"taxonomy":"product_tag","embeddable":true,"href":"http:\/\/pc-direkthandel.de\/wordpress\/wp-json\/wp\/v2\/product_tag?post=1868"}],"curies":[{"name":"wp","href":"https:\/\/api.w.org\/{rel}","templated":true}]}}