{"id":1864,"date":"2019-09-17T15:11:43","date_gmt":"2019-09-17T13:11:43","guid":{"rendered":"http:\/\/pc-direkthandel.de\/wordpress\/?post_type=product&#038;p=1864"},"modified":"2019-11-07T16:20:59","modified_gmt":"2019-11-07T14:20:59","slug":"microsoft-access-2019-esd-key","status":"publish","type":"product","link":"http:\/\/pc-direkthandel.de\/wordpress\/product\/microsoft-access-2019-esd-key\/","title":{"rendered":"Microsoft Access 2019 (ESD &#038; Key)"},"content":{"rendered":"<p>Die aktuelle Ausgabe von Microsofts Datenbankprogramm Access ist ein leistungsstarkes Werkzeug, dass sowohl private Anwender als auch Unternehmen von sich \u00fcberzeugen kann. Ganz gleich, ob kleine\u00a0Privatdatenbank\u00a0oder komplexes\u00a0Datenbanksystem, Microsoft\u00a0Access 2019\u00a0bietet alles, was es f\u00fcr fl\u00fcssiges und komfortables Arbeiten mit\u00a0Desktop-Rechnern und\u00a0Mobilger\u00e4ten\u00a0braucht.<\/p>\n<p>Gerade im Vergleich zur Vorg\u00e4ngerversion Microsoft Access 2016 hat die\u00a0Softwareschmiede\u00a0aus Redmond an der Nutzerfreundlichkeit geschraubt. Damit besticht die aktuelle Version nicht nur durch eine deutlich\u00a0aufger\u00e4umtere\u00a0Ribbon Optik, sondern auch durch die M\u00f6glichkeit, das Interface ganz an die eigenen Bed\u00fcrfnisse anzupassen.<\/p>\n<p><strong>Einfacher\u00a0Datenimport\u00a0und effiziente Datenbankverwaltung<\/strong><br \/>\nDank der gro\u00dfen Anzahl an Vorlagen kommen selbst Einsteiger schnell in der Welt von\u00a0Access 2019\u00a0zurecht und profitieren von ausgereiften Schablonen f\u00fcr das Projektmanagement, das\u00a0Warenmanagement\u00a0oder die Verwaltung von Aufgaben und Kontaktdaten. Auch externe Daten wie\u00a0PDFs\u00a0und Bilder lassen sich im Handumdrehen \u00fcber die \u00fcbersichtlichen Men\u00fcs in die\u00a0Datenbankanwendung\u00a0integrieren.<\/p>\n<p>Auch der Import von Daten aus erstellten\u00a0Excel-Dokumenten\u00a0oder externen\u00a0SQL-Datenbanken\u00a0geht durch die bew\u00e4hrte\u00a0Office-Oberfl\u00e4che\u00a0leicht von der Hand. Dar\u00fcber hinaus haben\u00a0Datenbank-Profis\u00a0die M\u00f6glichkeit, komplexe Datenbanken ganz nach ihren eigenen Vorstellungen zu generieren. Abgerundet wird\u00a0Access 2019\u00a0durch das\u00a0kollaborative\u00a0Arbeiten mit Kollegen an einer Datenbank via\u00a0SharePoint-Schnittstelle oder Office\u00a0365-Anbindung. \u00dcber den\u00a0Salesforce\u00a0Data Connector k\u00f6nnen Daten zudem sehr einfach aus dem beliebten\u00a0Salesforce-Quellsystem importiert werden.<\/p>\n<p><strong>Datenbank-Apps\u00a0ohne Vorkenntnisse entwickeln<\/strong><br \/>\nMicrosoft\u00a0Access 2019\u00a0ist weit mehr als eine\u00a0Datenbanksoftware. Vielmehr liefert das Programm Nutzern die M\u00f6glichkeit, eigene\u00a0datenbankbasierte\u00a0Applikationen f\u00fcr Mobilger\u00e4te zu entwickeln. Somit ist es auf unkomplizierte Weise m\u00f6glich, Mitarbeitern via\u00a0SharePoint\u00a0auf einfache Weise Daten verf\u00fcgbar zu machen, ohne dass diese an ihrem Arbeitsplatz \u00fcberhaupt Zugriff auf Microsoft Access haben. Und das funktioniert dank umfangreicher Vorlagen sogar ganz ohne Programmierkenntnisse.<\/p>\n<p><strong>Neues\u00a0Chart-Control-Modell<\/strong><br \/>\nMit dem Erscheinen der\u00a02019er-Version\u00a0von Access schn\u00fcrt Microsoft im Vergleich zur Version Access 2016 ein gro\u00dfz\u00fcgiges Softwarepaket, das all die kleinen Neuerungen der letzten Jahre\u00a0zusammenfasst\u00a0und dabei noch mit einigen interessanten Features daherkommt. Nennenswert ist unter anderem die optimierte\u00a0Stiftbedienung\u00a0aller Programme des Office\u00a02019-Pakets. Das wiederum macht die Bedienung der Software auch auf Microsoft\u00a0Surface-Ger\u00e4ten\u00a0unter anderem durch die erh\u00f6hte\u00a0Druckempfindlichkeit\u00a0deutlich intuitiver.<\/p>\n<p>Eine weitere gro\u00dfe technische Neuerung im j\u00fcngsten Ableger der Microsoft\u00a0Access-Reihe\u00a0ist das &#8222;Modern\u00a0Charts&#8220;-Konzept, das den &#8222;Chart-Controls&#8220; ein wesentlich moderneres Erscheinungsbild verleiht und die Handhabung f\u00fcr Entwickler erleichtert. &#8222;Modern Charts&#8220; l\u00e4sst sich in der\u00a02019er-Version\u00a0ebenfalls in\u00a0Endlosformularen nutzen, was bei der bis dato auf\u00a0ActiveX basierenden L\u00f6sung so nicht m\u00f6glich war.<\/p>\n","protected":false},"excerpt":{"rendered":"<p>Die aktuelle Ausgabe von Microsofts Datenbankprogramm Access ist ein leistungsstarkes Werkzeug, dass sowohl private Anwender als auch Unternehmen von sich \u00fcberzeugen kann. Ganz gleich, ob kleine\u00a0Privatdatenbank\u00a0oder komplexes\u00a0Datenbanksystem, Microsoft\u00a0Access 2019\u00a0bietet alles, was es f\u00fcr fl\u00fcssiges und komfortables Arbeiten mit\u00a0Desktop-Rechnern und\u00a0Mobilger\u00e4ten\u00a0braucht. Gerade im Vergleich zur Vorg\u00e4ngerversion Microsoft Access 2016 hat die\u00a0Softwareschmiede\u00a0aus Redmond an der Nutzerfreundlichkeit geschraubt. Damit [&hellip;]<\/p>\n","protected":false},"featured_media":1865,"comment_status":"open","ping_status":"closed","template":"","meta":{"_acf_changed":false},"product_cat":[157],"product_tag":[],"acf":[],"jetpack_sharing_enabled":true,"_links":{"self":[{"href":"http:\/\/pc-direkthandel.de\/wordpress\/wp-json\/wp\/v2\/product\/1864"}],"collection":[{"href":"http:\/\/pc-direkthandel.de\/wordpress\/wp-json\/wp\/v2\/product"}],"about":[{"href":"http:\/\/pc-direkthandel.de\/wordpress\/wp-json\/wp\/v2\/types\/product"}],"replies":[{"embeddable":true,"href":"http:\/\/pc-direkthandel.de\/wordpress\/wp-json\/wp\/v2\/comments?post=1864"}],"wp:featuredmedia":[{"embeddable":true,"href":"http:\/\/pc-direkthandel.de\/wordpress\/wp-json\/wp\/v2\/media\/1865"}],"wp:attachment":[{"href":"http:\/\/pc-direkthandel.de\/wordpress\/wp-json\/wp\/v2\/media?parent=1864"}],"wp:term":[{"taxonomy":"product_cat","embeddable":true,"href":"http:\/\/pc-direkthandel.de\/wordpress\/wp-json\/wp\/v2\/product_cat?post=1864"},{"taxonomy":"product_tag","embeddable":true,"href":"http:\/\/pc-direkthandel.de\/wordpress\/wp-json\/wp\/v2\/product_tag?post=1864"}],"curies":[{"name":"wp","href":"https:\/\/api.w.org\/{rel}","templated":true}]}}