{"id":1862,"date":"2019-09-17T15:09:41","date_gmt":"2019-09-17T13:09:41","guid":{"rendered":"http:\/\/pc-direkthandel.de\/wordpress\/?post_type=product&#038;p=1862"},"modified":"2019-11-07T16:20:26","modified_gmt":"2019-11-07T14:20:26","slug":"microsoft-outlook-2019-esd-key","status":"publish","type":"product","link":"http:\/\/pc-direkthandel.de\/wordpress\/product\/microsoft-outlook-2019-esd-key\/","title":{"rendered":"Microsoft Outlook 2019 (ESD &#038; Key)"},"content":{"rendered":"<p>Mit der Version Outlook 2019 schn\u00fcrt die Softwareschmiede aus Redmond ein leistungsstarkes Softwarepaket, das gegen\u00fcber der Version Outlook 2016 mit zahlreichen interessanten Neuerungen daherkommt. Kern der Software bleibt jedoch das zuverl\u00e4ssige Versenden und Empfangen von E-Mails, wobei mehrere Konten bequem mit der Software verkn\u00fcpft und verwaltet werden k\u00f6nnen.<\/p>\n<p>Zur Organisation des\u00a0Postfachs\u00a0bietet Microsoft Outlook seinen Nutzern dabei die M\u00f6glichkeit,\u00a0Ordnerstrukturen\u00a0anzulegen,\u00a0Aufgabenlisten\u00a0zu erstellen, Adressb\u00fccher zu verwalten und Termine im umfangreichen Kalender zu organisieren. Dank der Synchronisation zwischen verschiedenen Endger\u00e4ten, sind wichtige Informationen dar\u00fcber hinaus auch auf dem Smartphone oder Notebook immer dann verf\u00fcgbar, wenn sie ben\u00f6tigt werden.<\/p>\n<p><strong>N\u00fctzliche Neuerungen in Microsoft Outlook 2019<\/strong><br \/>\nErleichtert wird die Kommunikation zudem durch erweiterte\u00a0Organisationsfunktionen\u00a0wie unter anderem die M\u00f6glichkeit, einzusehen, wie viele Kontakte bereits auf eine Einladung geantwortet haben. Ebenso praktisch ist die neue\u00a0BCC-Warnung, die verhindert, dass der Nutzer eine Antwort auf eine erhaltene Nachricht ohne Absicht an alle Empf\u00e4nger der urspr\u00fcnglich erhaltenen E-Mail sendet. Bedingt durch den sogenannten &#8222;Bill\u00a0Reminder&#8220; erkennt Microsoft Outlook dar\u00fcber hinaus zuverl\u00e4ssig erhaltene Rechnungen und tr\u00e4gt die f\u00e4lligen Zahlungstermine in den Kalender ein, was die Wahrscheinlichkeit f\u00fcr das Verpassen von\u00a0Zahlungsfristen\u00a0deutlich reduziert. Besonders praktisch ist die &#8222;Bill\u00a0Reminder&#8220;-Funktion damit f\u00fcr Selbstst\u00e4ndige und kleine Unternehmen.<\/p>\n<p><strong>Individualisierbare\u00a0Benutzeroberfl\u00e4che<\/strong><br \/>\nIm Rahmen der \u00dcberarbeitung der E-Mail Software hat Microsoft die gewohnte\u00a0Ribbon\u00a0Oberfl\u00e4che aus der Vorg\u00e4ngerversion grundlegend \u00fcberarbeitet und entschlackt. Nutzer k\u00f6nnen in der aktuellen Version dementsprechend zwischen der traditionellen Oberfl\u00e4che und einer auf eine Men\u00fcleiste reduzierten Oberfl\u00e4che w\u00e4hlen. \u00dcberdies ist es Nutzern von Microsoft\u00a0Outlook 2019\u00a0nun m\u00f6glich, sowohl die Bedienelemente des\u00a0Men\u00fcstreifens\u00a0am oberen Bildschirmrand als auch die Elemente auf der neuen\u00a0Navigationsleiste\u00a0am linken Bildschirmrand nach Belieben anzupassen.<\/p>\n<p><strong>Mehr Sicherheit gegen Malware und\u00a0Phishing-Mails<\/strong><br \/>\nAuch beim Thema Sicherheit hat sich einiges getan, besticht die aktuelle\u00a0Outlook-Version\u00a0doch vor allem durch den neuen\u00a0Safe-Link-Service. W\u00e4hrend eingebettete Links nun mit einer deutlich besseren Vorschau versehen sind, sorgt im Hintergrund ein\u00a0Echtzeit-Scanner\u00a0daf\u00fcr, dass Malware- und\u00a0Phishing-Links zuverl\u00e4ssig herausgefiltert werden.<strong><br \/>\n<\/strong><\/p>\n","protected":false},"excerpt":{"rendered":"<p>Mit der Version Outlook 2019 schn\u00fcrt die Softwareschmiede aus Redmond ein leistungsstarkes Softwarepaket, das gegen\u00fcber der Version Outlook 2016 mit zahlreichen interessanten Neuerungen daherkommt. Kern der Software bleibt jedoch das zuverl\u00e4ssige Versenden und Empfangen von E-Mails, wobei mehrere Konten bequem mit der Software verkn\u00fcpft und verwaltet werden k\u00f6nnen. Zur Organisation des\u00a0Postfachs\u00a0bietet Microsoft Outlook seinen Nutzern [&hellip;]<\/p>\n","protected":false},"featured_media":1863,"comment_status":"open","ping_status":"closed","template":"","meta":{"_acf_changed":false},"product_cat":[157],"product_tag":[],"acf":[],"jetpack_sharing_enabled":true,"_links":{"self":[{"href":"http:\/\/pc-direkthandel.de\/wordpress\/wp-json\/wp\/v2\/product\/1862"}],"collection":[{"href":"http:\/\/pc-direkthandel.de\/wordpress\/wp-json\/wp\/v2\/product"}],"about":[{"href":"http:\/\/pc-direkthandel.de\/wordpress\/wp-json\/wp\/v2\/types\/product"}],"replies":[{"embeddable":true,"href":"http:\/\/pc-direkthandel.de\/wordpress\/wp-json\/wp\/v2\/comments?post=1862"}],"wp:featuredmedia":[{"embeddable":true,"href":"http:\/\/pc-direkthandel.de\/wordpress\/wp-json\/wp\/v2\/media\/1863"}],"wp:attachment":[{"href":"http:\/\/pc-direkthandel.de\/wordpress\/wp-json\/wp\/v2\/media?parent=1862"}],"wp:term":[{"taxonomy":"product_cat","embeddable":true,"href":"http:\/\/pc-direkthandel.de\/wordpress\/wp-json\/wp\/v2\/product_cat?post=1862"},{"taxonomy":"product_tag","embeddable":true,"href":"http:\/\/pc-direkthandel.de\/wordpress\/wp-json\/wp\/v2\/product_tag?post=1862"}],"curies":[{"name":"wp","href":"https:\/\/api.w.org\/{rel}","templated":true}]}}