{"id":1860,"date":"2019-09-17T15:07:55","date_gmt":"2019-09-17T13:07:55","guid":{"rendered":"http:\/\/pc-direkthandel.de\/wordpress\/?post_type=product&#038;p=1860"},"modified":"2019-11-07T16:19:50","modified_gmt":"2019-11-07T14:19:50","slug":"microsoft-powerpoint-2019-esd-key","status":"publish","type":"product","link":"http:\/\/pc-direkthandel.de\/wordpress\/product\/microsoft-powerpoint-2019-esd-key\/","title":{"rendered":"Microsoft PowerPoint 2019 (ESD &#038; Key)"},"content":{"rendered":"<p>PowerPoint 2019\u00a0ist die aktuellste Version der weit verbreiteten\u00a0Pr\u00e4sentationssoftware\u00a0PowerPoint, die weder aus Schulen und Universit\u00e4t noch aus Unternehmen wegzudenken ist. Der neue Ableger, der Seitens Microsoft nicht mehr unter \u00e4lteren\u00a0Windows-Betriebssystemen\u00a0wie Windows 7 und Windows 8.1 unterst\u00fctzt wird, erm\u00f6glicht die Erstellung professioneller Pr\u00e4sentationen f\u00fcr private und gesch\u00e4ftliche Zwecke. Dank einer umfangreichen Bibliothek an Vorlagen und Animationen lassen sich mit Hilfe der Software aussagekr\u00e4ftige Folien designen, die die beabsichtigten Aussagen unterstreichen und in jedem Fall im Ged\u00e4chtnis des Publikums haften bleiben.<\/p>\n<p><strong>Professionelle Pr\u00e4sentationen mit neuen Animationen<\/strong><\/p>\n<p>Eine der gr\u00f6\u00dften Neuerungen, die Microsoft dem neuesten Spross der\u00a0PowerPoint-Familie\u00a0spendiert hat, ist die\u00a0Morph \u00dcbergangs-Funktion. Mittels neuer, aufwendiger \u00dcberg\u00e4nge lassen sich Pr\u00e4sentationen gekonnt auflockern und selbst komplexeste Inhalte leicht in Szene setzen. Hinzu kommen neben den\u00a0Zoom-Funktionen\u00a0f\u00fcr die Folien innerhalb der Pr\u00e4sentation neue Symbole nebst\u00a0SVG- und\u00a03D-Modellen, die jetzt sogar noch einfacher verwaltet und eingef\u00fcgt werden k\u00f6nnen.<\/p>\n<p><strong>Einfache und intuitive Bedienung<\/strong><\/p>\n<p>Intuitive Bedienung ist seit jeher eine der gro\u00dfen St\u00e4rken von Microsoft PowerPoint. Auch in der aktuellen Version hat das Unternehmen die\u00a0Navigation\u00a0des Vorg\u00e4ngers PowerPoint 2016 nochmals \u00fcberarbeitet und in einigen Details verbessert. Zu nennen ist hier in erster Linie die Entschlackung der\u00a0Nutzeroberfl\u00e4che, die seit Microsoft Office 2007 im\u00a0Ribbon\u00a0Design daherkommt. F\u00fcr\u00a0PowerPoint 2019\u00a0hat Microsoft die auf der Oberfl\u00e4che befindlichen Funktionen auf genau die Werkzeuge zusammengestrichen, die am h\u00e4ufigsten genutzt werden, was die Bedienung \u00fcbersichtlicher und schneller macht.<\/p>\n<p>Alternativ haben Nutzer von Microsoft PowerPoint auch in der\u00a02019er-Version\u00a0dennoch die M\u00f6glichkeit, die aus dem Vorg\u00e4nger gewohnte Oberfl\u00e4che zu aktivieren oder diese selbst nach individuellen W\u00fcnschen zusammenzustellen. Damit aber noch nicht genug, denn im Zuge der \u00dcberarbeitung der\u00a0Stiftbedienung erh\u00e4lt PowerPoint eine zus\u00e4tzliche Dimension. Im Detail geht es um die Integration der\u00a0Druckempfindlichkeit\u00a0von\u00a0Eingabestiften, was wiederum die Bedienm\u00f6glichkeiten auf\u00a0Mobilger\u00e4ten\u00a0wie dem Microsoft\u00a0Surface\u00a0erweitert.<\/p>\n<p><strong>Keine\u00a0Abo-Pflicht\u00a0bei Microsoft\u00a0PowerPoint 2019\u00a0<\/strong><\/p>\n<p>Mit der Ver\u00f6ffentlichung der\u00a02019er-Version\u00a0von PowerPoint reagiert die\u00a0Softwareschmiede\u00a0aus Redmond auf die Pr\u00e4ferenz vieler Gesch\u00e4ftskunden, die\u00a0Pr\u00e4sentationssoftware\u00a0ebenso wie andere\u00a0Office-Anwendungen\u00a0ohne\u00a0Cloud-Pflicht\u00a0ausschlie\u00dflich auf lokalen Rechnern zu betreiben. Dementsprechend handelt es sich bei der vorliegenden Version von PowerPoint um einen einmalig erworbenen Produktschl\u00fcssel f\u00fcr einen einzelnen Arbeitsplatz, der weder zeitlich noch\u00a0funktionstechnisch\u00a0eingeschr\u00e4nkt ist. Microsoft PowerPoint ist damit die ideale Softwarel\u00f6sung f\u00fcr Privatanwender, Freiberufler sowie f\u00fcr den Einsatz in kleinen Unternehmen, die nicht auf das Office 365 Konzept zur\u00fcckgreifen m\u00f6chten.<\/p>\n","protected":false},"excerpt":{"rendered":"<p>PowerPoint 2019\u00a0ist die aktuellste Version der weit verbreiteten\u00a0Pr\u00e4sentationssoftware\u00a0PowerPoint, die weder aus Schulen und Universit\u00e4t noch aus Unternehmen wegzudenken ist. Der neue Ableger, der Seitens Microsoft nicht mehr unter \u00e4lteren\u00a0Windows-Betriebssystemen\u00a0wie Windows 7 und Windows 8.1 unterst\u00fctzt wird, erm\u00f6glicht die Erstellung professioneller Pr\u00e4sentationen f\u00fcr private und gesch\u00e4ftliche Zwecke. Dank einer umfangreichen Bibliothek an Vorlagen und Animationen lassen [&hellip;]<\/p>\n","protected":false},"featured_media":1861,"comment_status":"open","ping_status":"closed","template":"","meta":{"_acf_changed":false},"product_cat":[157],"product_tag":[],"acf":[],"jetpack_sharing_enabled":true,"_links":{"self":[{"href":"http:\/\/pc-direkthandel.de\/wordpress\/wp-json\/wp\/v2\/product\/1860"}],"collection":[{"href":"http:\/\/pc-direkthandel.de\/wordpress\/wp-json\/wp\/v2\/product"}],"about":[{"href":"http:\/\/pc-direkthandel.de\/wordpress\/wp-json\/wp\/v2\/types\/product"}],"replies":[{"embeddable":true,"href":"http:\/\/pc-direkthandel.de\/wordpress\/wp-json\/wp\/v2\/comments?post=1860"}],"wp:featuredmedia":[{"embeddable":true,"href":"http:\/\/pc-direkthandel.de\/wordpress\/wp-json\/wp\/v2\/media\/1861"}],"wp:attachment":[{"href":"http:\/\/pc-direkthandel.de\/wordpress\/wp-json\/wp\/v2\/media?parent=1860"}],"wp:term":[{"taxonomy":"product_cat","embeddable":true,"href":"http:\/\/pc-direkthandel.de\/wordpress\/wp-json\/wp\/v2\/product_cat?post=1860"},{"taxonomy":"product_tag","embeddable":true,"href":"http:\/\/pc-direkthandel.de\/wordpress\/wp-json\/wp\/v2\/product_tag?post=1860"}],"curies":[{"name":"wp","href":"https:\/\/api.w.org\/{rel}","templated":true}]}}