{"id":1858,"date":"2019-09-17T15:05:59","date_gmt":"2019-09-17T13:05:59","guid":{"rendered":"http:\/\/pc-direkthandel.de\/wordpress\/?post_type=product&#038;p=1858"},"modified":"2019-11-07T16:18:30","modified_gmt":"2019-11-07T14:18:30","slug":"microsoft-excel-2019-esd-key","status":"publish","type":"product","link":"http:\/\/pc-direkthandel.de\/wordpress\/product\/microsoft-excel-2019-esd-key\/","title":{"rendered":"Microsoft Excel 2019 (ESD &#038; Key)"},"content":{"rendered":"<p>Mit der neuen Version der\u00a0Tabellenkalkulationssoftware\u00a0Excel schn\u00fcrt Microsoft erneut ein leistungsstarkes Paket f\u00fcr Unternehmen, Selbstst\u00e4ndige und Privatanwender, das auf keinem\u00a0Office-Rechner\u00a0fehlen darf. Nie war es so einfach, selbst gro\u00dfe Datenmengen effizient zu verarbeiten und mit Hilfe einer umfangreichen\u00a0Werkzeugpalette\u00a0in vielf\u00e4ltiger Weise aufzuarbeiten. Gegen\u00fcber der Vorg\u00e4ngerversion Microsoft Excel 2016 hat sich auch die intuitive Bedienbarkeit stark verbessert, zumal das altbekannte\u00a0Ribbon\u00a0Interface deutlich aufger\u00e4umt wurde, was einen fl\u00fcssigeren Arbeitsablauf erm\u00f6glicht.<\/p>\n<p>Unterst\u00fctzt werden Nutzer von Microsoft\u00a0Excel 2019\u00a0dabei durch die Lernf\u00e4higkeit der Software, die sich an die pers\u00f6nlichen Verhaltensweisen der Nutzer anpasst, was die Navigation beschleunigt. Ferner m\u00fcssen sich Nutzer nicht mehr nur auf die vorgefertigte\u00a0Nutzeroberfl\u00e4che\u00a0verlassen, sondern k\u00f6nnen diese ganz nach individuellen Bed\u00fcrfnissen gestalten oder schlicht bei der gewohnten\u00a0Ribbon\u00a0Oberfl\u00e4che aus Excel 2016 bleiben. Abgerundet wird die intuitive Bedienung durch eine breitere Unterst\u00fctzung f\u00fcr die\u00a0Stifteingabe\u00a0auf Microsofts\u00a0Surface\u00a0Ger\u00e4ten sowie auf anderen Ger\u00e4ten mit\u00a0Touchscreen-Bedienung.<\/p>\n<p><strong>Automatisch generierte Datenvisualisierung<\/strong><br \/>\nDie optische Aufarbeitung von komplexen Daten ist gerade in der Zeit von Big Data eine essentielle\u00a0Analysetechnik. Auch die neue Version von Excel geht einen weiteren Schritt in diese Richtung, um Informationen im Kontext greifbar zu machen und erweitert damit den Umfang an Diagrammen und optischen\u00a0Auswertungstechniken\u00a0deutlich. Mit Hilfe des &#8222;Insights&#8220;-Features analysiert die Software dar\u00fcber hinaus Tabellen und Charts, um die im\u00a0Kontext\u00a0interessantesten Daten hervorzuheben, auff\u00e4llige Ver\u00e4nderungen wahrzunehmen und klare Trends in den Datens\u00e4tzen leichter zu erkennen. Neue\u00a0Diagrammtypen sorgen indes f\u00fcr zus\u00e4tzliche\u00a0Darstellungsoptionen\u00a0und eine h\u00f6here Informationsdichte auf geringem Raum.<\/p>\n<p><strong>Machine\u00a0Learning\u00a0Modelle in\u00a0Excel 2019<\/strong><br \/>\nImmer gr\u00f6\u00dfere Datenmengen verlangen nach immer\u00a0leistungsst\u00e4rkeren\u00a0Analyse-Tools. Dieser Bedarf ist auch Microsoft bewusst, weshalb das Unternehmen dem neuesten Spross der Excel Familie Methoden aus dem\u00a0Machine\u00a0Learning\u00a0spendiert. Diese Algorithmen sind nicht nur dazu in der Lage, eindeutige Muster zu erkennen, sondern diese auch intelligent zu verarbeiten. Dar\u00fcber hinaus hat Excel fortan die M\u00f6glichkeit, moderne\u00a0Machine\u00a0Learning\u00a0Algorithmen direkt \u00fcber eine Schnittstelle zu importieren und innerhalb der Software anzuwenden, womit das Tor zur Nutzung der k\u00fcnstlichen Intelligenz weit ge\u00f6ffnet wird.<\/p>\n<p><strong>Integrierte\u00a0Live-Daten\u00a0durch Microsofts\u00a0Bing\u00a0API<\/strong><br \/>\nMit der aktuellen Version aus der Office 2019 Suite wird auch Excel immer vernetzter. Dies geschieht im Detail durch die Integration der\u00a0Programmierschnittstelle\u00a0(API) f\u00fcr Microsofts hauseigene Suchmaschine\u00a0Bing. Auf diese Weise ist es in\u00a0Excel 2019\u00a0m\u00f6glich, spezifische\u00a0Datenreihen\u00a0in Echtzeit mit zus\u00e4tzlichen Daten anzureichern. \u00dcber detaillierte Kommandos lassen sich so noch deutlich komplexere Berechnungen vornehmen als bisher, was insbesondere den professionellen Anwendern zus\u00e4tzliche M\u00f6glichkeiten er\u00f6ffnet.<\/p>\n","protected":false},"excerpt":{"rendered":"<p>Mit der neuen Version der\u00a0Tabellenkalkulationssoftware\u00a0Excel schn\u00fcrt Microsoft erneut ein leistungsstarkes Paket f\u00fcr Unternehmen, Selbstst\u00e4ndige und Privatanwender, das auf keinem\u00a0Office-Rechner\u00a0fehlen darf. Nie war es so einfach, selbst gro\u00dfe Datenmengen effizient zu verarbeiten und mit Hilfe einer umfangreichen\u00a0Werkzeugpalette\u00a0in vielf\u00e4ltiger Weise aufzuarbeiten. Gegen\u00fcber der Vorg\u00e4ngerversion Microsoft Excel 2016 hat sich auch die intuitive Bedienbarkeit stark verbessert, zumal das [&hellip;]<\/p>\n","protected":false},"featured_media":1859,"comment_status":"open","ping_status":"closed","template":"","meta":{"_acf_changed":false},"product_cat":[157],"product_tag":[],"acf":[],"jetpack_sharing_enabled":true,"_links":{"self":[{"href":"http:\/\/pc-direkthandel.de\/wordpress\/wp-json\/wp\/v2\/product\/1858"}],"collection":[{"href":"http:\/\/pc-direkthandel.de\/wordpress\/wp-json\/wp\/v2\/product"}],"about":[{"href":"http:\/\/pc-direkthandel.de\/wordpress\/wp-json\/wp\/v2\/types\/product"}],"replies":[{"embeddable":true,"href":"http:\/\/pc-direkthandel.de\/wordpress\/wp-json\/wp\/v2\/comments?post=1858"}],"wp:featuredmedia":[{"embeddable":true,"href":"http:\/\/pc-direkthandel.de\/wordpress\/wp-json\/wp\/v2\/media\/1859"}],"wp:attachment":[{"href":"http:\/\/pc-direkthandel.de\/wordpress\/wp-json\/wp\/v2\/media?parent=1858"}],"wp:term":[{"taxonomy":"product_cat","embeddable":true,"href":"http:\/\/pc-direkthandel.de\/wordpress\/wp-json\/wp\/v2\/product_cat?post=1858"},{"taxonomy":"product_tag","embeddable":true,"href":"http:\/\/pc-direkthandel.de\/wordpress\/wp-json\/wp\/v2\/product_tag?post=1858"}],"curies":[{"name":"wp","href":"https:\/\/api.w.org\/{rel}","templated":true}]}}