{"id":1852,"date":"2019-09-17T14:59:35","date_gmt":"2019-09-17T12:59:35","guid":{"rendered":"http:\/\/pc-direkthandel.de\/wordpress\/?post_type=product&#038;p=1852"},"modified":"2019-11-07T16:17:28","modified_gmt":"2019-11-07T14:17:28","slug":"microsoft-word-2019-esd-key","status":"publish","type":"product","link":"http:\/\/pc-direkthandel.de\/wordpress\/product\/microsoft-word-2019-esd-key\/","title":{"rendered":"Microsoft Word 2019 (ESD &#038; Key)"},"content":{"rendered":"<p>Wenn es um Textverarbeitung geht, rangiert das\u00a0Microsoft-Urgestein\u00a0Word noch immer auf dem\u00a0Spitzenplatz, zumal auch die Version Microsoft\u00a0Word 2019\u00a0die bew\u00e4hrten Dinge aus der Vorg\u00e4ngerversion \u00fcbernimmt und gezielte\u00a0Detailverbesserungen\u00a0vornimmt. Kern des j\u00fcngsten Sprosses der\u00a0<a title=\"Microsoft Word kaufen\" href=\"https:\/\/www.lizengo.de\/office-programm\/microsoft-word\" target=\"_self\" rel=\"noopener noreferrer\">Word<\/a>-Familie\u00a0ist nach wie vor die Erstellung und Gestaltung von Texten. Allerdings wird die aktuelle Version des Textverarbeitungsprogramms nur noch unter <a title=\"Windows 10 kaufen\" href=\"https:\/\/www.lizengo.de\/microsoft\/windows-10-betriebssystem\" target=\"_self\" rel=\"noopener noreferrer\">Windows 10<\/a> offiziell unterst\u00fctzt.<\/p>\n<p>Dank zahlreicher Vorlagen aus unterschiedlichsten Themenbereichen, erstellen auch Einsteiger im Handumdrehen professionelle Rechnungen, Gesch\u00e4ftsbriefe, Bewerbungsunterlagen oder kreative Einladungen f\u00fcr\u00a0Kindergeburtstage. Die Vielfalt der Zeichen- und\u00a0Grafikwerkzeuge\u00a0erg\u00e4nzt das Portfolio und l\u00e4sst der Kreativit\u00e4t damit freien Lauf. Das Prunkst\u00fcck der\u00a02019er-Ausgabe\u00a0von Microsoft Word sind allerdings die\u00a0SmartArt-Grafiken, mit deren Hilfe ebenso hochwertige wie anschauliche Grafiken f\u00fcr\u00a0Pr\u00e4sentationsdokumente\u00a0erstellt werden k\u00f6nnen.<\/p>\n<p><strong>Neue Version neuer Look<br \/>\n<\/strong><br \/>\nMit der aktuellen\u00a0Word-Version\u00a0beschreitet Microsoft optisch einen neuen Weg. Das auch in <a title=\"Word 2016 kaufen\" href=\"https:\/\/www.lizengo.de\/office-programm\/microsoft-word-2016\" target=\"_self\" rel=\"noopener noreferrer\">Word 2016<\/a> verwendete\u00a0Ribbon User Interface orientiert sich in puncto Design zwar weiter an den\u00a0Farbschemata\u00a0und Formen von Windows 10, ist jedoch deutlich schlichter gehalten und auf die am h\u00e4ufigsten genutzten Funktionen reduziert.<\/p>\n<p>Benutzer, denen diese vereinfachte Darstellung zu\u00a0spartanisch\u00a0ist, k\u00f6nnen in der neuen Word Version wahlweise auf die gewohnte\u00a0Ribbon\u00a0Optik zur\u00fcckgreifen oder die\u00a0Nutzeroberfl\u00e4che\u00a0nach ihren individuellen Vorlieben konfigurieren. Hinzu kommt die erleichterte Bedienung der\u00a0Nutzeroberfl\u00e4che\u00a0via Touchpad und\u00a0Stifteingabe. Interessant ist vor allem die neu hinzu gekommene\u00a0Drucksensitivit\u00e4t\u00a0was das Arbeiten mit\u00a0Mobilger\u00e4ten\u00a0wie Microsofts\u00a0Surface\u00a0deutlich komfortabler und intuitiver macht.<\/p>\n<p><strong>Gemeinsam effizienter arbeiten<br \/>\n<\/strong><br \/>\nDie optionale Anbindung der Desktop Software an die Microsoft Cloud er\u00f6ffnet dem Benutzer zahlreiche M\u00f6glichkeiten zur verbesserten Teamarbeit. Mit Hilfe eines kostenlosen\u00a0Microsoft-Kontos\u00a0k\u00f6nnen Kollegen und Freunde mit wenigen Klicks dazu eingeladen werden, gemeinsam an einem Dokument zu arbeiten, wobei \u00c4nderungen und Kommentare in Echtzeit \u00fcbertragen werden. Zus\u00e4tzliche\u00a0Komfortfunktionen\u00a0wie die verbesserte Rechtschreibpr\u00fcfung, der f\u00fcr\u00a0Korrekturarbeiten\u00a0pr\u00e4destinierte\u00a0Vorlesemodus\u00a0und nicht zuletzt die\u00a0Spracheingabe-Funktion\u00a0&#8222;Dictation&#8220; runden das leistungsstarke Paket aus dem Hause Microsoft ab.<\/p>\n<p><strong>Microsoft\u00a0Word 2019\u00a0Einzellizenz ohne\u00a0Abo-Pflicht<br \/>\n<\/strong><br \/>\nW\u00e4hrend Microsoft mit seinem Office 365 Konzept auf ein\u00a0Abo-Modell\u00a0setzt, bei dem j\u00e4hrliche Geb\u00fchren f\u00fcr die Nutzung f\u00e4llig werden, handelt es sich bei allen Versionen der Office 2019 Anwendungen um Vollversionen welche einmalig erworben werden m\u00fcssen. Damit kann die Software ohne zeitliche oder\u00a0funktionstechnische\u00a0Beschr\u00e4nkung durch den Lizenznehmer verwendet werden. Damit reagiert der\u00a0Softwareriese\u00a0aus den USA auf den Wunsch vieler\u00a0gewerblicher\u00a0und privater Kunden, Office Produkte wie\u00a0Microsoft\u00a0Word\u00a0weiterhin\u00a0auch ohne die verpflichtende Anbindung an die Cloud und den\u00a0Abonnement-Zwang\u00a0zu nutzen.<\/p>\n","protected":false},"excerpt":{"rendered":"<p>Wenn es um Textverarbeitung geht, rangiert das\u00a0Microsoft-Urgestein\u00a0Word noch immer auf dem\u00a0Spitzenplatz, zumal auch die Version Microsoft\u00a0Word 2019\u00a0die bew\u00e4hrten Dinge aus der Vorg\u00e4ngerversion \u00fcbernimmt und gezielte\u00a0Detailverbesserungen\u00a0vornimmt. Kern des j\u00fcngsten Sprosses der\u00a0Word-Familie\u00a0ist nach wie vor die Erstellung und Gestaltung von Texten. Allerdings wird die aktuelle Version des Textverarbeitungsprogramms nur noch unter Windows 10 offiziell unterst\u00fctzt. Dank zahlreicher [&hellip;]<\/p>\n","protected":false},"featured_media":1854,"comment_status":"open","ping_status":"closed","template":"","meta":{"_acf_changed":false},"product_cat":[157],"product_tag":[],"acf":[],"jetpack_sharing_enabled":true,"_links":{"self":[{"href":"http:\/\/pc-direkthandel.de\/wordpress\/wp-json\/wp\/v2\/product\/1852"}],"collection":[{"href":"http:\/\/pc-direkthandel.de\/wordpress\/wp-json\/wp\/v2\/product"}],"about":[{"href":"http:\/\/pc-direkthandel.de\/wordpress\/wp-json\/wp\/v2\/types\/product"}],"replies":[{"embeddable":true,"href":"http:\/\/pc-direkthandel.de\/wordpress\/wp-json\/wp\/v2\/comments?post=1852"}],"wp:featuredmedia":[{"embeddable":true,"href":"http:\/\/pc-direkthandel.de\/wordpress\/wp-json\/wp\/v2\/media\/1854"}],"wp:attachment":[{"href":"http:\/\/pc-direkthandel.de\/wordpress\/wp-json\/wp\/v2\/media?parent=1852"}],"wp:term":[{"taxonomy":"product_cat","embeddable":true,"href":"http:\/\/pc-direkthandel.de\/wordpress\/wp-json\/wp\/v2\/product_cat?post=1852"},{"taxonomy":"product_tag","embeddable":true,"href":"http:\/\/pc-direkthandel.de\/wordpress\/wp-json\/wp\/v2\/product_tag?post=1852"}],"curies":[{"name":"wp","href":"https:\/\/api.w.org\/{rel}","templated":true}]}}