{"id":1850,"date":"2019-09-17T14:54:11","date_gmt":"2019-09-17T12:54:11","guid":{"rendered":"http:\/\/pc-direkthandel.de\/wordpress\/?post_type=product&#038;p=1850"},"modified":"2019-11-07T15:56:27","modified_gmt":"2019-11-07T13:56:27","slug":"microsoft-visio-2016-standard-esd-key","status":"publish","type":"product","link":"http:\/\/pc-direkthandel.de\/wordpress\/product\/microsoft-visio-2016-standard-esd-key\/","title":{"rendered":"Microsoft Visio 2016 Standard (ESD &#038; Key)"},"content":{"rendered":"<p>Erstellen Sie mit Microsoft Visio Standard 2016 in nur wenigen Klicks professionelle und vielseitige Diagramme f\u00fcr jeden Anlass. Wenn Sie auf der Suche nach einer leistungsf\u00e4higen und zuverl\u00e4ssigen Software zur Diagrammerstellung sind, wird Visio 2016 Standard Sie \u00fcberzeugen. Im Handumdrehen gelingen Ihnen mit dem reichhaltigen Satz an neuen und aktualisierten Schablonen und Shapes anschauliche Diagramme, selbst bei komplexen Sachverhalten. S\u00e4mtliche Informationen lassen sich mit Microsoft Visio Standard 2016 leicht und verst\u00e4ndlich als Diagramm umsetzen.<\/p>\n<p><strong>MS Visio Standard 2016 bietet unter anderem folgende Funktionen:<\/strong><\/p>\n<ul>\n<li>Die vielen vorgefertigten Startdiagramme sowie kontextbezogene Tipps und Tricks erm\u00f6glichen einen schnellen Einstieg in die Diagrammerstellung.<\/li>\n<li>Durch automatische Ausrichtung und Positionierung sowie neue Designs lassen sich in Microsoft Visio Standard 2016 Diagramme schneller anpassen und fertig stellen.<\/li>\n<li>Mit aktualisierten Shapes f\u00fcr die B\u00fcrogestaltung \u00a0erstellen Sie Pl\u00e4ne und Grundrisse, die sich an modernen Designs orientieren.<\/li>\n<li>Die intuitive Oberfl\u00e4che erleichtert allgemeine Aktivit\u00e4ten der Diagrammerstellung, wie Shapes \u00e4ndern oder Duplizieren und Neuanordnung von Zeichenbl\u00e4ttern.<\/li>\n<li>Diagramme k\u00f6nnen \u00fcber Visio oder \u00fcber einen \u00a0Browser gemeinsam mit Kollegen bearbeitet werden.<\/li>\n<\/ul>\n<p><strong>Professionelle Diagramme erstellen &amp; anpassen mit Visio 2016 Standard<\/strong><\/p>\n<p>Microsoft Visio Standard 2016 erm\u00f6glicht Ihnen den schnellen Einstieg in die Diagrammerstellung. Mit Hilfe von vorgefertigten Startdiagrammen, vielen kontextbezogenen Tipps und Tricks sowie der intuitiven Benutzeroberfl\u00e4che erstellen Sie auch als Visio Neuling mit nur wenigen Klicks professionelle Diagramme. Mit den Schablonen f\u00fcr Gesch\u00e4ftsdiagramme, Organigramme, einfache Netzwerkdiagramme, allgemeine Mehrzweckdiagramme und einfache Flussdiagramme l\u00e4sst Visio Standard 2016 keine W\u00fcnsche offen. Sie k\u00f6nnen auch ohne Vorkenntnisse sofort mit der Arbeit beginnen.<\/p>\n<p>Visio 2016 Standard unterst\u00fctzt Sie nicht nur bei der Erstellung neuer Diagramme, sondern h\u00e4lt auch zahlreiche Funktionen zur effizienten Bearbeitung und Anpassung bereit. Die automatische Ausrichtung und Positionierung sowie die Duplizierung und Neuanordnung von Zeichenbl\u00e4ttern werden Ihnen die Arbeit sichtlich erleichtern. Auch Shapes lassen sich in MS Visio Standard 2016 ganz einfach \u00e4ndern. Im Handumdrehen lassen sich so s\u00e4mtliche Komponenten anpassen und optimal aufeinander abstimmen. Metadaten und Verbindungen zwischen einzelnen Shapes werden dabei beibehalten. Die umfangreichen Effekte und Designs in Microsoft Visio 2016 Standard erm\u00f6glichen ein individuelles Layout f\u00fcr h\u00f6chste Anspr\u00fcche.<\/p>\n<p><strong>Funktionen von Office 2016 auch in Microsoft Visio Standard 2016<\/strong><\/p>\n<p>F\u00fcr eine einfache und intuitive Bedienung orientiert sich Visio 2016 Standard an der Oberfl\u00e4che von Microsoft Office 2016. Das vertraute Design sorgt daf\u00fcr, dass Sie sich schnell zurecht finden und die Funktionen im Programm besser finden. Zudem bietet Microsoft Visio Standard 2016 einige Funktionen an, die bereits in Office angewendet werden. Dazu z\u00e4hlen beispielsweise die \u201eTell me\u201c-Suchfunktion zur schnelleren Orientierung in der Anwendung und die \u201eBlack Themes\u201c, die durch eine perfekte Farbabstimmung f\u00fcr ein augenschonendes Arbeiten sorgen. Als Office 2016 Nutzer m\u00fcssen Sie also nicht auf die neuen Funktionen verzichten, wenn Sie Visio Standard 2016 au\u00dferhalb des Office Pakets nutzen.<\/p>\n<p><strong>Diagramme im Team bearbeiten und teilen<\/strong><\/p>\n<p>Mit Microsoft Visio 2016 Standard k\u00f6nnen Sie Diagramme auch ganz einfach im Team bearbeiten. Kommentare zu Diagrammen und Shapes lassen sich mit der n\u00f6tigen Freigabe von fast jedem Ger\u00e4t aus hinzuf\u00fcgen. Dabei spielt es keine Rolle, ob \u00fcber Visio oder einen Browser mit Visio Services (hierf\u00fcr ben\u00f6tigen Sie SharePoint) gearbeitet wird. Mit der Chatfunktion k\u00f6nnen Fragen direkt in MS Visio Standard 2016 via Audio- oder Videoanruf gekl\u00e4rt werden, sofern Skype for Business oder Microsoft Lync installiert sind. Dies f\u00f6rdert ein produktives Arbeiten an Projekten und einzelnen Diagrammen. Die Diagramme k\u00f6nnen zur umfassenden Nutzung in einem Browser geteilt werden. \u00dcber Visio Services in Office 365 k\u00f6nnen auch Personen, die kein Visio 2016 Standard installiert haben, darauf zugreifen.<\/p>\n","protected":false},"excerpt":{"rendered":"<p>Erstellen Sie mit Microsoft Visio Standard 2016 in nur wenigen Klicks professionelle und vielseitige Diagramme f\u00fcr jeden Anlass. Wenn Sie auf der Suche nach einer leistungsf\u00e4higen und zuverl\u00e4ssigen Software zur Diagrammerstellung sind, wird Visio 2016 Standard Sie \u00fcberzeugen. Im Handumdrehen gelingen Ihnen mit dem reichhaltigen Satz an neuen und aktualisierten Schablonen und Shapes anschauliche Diagramme, [&hellip;]<\/p>\n","protected":false},"featured_media":1851,"comment_status":"open","ping_status":"closed","template":"","meta":{"_acf_changed":false},"product_cat":[157],"product_tag":[],"acf":[],"jetpack_sharing_enabled":true,"_links":{"self":[{"href":"http:\/\/pc-direkthandel.de\/wordpress\/wp-json\/wp\/v2\/product\/1850"}],"collection":[{"href":"http:\/\/pc-direkthandel.de\/wordpress\/wp-json\/wp\/v2\/product"}],"about":[{"href":"http:\/\/pc-direkthandel.de\/wordpress\/wp-json\/wp\/v2\/types\/product"}],"replies":[{"embeddable":true,"href":"http:\/\/pc-direkthandel.de\/wordpress\/wp-json\/wp\/v2\/comments?post=1850"}],"wp:featuredmedia":[{"embeddable":true,"href":"http:\/\/pc-direkthandel.de\/wordpress\/wp-json\/wp\/v2\/media\/1851"}],"wp:attachment":[{"href":"http:\/\/pc-direkthandel.de\/wordpress\/wp-json\/wp\/v2\/media?parent=1850"}],"wp:term":[{"taxonomy":"product_cat","embeddable":true,"href":"http:\/\/pc-direkthandel.de\/wordpress\/wp-json\/wp\/v2\/product_cat?post=1850"},{"taxonomy":"product_tag","embeddable":true,"href":"http:\/\/pc-direkthandel.de\/wordpress\/wp-json\/wp\/v2\/product_tag?post=1850"}],"curies":[{"name":"wp","href":"https:\/\/api.w.org\/{rel}","templated":true}]}}