{"id":1846,"date":"2019-09-17T14:42:53","date_gmt":"2019-09-17T12:42:53","guid":{"rendered":"http:\/\/pc-direkthandel.de\/wordpress\/?post_type=product&#038;p=1846"},"modified":"2019-11-07T15:55:39","modified_gmt":"2019-11-07T13:55:39","slug":"microsoft-visio-2019-standard-esd-key","status":"publish","type":"product","link":"http:\/\/pc-direkthandel.de\/wordpress\/product\/microsoft-visio-2019-standard-esd-key\/","title":{"rendered":"Microsoft Visio 2019 Standard (ESD &#038; Key)"},"content":{"rendered":"<p><strong>Diagramme ansprechend pr\u00e4sentieren &#8211; in Microsoft Visio Standard 2019<\/strong><\/p>\n<p>Visio\u00a0Standard 2019 ist sowohl zu Hause als auch f\u00fcr das B\u00fcro eine ideale Software, um Informationen in Diagrammen zu pr\u00e4sentieren. Die Software erlaubt die Generierung von Flussdiagrammen, Grundrissen,\u00a0Handlungsabl\u00e4ufen f\u00fcr Projekte und die Erstellung von\u00a0Konstruktionspl\u00e4nen. Alle Arten von Informationen, die sich in irgendeiner Weise mit Diagrammen abbilden lassen, f\u00fchlen sich in\u00a0Visio\u00a0Standard 2019 wie zu Hause. Gleichzeitig vertraut die Software auf die gewohnte Benutzeroberfl\u00e4che aller\u00a0Office-Produkte\u00a0aus dem Jahr 2016, sodass ein Einstieg sowohl f\u00fcr Umsteiger als auch Personen, die\u00a0Visio\u00a0zum ersten Mal einsetzen, problemlos m\u00f6glich sein sollte.<\/p>\n<p>Einfache Flussdiagramme, wie sie bei Projekten immer wieder eingesetzt werden, stehen im neuen\u00a0Microsoft\u00a0Visio\u00a0Standard 2019\u00a0in noch gr\u00f6\u00dferer Auswahl zur Verf\u00fcgung. Dies vereinfacht die Visualisierung: Anstelle langwieriger Arbeitsprozesse w\u00e4hlen Anwender unter Dutzenden von Vorlagen mit\u00a0insgesamt\u00a0Tausenden von Schablonen aus. Abh\u00e4ngig vom geplanten Einsatzzweck stehen damit genau diejenigen Diagramme zur Verf\u00fcgung, die f\u00fcr die Aufgabe am besten geeignet sind. Jene Diagramme lassen sich dann \u00fcber die Cloud auch mit anderen Personen teilen &#8211; etwa Mitarbeitern, die im\u00a0Home-Office\u00a0an dem selben Projekt arbeiten.<\/p>\n<p>Die Dateiformate, die\u00a0Microsoft\u00a0Visio\u00a0Standard 2019\u00a0unterst\u00fctzt, scannt das Programm in Echtzeit. Sobald sich die Inhalte einer Datei \u00e4ndern, deren Inhalt aktuell in einem Diagramm in\u00a0Visio\u00a0repr\u00e4sentiert wird, ver\u00e4ndert sich auch sofort die Darstellung innerhalb der Anwendung. Flie\u00dfen neue Informationen in die Datens\u00e4tze ein, hat dies somit direkt Auswirkungen auf das Diagramm in\u00a0Visio\u00a0Standard 2019. Alle fertigen Diagramme sind dann auch \u00fcber den Browser erreichbar. Es ist kein vorinstalliertes\u00a0Visio\u00a0notwendig, um sich ein fertiges Projekt und dessen Visualisierung anzusehen. Dies ist gut geeignet, um Diagramme mit Kunden und Gesch\u00e4ftspartnern zu teilen.<\/p>\n<p>In\u00a0Visio\u00a0Standard 2019 hat Microsoft unter anderem die intelligente Suche, die in der Vorg\u00e4ngerversion eingef\u00fchrt wurde, verfeinert. Personen, die mit dem Programm noch nicht vertraut sind, finden dadurch schneller diejenigen Funktionen, die zum gew\u00fcnschten Ziel f\u00fchren. Viele neue Effekte und Designs geben au\u00dferdem visuell denjenigen Ausschlag, der an bestimmten Formen notwendig ist, um eine Information als besonders pr\u00e4gnant herauszustellen. Dies eignet sich beispielsweise auch, um wiederkehrende Muster hervorzuheben oder Symbole, Farben und\u00a0Balkendiagramme\u00a0optisch ansprechend aufzubereiten. Selbst komplexe\u00a0Informationsreihen\u00a0lassen sich mit dem neuen\u00a0Visio\u00a0Standard 2019 damit visuell aufbereiten, um Daten verst\u00e4ndlich zu repr\u00e4sentieren.<\/p>\n<p>Mithilfe von\u00a0Microsoft\u00a0Visio\u00a0Standard 2019\u00a0produzierte Diagramme arbeiten au\u00dferdem\u00a0system\u00fcbergreifend. Das hei\u00dft: Diagramme sind an beinahe jedem Ger\u00e4t und unter Verwendung von jedem Betriebssystem einsehbar. Erm\u00f6glicht wird dies durch den\u00a0Browser-Support\u00a0f\u00fcr Diagramme und Apps, die unter anderem im Apple Store f\u00fcr Tablets wie das iPad Pro bereitstehen. Auf einem Touchscreen mit\u00a0Multitouch-Support\u00a0ist die Verwendung von Diagrammen damit besonders intuitiv, da der Anwender einfach mit dem Finger hinein- und wieder\u00a0herauszoomen\u00a0kann. Die Erstellung von Diagrammen erfolgt vielleicht am Computer &#8211; doch anschaulich pr\u00e4sentieren d\u00fcrfen Anwender sie an jedem Ger\u00e4t.<\/p>\n<p>Wie bei jedem neuen Produkt in der Familie von Office 2019 setzt\u00a0Microsoft auch f\u00fcr\u00a0Visio\u00a0Standard 2019\u00a0zwingend eine Installation von Windows 10 f\u00fcr die Erstellung von Diagrammen voraus. Die Verwendung der Software ist daher nur mit einer der Editionen von Windows 10 m\u00f6glich. Es handelt sich um einen Produktschl\u00fcssel f\u00fcr ein einziges Ger\u00e4t wie einen Desktop-PC oder ein Notebook. Microsoft garantiert neue Updates f\u00fcr diesen Produktschl\u00fcssel von\u00a0Visio\u00a0Standard 2019 f\u00fcr mindestens f\u00fcnf Jahre nach\u00a0Erscheinungsdatum\u00a0der Software.<\/p>\n","protected":false},"excerpt":{"rendered":"<p>Diagramme ansprechend pr\u00e4sentieren &#8211; in Microsoft Visio Standard 2019 Visio\u00a0Standard 2019 ist sowohl zu Hause als auch f\u00fcr das B\u00fcro eine ideale Software, um Informationen in Diagrammen zu pr\u00e4sentieren. Die Software erlaubt die Generierung von Flussdiagrammen, Grundrissen,\u00a0Handlungsabl\u00e4ufen f\u00fcr Projekte und die Erstellung von\u00a0Konstruktionspl\u00e4nen. Alle Arten von Informationen, die sich in irgendeiner Weise mit Diagrammen abbilden [&hellip;]<\/p>\n","protected":false},"featured_media":1847,"comment_status":"open","ping_status":"closed","template":"","meta":{"_acf_changed":false},"product_cat":[157],"product_tag":[],"acf":[],"jetpack_sharing_enabled":true,"_links":{"self":[{"href":"http:\/\/pc-direkthandel.de\/wordpress\/wp-json\/wp\/v2\/product\/1846"}],"collection":[{"href":"http:\/\/pc-direkthandel.de\/wordpress\/wp-json\/wp\/v2\/product"}],"about":[{"href":"http:\/\/pc-direkthandel.de\/wordpress\/wp-json\/wp\/v2\/types\/product"}],"replies":[{"embeddable":true,"href":"http:\/\/pc-direkthandel.de\/wordpress\/wp-json\/wp\/v2\/comments?post=1846"}],"wp:featuredmedia":[{"embeddable":true,"href":"http:\/\/pc-direkthandel.de\/wordpress\/wp-json\/wp\/v2\/media\/1847"}],"wp:attachment":[{"href":"http:\/\/pc-direkthandel.de\/wordpress\/wp-json\/wp\/v2\/media?parent=1846"}],"wp:term":[{"taxonomy":"product_cat","embeddable":true,"href":"http:\/\/pc-direkthandel.de\/wordpress\/wp-json\/wp\/v2\/product_cat?post=1846"},{"taxonomy":"product_tag","embeddable":true,"href":"http:\/\/pc-direkthandel.de\/wordpress\/wp-json\/wp\/v2\/product_tag?post=1846"}],"curies":[{"name":"wp","href":"https:\/\/api.w.org\/{rel}","templated":true}]}}