{"id":1844,"date":"2019-09-17T14:40:06","date_gmt":"2019-09-17T12:40:06","guid":{"rendered":"http:\/\/pc-direkthandel.de\/wordpress\/?post_type=product&#038;p=1844"},"modified":"2019-11-07T15:55:04","modified_gmt":"2019-11-07T13:55:04","slug":"microsoft-visio-2019-professional-esd-key","status":"publish","type":"product","link":"http:\/\/pc-direkthandel.de\/wordpress\/product\/microsoft-visio-2019-professional-esd-key\/","title":{"rendered":"Microsoft Visio 2019 Professional (ESD &#038; Key)"},"content":{"rendered":"<p><strong>Professionelle Diagrammverwaltung mit Microsoft Visio Professional 2019<\/strong><\/p>\n<p>Microsoft\u00a0Visio\u00a0bleibt auch in der Edition Professional 2019 das beste Werkzeug, um Diagramme in Unternehmen zu gestalten und sich dabei anhand verbreiteter\u00a0Branchenstandards\u00a0wie\u00a0IEEE\u00a0zu orientieren. Zus\u00e4tzlich hat Microsoft Tausende von Verbesserungen im Detail vorgenommen und neue Features eingef\u00fchrt, um vor allem die Bearbeitung von Projekten in gr\u00f6\u00dferen Teams zu erleichtern. Damit richtet sich die Software explizit an professionelle Anwender. Dennoch bleibt der bekannte leichte Einstieg in das Programm erhalten, was vor allem durch unz\u00e4hlige Vorlagen und das bew\u00e4hrte\u00a0Office-Interface\u00a0erzielt wird. Jeder K\u00e4ufer erh\u00e4lt weiterhin 2 GB kostenlosen Speicherplatz bei Microsofts eigener\u00a0Cloud-L\u00f6sung OneDrive.<\/p>\n<p>Die Generierung von Diagrammen ist in\u00a0Microsoft\u00a0Visio\u00a0Professional 2019\u00a0sofort nach Programmstart m\u00f6glich: Hunderte von Vorlagen, die auf einer Auswahl von mehr als 250.000 Formen basieren, stellen dies sicher. Da sich die\u00a0Desktop-Anwendung au\u00dferdem permanent selbst aktualisiert, werden neue Vorlagen regelm\u00e4\u00dfig hinzuf\u00fcgt. Fertige Diagramme teilen Anwender anschlie\u00dfend nicht nur als\u00a0Visio-Datens\u00e4tze, sondern auch \u00fcber das Internet: Dazu unterst\u00fctzt\u00a0Visio\u00a0Professional 2019 webbasierte Darstellungen von Diagrammen oder auch die Ausgabe als PDF-Datei f\u00fcr Nutzer, die\u00a0Visio\u00a0nicht auf ihrem Ger\u00e4t verwenden. Kommentare, die andere Anwender anschlie\u00dfend im Diagramm hinterlegen, sieht auch der Ersteller des Projekts augenblicklich und erh\u00e4lt dadurch Feedback.<\/p>\n<p>Speziell f\u00fcr\u00a0Visio\u00a0Professional 2019 und Windows 10 hat Microsoft au\u00dferdem die Unterst\u00fctzung f\u00fcr\u00a0Fingereingaben\u00a0und Stifte wie den Microsoft\u00a0Surface\u00a0Pen\u00a0verbessert. Diagramme lassen sich damit durch nat\u00fcrliche\u00a0Eingabemethoden\u00a0verfeinern, indem virtuelle Tinte oder auch die Finger genutzt werden, um Formen\u00a0einzuf\u00e4rben, zu verschieben und Diagramme neu anzuordnen. Dies erleichtert auch die Nutzung des Programms auf einem Tablet wie dem iPad Pro, f\u00fcr das eine gesonderte App im offiziellen Apple Store zur Verf\u00fcgung steht. Um mit anderen Personen besser zusammenzuarbeiten, wurden die Funktionen f\u00fcr Anmerkungen verbessert und die Integration von Skype for Business in die\u00a0Programmoberfl\u00e4che erweitert.<\/p>\n<p>Neue Daten werden direkt aus beliebten anderen Programmen wie Excel in\u00a0Microsoft\u00a0Visio\u00a0Professional 2019\u00a0importiert. Dies spart Zeit bei der Bearbeitung von Diagrammen, da manuelle Eingaben seltener werden. Um jene Diagramme anschlie\u00dfend mit Leben anzureichern und selbst gro\u00dfe Mengen aus Informationen \u00fcbersichtlich darzustellen, stehen unz\u00e4hlige Farben, Formen und Grafiken bereit, um den Fokus auf diejenigen Daten zu legen, die f\u00fcr den Betrachter wirklich wichtig sind. Zus\u00e4tzlich unterst\u00fctzt das Programm die Integration von Zeichnungen, die in der beliebten Software\u00a0AutoCAD\u00a0erstellt wurden. Auch dies erweitert den Funktionsumfang noch einmal betr\u00e4chtlich, da selbst komplexe Formen m\u00f6glich werden.<\/p>\n<p>Sobald sich Daten jeglicher Art \u00e4ndern, die zuvor bereits in das Diagramm integriert wurden, wird\u00a0Microsoft\u00a0Visio\u00a0Professional 2019\u00a0au\u00dferdem sofort die Darstellung des Projekts \u00e4ndern. Dazu scannt das Programm die eingebundenen Daten permanent &#8211; egal, woher diese stammen und ob diese lokal oder im Netzwerk zur Verf\u00fcgung stehen &#8211; und gibt \u00c4nderungen dann sofort an das aktuelle Diagramm weiter. Damit behalten alle Personen, die an diesem Projekt arbeiten, stets die \u00dcbersicht und arbeiten gemeinsam an einer einzigen Version dieses Diagramms. Der Verzicht auf manuelle Aktualisierungen erleichtert au\u00dferdem den Arbeitsprozess und spart langfristig viel Zeit.<\/p>\n<p>Microsoft hat\u00a0Visio\u00a0Professional 2019\u00a0so entwickelt, dass es ausschlie\u00dflich mit einer der Editionen von Windows 10 kompatibel ist. Es ist nicht m\u00f6glich, die Software mit einer \u00e4lteren\u00a0Windows-Version\u00a0auszuf\u00fchren. Weiterhin handelt es sich bei diesem Angebot um einen Produktschl\u00fcssel f\u00fcr einen Desktop-PC oder ein Notebook. Es fallen keine weiteren\u00a0Abo-Kosten\u00a0an. Microsoft garantiert, diese Software f\u00fcr mindestens f\u00fcnf Jahre mit Updates zu versorgen.<\/p>\n","protected":false},"excerpt":{"rendered":"<p>Professionelle Diagrammverwaltung mit Microsoft Visio Professional 2019 Microsoft\u00a0Visio\u00a0bleibt auch in der Edition Professional 2019 das beste Werkzeug, um Diagramme in Unternehmen zu gestalten und sich dabei anhand verbreiteter\u00a0Branchenstandards\u00a0wie\u00a0IEEE\u00a0zu orientieren. Zus\u00e4tzlich hat Microsoft Tausende von Verbesserungen im Detail vorgenommen und neue Features eingef\u00fchrt, um vor allem die Bearbeitung von Projekten in gr\u00f6\u00dferen Teams zu erleichtern. Damit [&hellip;]<\/p>\n","protected":false},"featured_media":1845,"comment_status":"open","ping_status":"closed","template":"","meta":{"_acf_changed":false},"product_cat":[157],"product_tag":[],"acf":[],"jetpack_sharing_enabled":true,"_links":{"self":[{"href":"http:\/\/pc-direkthandel.de\/wordpress\/wp-json\/wp\/v2\/product\/1844"}],"collection":[{"href":"http:\/\/pc-direkthandel.de\/wordpress\/wp-json\/wp\/v2\/product"}],"about":[{"href":"http:\/\/pc-direkthandel.de\/wordpress\/wp-json\/wp\/v2\/types\/product"}],"replies":[{"embeddable":true,"href":"http:\/\/pc-direkthandel.de\/wordpress\/wp-json\/wp\/v2\/comments?post=1844"}],"wp:featuredmedia":[{"embeddable":true,"href":"http:\/\/pc-direkthandel.de\/wordpress\/wp-json\/wp\/v2\/media\/1845"}],"wp:attachment":[{"href":"http:\/\/pc-direkthandel.de\/wordpress\/wp-json\/wp\/v2\/media?parent=1844"}],"wp:term":[{"taxonomy":"product_cat","embeddable":true,"href":"http:\/\/pc-direkthandel.de\/wordpress\/wp-json\/wp\/v2\/product_cat?post=1844"},{"taxonomy":"product_tag","embeddable":true,"href":"http:\/\/pc-direkthandel.de\/wordpress\/wp-json\/wp\/v2\/product_tag?post=1844"}],"curies":[{"name":"wp","href":"https:\/\/api.w.org\/{rel}","templated":true}]}}