{"id":1842,"date":"2019-09-17T14:17:21","date_gmt":"2019-09-17T12:17:21","guid":{"rendered":"http:\/\/pc-direkthandel.de\/wordpress\/?post_type=product&#038;p=1842"},"modified":"2019-11-07T15:54:01","modified_gmt":"2019-11-07T13:54:01","slug":"microsoft-project-2016-standard-esd-key","status":"publish","type":"product","link":"http:\/\/pc-direkthandel.de\/wordpress\/product\/microsoft-project-2016-standard-esd-key\/","title":{"rendered":"Microsoft Project 2016 Standard (ESD &#038; Key)"},"content":{"rendered":"<p>Project Standard 2016 gibt Ihnen jederzeit einen \u00dcberblick \u00fcber Ihre Projekte. Die umfangreichen Tools von Microsoft Project Standard 2016 unterst\u00fctzen Sie zuverl\u00e4ssig bei der Planung und Durchf\u00fchrung s\u00e4mtlicher Projekte und helfen bei der Dokumentation von Projektfortschritten. Analysieren Sie Ressourcen, Terminpl\u00e4ne und Budgets und stellen Sie so ein einfaches und reibungsloses Projektmanagement sicher. Project 2016 Standard bietet Ihnen oder Ihren Projektmanagern vielf\u00e4ltige M\u00f6glichkeiten Erfolge zu messen und Projekte in ihrer Gesamtheit im Auge zu behalten.<\/p>\n<p><strong>Umfassende Funktionen f\u00fcr zuverl\u00e4ssiges Projektmanagement<\/strong><\/p>\n<ul>\n<li>Planen und verwalten Sie Projekte mit Hilfe einfach anzuwendender Funktionen und behalten Sie stets den \u00dcberblick \u00fcber Ressourcen, Kosten und Arbeitsfortschritte.<\/li>\n<li>Die neusten Project-Vorlagen aus Office.com k\u00f6nnen Sie direkt aus Project Standard 2016 heraus aufrufen und so unverz\u00fcglich in die Planung Ihres neuen Projekts einsteigen.<\/li>\n<li>Die Office-\u00e4hnliche Oberfl\u00e4che von MS Project 2016 Standard bietet eine intuitive Navigation innerhalb des Programms.<\/li>\n<li>Die umfassenden Berichterstellungstools, wie beispielsweise Burndown-Berichte oder Ressourcen\u00fcbersichten, \u00a0lassen Sie ohne gro\u00dfen Aufwand den Projektfortschritt messen und erlauben eine zuverl\u00e4ssige \u00dcberpr\u00fcfung der Ressourcenzuteilung.<\/li>\n<li>Zusammenh\u00e4nge von Vorg\u00e4ngen k\u00f6nnen in Project Standard 2016 ganz einfach durch den Vorgangspfad im Gantt-Diagramm angezeigt werden, so dass Sie genau sehen k\u00f6nnen, welche Vorg\u00e4nge ihr Projekt vorantreiben.<\/li>\n<li>In der Zeitachsenansicht k\u00f6nnen Sie mehrere Zeitachsen nebeneinander stellen und diese grafisch aufarbeiten. Pr\u00e4sentationen \u00fcber den Projektverlauf sind zu jederzeit schnell erstellt.<\/li>\n<li>Ohne Qualit\u00e4tsverlust lassen sich Elemente aus Microsoft Project Standard 2016 in alle anderen Office Anwendungen einf\u00fcgen und dort bearbeiten. So haben Sie Ihre Daten schnell griffbereit und k\u00f6nnen sie f\u00fcr PowerPoint Pr\u00e4sentationen verwenden oder auch in Word Dokumente einf\u00fcgen.<\/li>\n<\/ul>\n<p><strong>Den \u00dcberblick \u00fcber Projekte behalten<\/strong><\/p>\n<p>Microsoft Project Standard 2016 bietet Ihnen viele verschiedene M\u00f6glichkeiten um Ihre Projekte effizient zu planen und zu verwalten. Organisieren Sie Ihre Projekte detailgenau und behalten Sie stets den \u00dcberblick \u00fcber Zeitpl\u00e4ne und Ressourcenverteilung. Mit den neusten Project-Vorlagen, die Sie direkt aus Project 2016 Standard heraus \u00fcber Office.com abrufen k\u00f6nnen, finden Sie einen schnellen Einstieg in die Erstellung von Projektpl\u00e4nen. Die verbesserte grafische Oberfl\u00e4che, die an Office 2016 angelehnt ist, erm\u00f6glicht eine schnelle Orientierung innerhalb des Programms. Fassen Sie in MS Project Standard 2016 alle t\u00e4glichen Arbeiten, wichtige Details, Projektvorg\u00e4nge und mehrere Zeitachsen auf der funktionalen Oberfl\u00e4che zusammen und \u00fcberschauen Sie so stets alle Kennzahlen mit nur einem Blick. Der im Gantt-Diagramm hervorgehobene Vorgangspfad, zeigt Ihnen die Zusammenh\u00e4nge Ihrer Vorg\u00e4nge. Dadurch zeigt Ihnen Microsoft Project 2016 Standard, welche Vorg\u00e4nge am wichtigsten f\u00fcr einen erfolgreichen Projektabschluss sind.<\/p>\n<p><strong>Projektfortschritte messen und Erfolge sicherstellen<\/strong><\/p>\n<p>In Microsoft Project Standard 2016 haben Sie permanent die M\u00f6glichkeit den Fortschritt Ihrer Projekte zu erfassen. Verschiedenen Messgr\u00f6\u00dfen lassen genau erkennen, welche Vorg\u00e4nge f\u00fcr das Erreichen den Projektziels essentiell sind. Erstellen Sie mit Project 2016 Standard regelm\u00e4\u00dfig aussagekr\u00e4ftige Pr\u00e4sentationen und gew\u00e4hren Sie Ihrem Projektteam oder dem Vorstand Einblicke in die Vorgangsplanung, die Ressourcenzuteilung, die Wirtschaftlichkeit und andere wichtige Bestandteile des Projekts. Die Projektmanagement-Software hilft Ihnen dabei, alle Kennzahlen Ihres Projekts in einer Zeitachsenansicht grafisch darzustellen. Messen Sie Fortschritte an Hand von vorgefertigten Berichten, wie beispielsweise Burndown-Berichten oder Ressourcen\u00fcbersichten, und teilen Sie diese unkompliziert \u00fcber MS Project Standard 2016 mit dem gesamten Team. So sind Sie in der Lage gemeinsam schnelle Ergebnisse zu erzielen und bestm\u00f6glich auf etwaige Probleme zu reagieren.<\/p>\n","protected":false},"excerpt":{"rendered":"<p>Project Standard 2016 gibt Ihnen jederzeit einen \u00dcberblick \u00fcber Ihre Projekte. Die umfangreichen Tools von Microsoft Project Standard 2016 unterst\u00fctzen Sie zuverl\u00e4ssig bei der Planung und Durchf\u00fchrung s\u00e4mtlicher Projekte und helfen bei der Dokumentation von Projektfortschritten. Analysieren Sie Ressourcen, Terminpl\u00e4ne und Budgets und stellen Sie so ein einfaches und reibungsloses Projektmanagement sicher. Project 2016 Standard [&hellip;]<\/p>\n","protected":false},"featured_media":1843,"comment_status":"open","ping_status":"closed","template":"","meta":{"_acf_changed":false},"product_cat":[157],"product_tag":[],"acf":[],"jetpack_sharing_enabled":true,"_links":{"self":[{"href":"http:\/\/pc-direkthandel.de\/wordpress\/wp-json\/wp\/v2\/product\/1842"}],"collection":[{"href":"http:\/\/pc-direkthandel.de\/wordpress\/wp-json\/wp\/v2\/product"}],"about":[{"href":"http:\/\/pc-direkthandel.de\/wordpress\/wp-json\/wp\/v2\/types\/product"}],"replies":[{"embeddable":true,"href":"http:\/\/pc-direkthandel.de\/wordpress\/wp-json\/wp\/v2\/comments?post=1842"}],"wp:featuredmedia":[{"embeddable":true,"href":"http:\/\/pc-direkthandel.de\/wordpress\/wp-json\/wp\/v2\/media\/1843"}],"wp:attachment":[{"href":"http:\/\/pc-direkthandel.de\/wordpress\/wp-json\/wp\/v2\/media?parent=1842"}],"wp:term":[{"taxonomy":"product_cat","embeddable":true,"href":"http:\/\/pc-direkthandel.de\/wordpress\/wp-json\/wp\/v2\/product_cat?post=1842"},{"taxonomy":"product_tag","embeddable":true,"href":"http:\/\/pc-direkthandel.de\/wordpress\/wp-json\/wp\/v2\/product_tag?post=1842"}],"curies":[{"name":"wp","href":"https:\/\/api.w.org\/{rel}","templated":true}]}}