{"id":1840,"date":"2019-09-17T14:15:37","date_gmt":"2019-09-17T12:15:37","guid":{"rendered":"http:\/\/pc-direkthandel.de\/wordpress\/?post_type=product&#038;p=1840"},"modified":"2019-11-07T15:52:03","modified_gmt":"2019-11-07T13:52:03","slug":"microsoft-project-2016-professional-esd-key","status":"publish","type":"product","link":"http:\/\/pc-direkthandel.de\/wordpress\/product\/microsoft-project-2016-professional-esd-key\/","title":{"rendered":"Microsoft Project 2016 Professional (ESD &#038; Key)"},"content":{"rendered":"<p>Selbst komplexe und umfangreiche Projekte lassen sich mit Project Professional 2016 detailgenau planen, \u00fcberwachen und durchf\u00fchren. Die beliebte Projektmanagement-Software von Microsoft unterst\u00fctzt Sie bei allen Aufgaben rund um die Realisierung Ihrer Projekte. Dabei bietet MS Project Professional vermehrt Funktionen f\u00fcr eine effizientere Teamarbeit an. Neben einer verbesserten Kommunikation via Skype for Business k\u00f6nnen Projekte in Microsoft Project Professional 2016 jetzt noch einfacher gemeinsam und flexibel bearbeitet werden, dank einer verbesserten Synchronisation mit SharePoint und Office 365. Nutzen Sie Project Professional 2016 um Ihre Projektziele immer im Blick zu haben.<\/p>\n<p><strong>Erweiterte Funktionen f\u00fcr effiziente Projektplanung<\/strong><\/p>\n<p>Neben den Funktionen der Standard Version verf\u00fcgt MS Project 2016 Professional \u00fcber zahlreiche erweiterte Funktionen, die besonders zur Planung von gr\u00f6\u00dferen Projekten und in Projektteams ein effizienteres Arbeiten erm\u00f6glichen. Dazu z\u00e4hlen unter anderem folgende Funktionen:<\/p>\n<ul>\n<li>\u00dcber Skype for Business k\u00f6nnen Sie direkt aus Project Professional 2016 heraus Teammitglieder anrufen oder mit ihnen chatten. Probleme k\u00f6nnen sofort er\u00f6rtert und Fragen gekl\u00e4rt werden.<\/li>\n<li>Durch die verbesserte Synchronisation mit SharePoint und Office 365 k\u00f6nnen Sie von nahezu \u00fcberall auf Ihre Projektinformationen zugreifen, diese bearbeiten und mit anderen Teammitgliedern \u00fcber eine dezidierte Projektwebsite teilen.<\/li>\n<li>Mit intelligenten Tools, wie dem Teamplaner und Ressourcenverhandlungen, k\u00f6nnen Sie in MS Project 2016 Professional potentielle Probleme fr\u00fchzeitig erkennen und gegensteuern, bevor der Terminplan in Gefahr ger\u00e4t.<\/li>\n<li>\u201eWas-w\u00e4re-wenn\u201c Szenarien helfen dabei, eventuelle Engp\u00e4sse vorherzusehen und zu handeln, bevor reale Probleme entstehen.<\/li>\n<li>Die Office-\u00e4hnliche Oberfl\u00e4che erleichtert die Orientierung innerhalb von Microsoft Project Professional 2016.<\/li>\n<\/ul>\n<p><strong>Projekte vorausschauend planen und \u00fcberwachen<\/strong><\/p>\n<p>Wichtige Projekte k\u00f6nnen Sie mit Project 2016 Professional effektiv verwalten. Die gro\u00dfe Anzahl an Planungstools erm\u00f6glicht Ihnen schon mit wenigen Klicks ein komplett neues Projekt anzulegen, dieses mit allen notwendigen Elementen zu versehen und den Fortschritt stetig zu \u00fcberwachen. Die verschiedenen M\u00f6glichkeiten zur Berichterstellung sorgen daf\u00fcr, dass Sie in MS Project Professional 2016 immer alle wichtigen Kennzahlen im Blick haben und schnell Pr\u00e4sentationen zum aktuellen Projektstatus erstellen k\u00f6nnen. Durch die im Gantt-Diagramm hervorgehobenen Vorgangspfade wissen Sie immer, in welchem Zusammenhang Vorg\u00e4nge stehen und welchen Stellenwert sie in der Projektabwicklung haben.<\/p>\n<p>Mit den intelligenten Werkzeugen von Microsoft Project Professional 2016 lassen sich Projekte vorausschauend planen. Der Teamplaner und die Ressourcenverhandlungen helfen Ihnen beispielsweise dabei eventuelle Engp\u00e4sse fr\u00fchzeitig zu erkennen und auf diese reagieren zu k\u00f6nnen. \u201eWas w\u00e4re wenn\u201c Szenarien zeigen Ihnen m\u00f6gliche Entwicklungen innerhalb des Projekts auf. Die Vorgangspfadanalyse in Project 2016 Professional erkennt potentielle Probleme, bevor sie real werden und hilft dabei L\u00f6sungen zu finden, um den Terminplan einhalten zu k\u00f6nnen.<\/p>\n<p><strong>Das Arbeiten im Team wird deutlich verbessert<\/strong><\/p>\n<p>In Echtzeit mit allen Teammitgliedern kommunizieren funktioniert in Project Professional 2016 ganz einfach \u00fcber Skype for Business. Schreiben Sie Ihren Teamkollegen einfach eine Chatnachricht oder rufen Sie sie direkt aus MS Project 2016 Professional an um Fragen zu stellen oder Probleme zu kl\u00e4ren. Durch die verbesserte Synchronisation mit SharePoint und Office 365 k\u00f6nnen Sie nun von \u00fcberall auf Ihre Projekte zugreifen. Besonders Vorgangs- und Aufgabenlisten sind nun noch einfacher zu bearbeiten und auf dem aktuellen Stand zu halten. \u00dcber eine schnell erstellte Projektwebsite k\u00f6nnen Informationen unkompliziert mit allen Beteiligten ausgetauscht werden. Mit Microsoft Project Professional 2016 erwerben Sie ein vollst\u00e4ndiges Projektmanagement-Tool, das besonders auf die Arbeit im Team ausgelegt ist und Ihre Projekte zielorientiert vorantreiben wird.<\/p>\n","protected":false},"excerpt":{"rendered":"<p>Selbst komplexe und umfangreiche Projekte lassen sich mit Project Professional 2016 detailgenau planen, \u00fcberwachen und durchf\u00fchren. Die beliebte Projektmanagement-Software von Microsoft unterst\u00fctzt Sie bei allen Aufgaben rund um die Realisierung Ihrer Projekte. Dabei bietet MS Project Professional vermehrt Funktionen f\u00fcr eine effizientere Teamarbeit an. Neben einer verbesserten Kommunikation via Skype for Business k\u00f6nnen Projekte in [&hellip;]<\/p>\n","protected":false},"featured_media":1841,"comment_status":"open","ping_status":"closed","template":"","meta":{"_acf_changed":false},"product_cat":[157],"product_tag":[],"acf":[],"jetpack_sharing_enabled":true,"_links":{"self":[{"href":"http:\/\/pc-direkthandel.de\/wordpress\/wp-json\/wp\/v2\/product\/1840"}],"collection":[{"href":"http:\/\/pc-direkthandel.de\/wordpress\/wp-json\/wp\/v2\/product"}],"about":[{"href":"http:\/\/pc-direkthandel.de\/wordpress\/wp-json\/wp\/v2\/types\/product"}],"replies":[{"embeddable":true,"href":"http:\/\/pc-direkthandel.de\/wordpress\/wp-json\/wp\/v2\/comments?post=1840"}],"wp:featuredmedia":[{"embeddable":true,"href":"http:\/\/pc-direkthandel.de\/wordpress\/wp-json\/wp\/v2\/media\/1841"}],"wp:attachment":[{"href":"http:\/\/pc-direkthandel.de\/wordpress\/wp-json\/wp\/v2\/media?parent=1840"}],"wp:term":[{"taxonomy":"product_cat","embeddable":true,"href":"http:\/\/pc-direkthandel.de\/wordpress\/wp-json\/wp\/v2\/product_cat?post=1840"},{"taxonomy":"product_tag","embeddable":true,"href":"http:\/\/pc-direkthandel.de\/wordpress\/wp-json\/wp\/v2\/product_tag?post=1840"}],"curies":[{"name":"wp","href":"https:\/\/api.w.org\/{rel}","templated":true}]}}