{"id":1829,"date":"2019-09-17T14:03:22","date_gmt":"2019-09-17T12:03:22","guid":{"rendered":"http:\/\/pc-direkthandel.de\/wordpress\/?post_type=product&#038;p=1829"},"modified":"2019-11-07T15:48:56","modified_gmt":"2019-11-07T13:48:56","slug":"microsoft-office-365-enterprise-e1-esd-key","status":"publish","type":"product","link":"http:\/\/pc-direkthandel.de\/wordpress\/product\/microsoft-office-365-enterprise-e1-esd-key\/","title":{"rendered":"Microsoft Office 365 Enterprise E1 (ESD &#038; Key)"},"content":{"rendered":"<p>Microsoft Office 365 Enterprise E1 wurde entwickelt, um die Anspr\u00fcche von Unternehmen zufriedenstellen. Enthalten sind sowohl typische Office-Applikationen wie Word, Excel und Outlook als auch verschiedene Tools f\u00fcr eine verbesserte Zusammenarbeit wie Skype, Yammer und Microsoft Teams. Eine Installation von Daten auf lokalen Ger\u00e4ten ist nicht notwendig. Es handelt sich \u00fcbergreifend um Web-Versionen, die der jeweilige Nutzer auf seinem Ger\u00e4t verwendet. Dies bedeutet, dass keinerlei Installation seitens der Administration im Unternehmen notwendig ist. Ein Microsoft Office 365 Enterprise E1 Key ist immer aktuell und wird vom Entwickler permanent mit Updates und neuen Funktionen im Rahmen des Abonnements zur Verf\u00fcgung gestellt.<\/p>\n<p>Jeder Nutzer, der einen Microsoft Office 365 Enterprise E1 Key besitzt und damit im Unternehmen zugriffsberechtigt ist, erh\u00e4lt eigene Postf\u00e4cher mit bis zu 50 GB Kapazit\u00e4t und Anlagen mit einer Gr\u00f6\u00dfe von bis zu 150 MB. Der Datenversand \u00fcber E-Mail ist innerhalb des Unternehmens damit kein Problem. Au\u00dferdem nutzen Anwender die vertraute Outlook-Oberfl\u00e4che auch im Weg, sodass keine langwierige Umstellung notwendig ist. Zus\u00e4tzlich ist es m\u00f6glich, Chats, Inhalte, Kontakte und mehr direkt \u00fcber Microsoft Office 365 Enterprise E1 zu teilen, um sie anderen Mitarbeitern zur Verf\u00fcgung zu stellen.<\/p>\n<p>Um auch Echtzeit-\u00dcbertragungen zu realisieren, sind Skype for Business und Microsoft Teams sowie Yammer integriert. HD-\u00dcbertragungen von Audio und Video sind damit m\u00f6glich, sofern die Internetverbindung die Anforderungen erf\u00fcllt. Live-Konferenzen k\u00f6nnen auf einem einzigen Ger\u00e4t mit bis zu 10.000 Teilnehmern veranstaltet werden, sodass auch unterschiedliche Unternehmenszweige an gro\u00dfen Events im Internet teilnehmen k\u00f6nnen. Diese Features sind allesamt ohne Installation direkt von PC, Tablet, Notebook oder anderen Ger\u00e4ten nutzbar, die \u00fcber einen kompatiblen Browser verf\u00fcgen. Damit ist Microsoft Office 365 Enterprise E1 ein geeignetes Werkzeug, um die Zusammenarbeit und die Weitergabe von Informationen vor allem in gro\u00dfen Unternehmen zu beschleunigen und zu vereinfachen.<\/p>\n<p>Das Teilen von Daten jeglicher Art wird durch die Integration von OneDrive for Business erleichtert. Darin enthalten ist 1 TB Kapazit\u00e4t im Cloud-Speicher von Microsoft. Der Zugriff darauf ist von \u00fcberall m\u00f6glich, sofern eine Internetverbindung vor Ort besteht. Jene Daten k\u00f6nnen auch mit anderen Mitarbeitern oder externen Kunden geteilt werden, um sie schnell verf\u00fcgbar zu machen. Der Umgang mit OneDrive unterscheidet sich dabei nicht von der Arbeit mit einer lokalen Festplatte auf dem Ger\u00e4t, was die Nutzung auch durch unerfahrene Nutzer deutlich vereinfacht. Durch die Steuerung von Gruppen- und Nutzerrichtlinien l\u00e4sst sich schnell festlegen, wer Zugriff auf welche Daten bekommt, was die Sicherheit deutlich erh\u00f6ht.<\/p>\n<p>Tauschen Sie zu guter Letzt Kalenderdaten, Kontaktadressen oder E-Mail-Informationen durch Exchange simpel im ganzen Unternehmen aus. Die Zeit der manuellen Synchronisation von Daten dieser Art ist durch einen Microsoft Office 365 Enterprise E1 Produktkey vorbei. Alle Mitarbeiter bleiben automatisch auf dem neuesten Stand und k\u00f6nnen in einer gro\u00dfen Datenbank nachschlagen und bei Bedarf Ver\u00e4nderungen vornehmen. Bei der Verwaltung von Kontakten in Outlook etwa steht jetzt immer fest, dass Mitarbeiter mit den derzeit aktuellsten Daten arbeiten.<\/p>\n","protected":false},"excerpt":{"rendered":"<p>Microsoft Office 365 Enterprise E1 wurde entwickelt, um die Anspr\u00fcche von Unternehmen zufriedenstellen. Enthalten sind sowohl typische Office-Applikationen wie Word, Excel und Outlook als auch verschiedene Tools f\u00fcr eine verbesserte Zusammenarbeit wie Skype, Yammer und Microsoft Teams. Eine Installation von Daten auf lokalen Ger\u00e4ten ist nicht notwendig. Es handelt sich \u00fcbergreifend um Web-Versionen, die der [&hellip;]<\/p>\n","protected":false},"featured_media":1830,"comment_status":"open","ping_status":"closed","template":"","meta":{"_acf_changed":false},"product_cat":[156,155],"product_tag":[],"acf":[],"jetpack_sharing_enabled":true,"_links":{"self":[{"href":"http:\/\/pc-direkthandel.de\/wordpress\/wp-json\/wp\/v2\/product\/1829"}],"collection":[{"href":"http:\/\/pc-direkthandel.de\/wordpress\/wp-json\/wp\/v2\/product"}],"about":[{"href":"http:\/\/pc-direkthandel.de\/wordpress\/wp-json\/wp\/v2\/types\/product"}],"replies":[{"embeddable":true,"href":"http:\/\/pc-direkthandel.de\/wordpress\/wp-json\/wp\/v2\/comments?post=1829"}],"wp:featuredmedia":[{"embeddable":true,"href":"http:\/\/pc-direkthandel.de\/wordpress\/wp-json\/wp\/v2\/media\/1830"}],"wp:attachment":[{"href":"http:\/\/pc-direkthandel.de\/wordpress\/wp-json\/wp\/v2\/media?parent=1829"}],"wp:term":[{"taxonomy":"product_cat","embeddable":true,"href":"http:\/\/pc-direkthandel.de\/wordpress\/wp-json\/wp\/v2\/product_cat?post=1829"},{"taxonomy":"product_tag","embeddable":true,"href":"http:\/\/pc-direkthandel.de\/wordpress\/wp-json\/wp\/v2\/product_tag?post=1829"}],"curies":[{"name":"wp","href":"https:\/\/api.w.org\/{rel}","templated":true}]}}