{"id":1826,"date":"2019-09-17T14:01:24","date_gmt":"2019-09-17T12:01:24","guid":{"rendered":"http:\/\/pc-direkthandel.de\/wordpress\/?post_type=product&#038;p=1826"},"modified":"2019-11-07T15:48:34","modified_gmt":"2019-11-07T13:48:34","slug":"microsoft-office-365-enterprise-e5-esd-key","status":"publish","type":"product","link":"http:\/\/pc-direkthandel.de\/wordpress\/product\/microsoft-office-365-enterprise-e5-esd-key\/","title":{"rendered":"Microsoft Office 365 Enterprise E5 (ESD &#038; Key)"},"content":{"rendered":"<p>Jeder Microsoft Office 365 Enterprise E5 Produktschl\u00fcssel ist ausgestattet mit vollwertigen Versionen von Word, Excel, PowerPoint, Publisher, Outlook, OneNote und Access sowie den Anwendungen SharePoint, Skype for Business und OneDrive for Business. Damit ist in diesem Paket alles enthalten, was Mitarbeiter in Unternehmen f\u00fcr die Zusammenarbeit an Projekten jeglicher Art ben\u00f6tigen. Von Design \u00fcber Tabellen und Dokumente bis zu Pr\u00e4sentationen oder die Verwaltung gro\u00dfer SQL-Datenbanken ist die komplette Office-Suite sowohl f\u00fcr PC- als auch Mac-Anwender enthalten. Bei Bedarf k\u00f6nnen alle Anwendungen sowohl lokal installiert oder \u00fcber das Internet als Web-Applikation genutzt werden, soweit verf\u00fcgbar.<\/p>\n<p>Microsoft aktualisiert f\u00fcr jeden Microsoft Office 365 Enterprise E5 Download alle Anwendungen automatisch. Jeder Nutzer ist zur Installation von Word, Excel, PowerPoint, Outlook, Publisher, OneNote und Access auf 5 PCs oder Macs berechtigt und von Word, Excel, PowerPoint, Outlook, Publisher und OneNote auf 10 mobilen Ger\u00e4ten (5 Tablets und 5 Smartphones). Sobald f\u00fcr die jeweils installierten Anwendungen neue Updates zur Verf\u00fcgung stehen, werden diese automatisch verteilt, ohne dass der Nutzer eingreifen muss. Dies erh\u00f6ht langfristig die Sicherheit beim Umgang mit den diversen Office-Produkten.<\/p>\n<p>Um Daten intern und extern zu teilen, ist OneDrive for Business in Microsoft Office 365 Enterprise E5 integriert. Microsoft limitiert den Speicherplatz dabei nicht, sodass Mitarbeiter unendliche Datenmengen \u00fcber das Internet teilen k\u00f6nnen. Auch der Offline-Zugriff auf alle Daten ist damit m\u00f6glich. Dokumente jeglicher Art lassen sich \u00fcber OneDrive mit jeder Person teilen, die einen Link f\u00fcr den Download der jeweiligen Daten erh\u00e4lt. Zus\u00e4tzlich bekommt jeder Anwender mit Microsoft Office 365 Enterprise E5 Key einen Posteingang mit 50 GB Kapazit\u00e4t und 150 MB gro\u00dfen Datenanh\u00e4ngen direkt auf den Servern von Microsoft. Es ist keine Installation eigener Server notwendig.<\/p>\n<p>Um mit anderen Mitarbeitern zusammenzuarbeiten, sind Skype for Business und Yammer Teil des Pakets. Damit lassen sich Audiokonferenzen auch ohne vorherigen Installation von Software \u00fcber jegliche Distanzen abhalten. Live-Konferenzen mit bis zu 10.000 Teilnehmern gleichzeitig lassen auch gr\u00f6\u00dferen Betrieben die Option, mehrere Zweigstellen gleichzeitig an wichtigen Online-Events teilnehmen zu lassen. Ebenfalls \u00fcber die Cloud stellt Microsoft Web-Versionen der beliebtesten Office-Produkte wie Word und Excel zur Verf\u00fcgung, um von unterwegs auch auf Smartphones ohne lokale Office-Installation auf diese Tools zuzugreifen. Der Kontaktdatenaustausch hingegen wird \u00fcber Exchange-Server erleichtert, die in Outlook eingebunden werden und sich anschlie\u00dfend um die Datensynchronisation k\u00fcmmern.<\/p>\n<p>Auch f\u00fcr spezialisierte IT-Unternehmen stellt Microsoft mit diesem Programmpaket alle wichtigen Features zur Verf\u00fcgung. Microsoft Flow k\u00fcmmert sich um die automatische Abarbeitung wiederkehrender Workflows, w\u00e4hrend Mitarbeiter in PowerApps gro\u00dfe Programme f\u00fcr Web und Mobilger\u00e4te schreiben k\u00f6nnen. Applikationen, die auf Vorlagen basieren, sind damit ebenso umsetzbar wie Programme, die zu 100 % den Vorgaben des Unternehmens entsprechen. Die Verbindung mit Sway erlaubt zu guter Letzt die ansprechende Pr\u00e4sentation von Programmen und Informationen aller Art in Erz\u00e4hlungen, die grafisch aufbereitet werden und direkt im Web stattfinden &#8211; wieder komplett ohne lokale Installation und verf\u00fcgbar auf allen Endger\u00e4ten.<\/p>\n","protected":false},"excerpt":{"rendered":"<p>Jeder Microsoft Office 365 Enterprise E5 Produktschl\u00fcssel ist ausgestattet mit vollwertigen Versionen von Word, Excel, PowerPoint, Publisher, Outlook, OneNote und Access sowie den Anwendungen SharePoint, Skype for Business und OneDrive for Business. Damit ist in diesem Paket alles enthalten, was Mitarbeiter in Unternehmen f\u00fcr die Zusammenarbeit an Projekten jeglicher Art ben\u00f6tigen. Von Design \u00fcber Tabellen [&hellip;]<\/p>\n","protected":false},"featured_media":1827,"comment_status":"open","ping_status":"closed","template":"","meta":{"_acf_changed":false},"product_cat":[156,155],"product_tag":[],"acf":[],"jetpack_sharing_enabled":true,"_links":{"self":[{"href":"http:\/\/pc-direkthandel.de\/wordpress\/wp-json\/wp\/v2\/product\/1826"}],"collection":[{"href":"http:\/\/pc-direkthandel.de\/wordpress\/wp-json\/wp\/v2\/product"}],"about":[{"href":"http:\/\/pc-direkthandel.de\/wordpress\/wp-json\/wp\/v2\/types\/product"}],"replies":[{"embeddable":true,"href":"http:\/\/pc-direkthandel.de\/wordpress\/wp-json\/wp\/v2\/comments?post=1826"}],"wp:featuredmedia":[{"embeddable":true,"href":"http:\/\/pc-direkthandel.de\/wordpress\/wp-json\/wp\/v2\/media\/1827"}],"wp:attachment":[{"href":"http:\/\/pc-direkthandel.de\/wordpress\/wp-json\/wp\/v2\/media?parent=1826"}],"wp:term":[{"taxonomy":"product_cat","embeddable":true,"href":"http:\/\/pc-direkthandel.de\/wordpress\/wp-json\/wp\/v2\/product_cat?post=1826"},{"taxonomy":"product_tag","embeddable":true,"href":"http:\/\/pc-direkthandel.de\/wordpress\/wp-json\/wp\/v2\/product_tag?post=1826"}],"curies":[{"name":"wp","href":"https:\/\/api.w.org\/{rel}","templated":true}]}}