{"id":1819,"date":"2019-09-17T13:47:31","date_gmt":"2019-09-17T11:47:31","guid":{"rendered":"http:\/\/pc-direkthandel.de\/wordpress\/?post_type=product&#038;p=1819"},"modified":"2019-11-07T15:46:57","modified_gmt":"2019-11-07T13:46:57","slug":"microsoft-office-365-business-premium-esd-key","status":"publish","type":"product","link":"http:\/\/pc-direkthandel.de\/wordpress\/product\/microsoft-office-365-business-premium-esd-key\/","title":{"rendered":"Microsoft Office 365 Business Premium (ESD &#038; Key)"},"content":{"rendered":"<p>Microsoft Office 365 Business Premium ist die Einstiegsl\u00f6sung f\u00fcr kleine und mittelst\u00e4ndische Unternehmen, die nach einem Softwarepaket suchen, mit dem sich die interne und externe Kommunikation auf ein neues Level heben l\u00e4sst. Neben &#8222;OneDrive for Business&#8220; mit 1 TB Cloudspeicher pro Benutzer, &#8222;Skype for Business&#8220;, dem Networking-Tool &#8222;Yammer&#8220; und Microsoft &#8222;SharePoint&#8220; \u00fcberzeugt das Paket durch das sichere E-Mail-Hosting mit &#8222;Exchange Online&#8220;. Abgerundet wird das Office-Paket durch den bequemen Web-Zugriff auf die Online-Versionen der leistungsstarken Standard-Tools Word, Excel und PowerPoint. Mit dem &#8222;Plan&#8220; Microsoft Office 365 Business Premium verbindet die Softwareschmiede aus Seattle die Vorz\u00fcge des &#8222;Einstiegstarifs&#8220; Business Essentials und dem &#8222;Tarif&#8220; Office 365 Business. Damit profitieren Kunden unter anderem von der Nutzung der Desktop-Versionen der leistungsstarken Office-Tools Word, Excel, PowerPoint, Access, Outlook und Co in der 2019er-Auflage.<\/p>\n<p>Dank des gro\u00dfz\u00fcgigen, nutzergebundenen Lizenzsystems, hat jeder Benutzer die M\u00f6glichkeit, die Programme jeweils auf bis zu 5 Computer oder Macs, 5 Tablet-PCs sowie auf 5 Smartphones zu installieren. Und wem auch das noch nicht genug ist, der kann \u00fcber jeden beliebigen Webbrowser auf die Online-Versionen von Word, Excel, PowerPoint und OneNote zugreifen, die mit den Desktop-Versionen vollst\u00e4ndig kompatibel sind. Mehr Flexibilit\u00e4t geht nicht.<\/p>\n<p><strong>Interne und externe Kommunikation auf einem neuen Niveau<\/strong><\/p>\n<p>Microsofts Rundum-sorglos-Paket f\u00fcr kleine und mittelst\u00e4ndische Unternehmen mit bis zu 300 Mitarbeitern \u00fcberzeugt durch m\u00e4chtige Kommunikations-Tools wie das E-Mail-Hosting \u00fcber Exchange Online, das jedem Benutzer E-Mail-Adressen mit eigener Domain sowie ein Postfach mit stolzen 50 GB Speicher beschert. Hinzu kommt der 1 TB gro\u00dfe OneDrive-Cloudspeicher f\u00fcr die reibungslose Freigabe und Ablage von Daten auf bestens gesicherten Servern.<\/p>\n<p>Dank Full-HD-Unterst\u00fctzung, pers\u00f6nlicher Teilnehmer-Links und einer maximalen Anzahl von 250 Besprechungsteilnehmern setzt auch Skype for Business neue Ma\u00dfst\u00e4be f\u00fcr die unkomplizierte Kommunikation mit Kunden und Kollegen. Abgerundet wird die Funktionsvielfalt durch kollaborative Tools wie SharePoint, Yammer, Microsoft Teams sowie Microsoft StaffHub zur komfortablen Teamorganisation.<\/p>\n<p><strong>Exklusive Features von Microsoft Office 365 Business Premium<\/strong><\/p>\n<p>Zus\u00e4tzlich zu den Leistungen der beiden &#8222;kleineren&#8220; Tarife wartet Office 365 Business Premium mit diversen Exklusiv-Funktionen auf. Dazu z\u00e4hlt neben dem Online-Terminplaner Microsoft Bookings f\u00fcr die unkomplizierte Kundenterminplanung auch der Outlook Customer Manager, mit dessen Hilfe Unternehmen spezifische Kundendaten einfach finden und pflegen k\u00f6nnen.<\/p>\n","protected":false},"excerpt":{"rendered":"<p>Microsoft Office 365 Business Premium ist die Einstiegsl\u00f6sung f\u00fcr kleine und mittelst\u00e4ndische Unternehmen, die nach einem Softwarepaket suchen, mit dem sich die interne und externe Kommunikation auf ein neues Level heben l\u00e4sst. Neben &#8222;OneDrive for Business&#8220; mit 1 TB Cloudspeicher pro Benutzer, &#8222;Skype for Business&#8220;, dem Networking-Tool &#8222;Yammer&#8220; und Microsoft &#8222;SharePoint&#8220; \u00fcberzeugt das Paket durch [&hellip;]<\/p>\n","protected":false},"featured_media":1820,"comment_status":"open","ping_status":"closed","template":"","meta":{"_acf_changed":false},"product_cat":[156,155],"product_tag":[],"acf":[],"jetpack_sharing_enabled":true,"_links":{"self":[{"href":"http:\/\/pc-direkthandel.de\/wordpress\/wp-json\/wp\/v2\/product\/1819"}],"collection":[{"href":"http:\/\/pc-direkthandel.de\/wordpress\/wp-json\/wp\/v2\/product"}],"about":[{"href":"http:\/\/pc-direkthandel.de\/wordpress\/wp-json\/wp\/v2\/types\/product"}],"replies":[{"embeddable":true,"href":"http:\/\/pc-direkthandel.de\/wordpress\/wp-json\/wp\/v2\/comments?post=1819"}],"wp:featuredmedia":[{"embeddable":true,"href":"http:\/\/pc-direkthandel.de\/wordpress\/wp-json\/wp\/v2\/media\/1820"}],"wp:attachment":[{"href":"http:\/\/pc-direkthandel.de\/wordpress\/wp-json\/wp\/v2\/media?parent=1819"}],"wp:term":[{"taxonomy":"product_cat","embeddable":true,"href":"http:\/\/pc-direkthandel.de\/wordpress\/wp-json\/wp\/v2\/product_cat?post=1819"},{"taxonomy":"product_tag","embeddable":true,"href":"http:\/\/pc-direkthandel.de\/wordpress\/wp-json\/wp\/v2\/product_tag?post=1819"}],"curies":[{"name":"wp","href":"https:\/\/api.w.org\/{rel}","templated":true}]}}