{"id":1815,"date":"2019-09-17T13:35:15","date_gmt":"2019-09-17T11:35:15","guid":{"rendered":"http:\/\/pc-direkthandel.de\/wordpress\/?post_type=product&#038;p=1815"},"modified":"2019-11-07T15:45:32","modified_gmt":"2019-11-07T13:45:32","slug":"microsoft-office-365-personal-esd-key","status":"publish","type":"product","link":"http:\/\/pc-direkthandel.de\/wordpress\/product\/microsoft-office-365-personal-esd-key\/","title":{"rendered":"Microsoft Office 365 Personal (ESD &#038; Key)"},"content":{"rendered":"<p>Office 365 Personal ist ein komplettes B\u00fcropaket f\u00fcr einzelne Anwender, die die unterschiedlichen Programme von Office Personal 365 entweder f\u00fcr den privaten oder beruflichen Gebrauch ben\u00f6tigen. Im Funktionsumfang ist Microsoft Office 365 Personal mit teureren Editionen identisch. Der Unterschied besteht im Wesentlich darin, dass Sie nur eine Produktschl\u00fcssel f\u00fcr einen einzigen Arbeitsplatz erwerben.<\/p>\n<p><strong>Microsoft Office Personal 365 enthaltene Programme:<\/strong><\/p>\n<ul>\n<li>Word in Microsoft 365 Personal ist f\u00fcr die Arbeit mit Dokumenten geeignet.<\/li>\n<li>Excel ist ein umfangreiches Tool f\u00fcr die Tabellenerstellung und -verwaltung.<\/li>\n<li>PowerPoint als Teil von Microsoft 365 Personal erleichtert Ihnen die Erstellung auch komplexer Pr\u00e4sentationen.<\/li>\n<li>OneNote ist ein virtuelles Notizbuch, das Sie auf Tablets auch mit einem Stift einsetzen k\u00f6nnen.<\/li>\n<li>Outlook hilft bei der Verwaltung Ihrer Kontakte und diversen E-Mail-Konten<\/li>\n<li>Access ist die ideale L\u00f6sung, um Datenbanken zu erstellen, zu erweitern oder zu verwalten. (nur PC)<\/li>\n<li>Publisher greift Ihnen beim Entwerfen komplexer Designs f\u00fcr Prospekte und \u00e4hnliche Dokumente unter die Arme. (nur PC)<\/li>\n<\/ul>\n<p>Microsoft 365 Personal ist aufgrund der hohen Anzahl einzelner Programme auch f\u00fcr sehr hohe Anspr\u00fcche geeignet, um Arbeit schneller und effizienter zu erledigen und den Alltag damit produktiver zu gestalten. Sollten Sie von einer vorherigen Version ab Office 2007 umsteigen, werden Sie sich aufgrund der \u00e4hnlichen Oberfl\u00e4che sofort in Microsoft Office 365 Personal zurechtfinden.<\/p>\n<p><strong>Wichtige Features in Microsoft Office Personal 365<\/strong><\/p>\n<ul>\n<li>Ein neuer Assistent hilft Ihnen dabei, sich sofort in Office Personal 365 zurechtzufinden.<\/li>\n<li>Nutzen Sie OneDrive, um mit Office 365 Personal erstellte Dokumente effizient und einfach zu teilen.<\/li>\n<li>Erhalten Sie durch ein Abonnement von Microsoft Office Personal 365 stets die neuesten Varianten aller Programme.<\/li>\n<li>Verwenden Sie Office Personal 365 auf einem Tablet oder Smartphone durch optional konfigurierbare Touch-Kompatibilit\u00e4t.<\/li>\n<li>Nutzen Sie Microsoft 365 Personal f\u00fcr einen festgelegten Zeitraum und bezahlen Sie keinen Euro zu viel.<\/li>\n<\/ul>\n<p><strong>Verwenden Sie Office Personal 365 wo und wann Sie wollen<\/strong><\/p>\n<p>Um Microsoft Office 365 Personal zu verwenden, loggen Sie sich einfach auf der Office-Webseite ein und laden Sie es anschlie\u00dfend herunter. Ein physischer Datentr\u00e4ger entf\u00e4llt und Sie k\u00f6nnen Office 365 Personal \u00fcberall nutzen, wo Ihnen ein Internetanschluss f\u00fcr die Installation von Microsoft 365 Personal zur Verf\u00fcgung steht. Da viele Programmteile w\u00e4hrend der Installation von Microsoft Office Personal 365 gestreamt werden, k\u00f6nnen Sie diese bereits nutzen, auch wenn das komplette Paket noch nicht installiert ist.<\/p>\n<p>Weiterhin sind Sie durch Microsoft Office Personal 365 nicht mehr an ein bestimmtes Ger\u00e4t gebunden: Sie k\u00f6nnen Microsoft 365 Personal auf Windows-Computern oder Ger\u00e4ten mit MacOS X verwenden. Au\u00dferdem lassen sich diese Programme auch auf Tablets mit Windows, iOS oder Android nutzen. Gleichzeitig sind Sie durch den Erwerb von Microsoft Office 365 Personal f\u00fcr alle zuk\u00fcnftigen Office-Updates berechtigt. Sie verwenden mit Microsoft Office 365 Personal also stets die aktuellsten und schnellsten Versionen des Office-Pakets.<\/p>\n<p><strong>OneDrive und Microsoft Office 365 Personal: Arbeiten Sie online!<\/strong><\/p>\n<p>Durch Microsoft Office Personal 365 entscheiden Sie sich f\u00fcr ein Abonnement: Kaufen und nutzen Sie Office 365 Personal solange, wie Sie es f\u00fcr richtig halten. M\u00f6chten Sie Office Personal 365 nicht mehr verwenden, beenden Sie das Abonnement. Sie bezahlen nur f\u00fcr den Zeitraum, den Sie wirklich ben\u00f6tigen. Weiterhin erhalten Sie durch Office 365 Personal Zugriff auf 1 Terabyte kostenlosen Speicherplatz in Microsofts Cloud-Speicher OneDrive. Sie k\u00f6nnen Dokumente, welche Sie mit Office 365 Personal erstellen, dadurch bequem online archivieren und\/oder mit Freunden, Bekannten und Kollegen teilen. Zus\u00e4tzlich berechtigt Sie das Abonnement von Office Personal 365 zu 60 Skype-Minuten monatlich in das deutsche Festnetz.<\/p>\n","protected":false},"excerpt":{"rendered":"<p>Office 365 Personal ist ein komplettes B\u00fcropaket f\u00fcr einzelne Anwender, die die unterschiedlichen Programme von Office Personal 365 entweder f\u00fcr den privaten oder beruflichen Gebrauch ben\u00f6tigen. Im Funktionsumfang ist Microsoft Office 365 Personal mit teureren Editionen identisch. Der Unterschied besteht im Wesentlich darin, dass Sie nur eine Produktschl\u00fcssel f\u00fcr einen einzigen Arbeitsplatz erwerben. Microsoft Office [&hellip;]<\/p>\n","protected":false},"featured_media":1816,"comment_status":"open","ping_status":"closed","template":"","meta":{"_acf_changed":false},"product_cat":[156,155],"product_tag":[],"acf":[],"jetpack_sharing_enabled":true,"_links":{"self":[{"href":"http:\/\/pc-direkthandel.de\/wordpress\/wp-json\/wp\/v2\/product\/1815"}],"collection":[{"href":"http:\/\/pc-direkthandel.de\/wordpress\/wp-json\/wp\/v2\/product"}],"about":[{"href":"http:\/\/pc-direkthandel.de\/wordpress\/wp-json\/wp\/v2\/types\/product"}],"replies":[{"embeddable":true,"href":"http:\/\/pc-direkthandel.de\/wordpress\/wp-json\/wp\/v2\/comments?post=1815"}],"wp:featuredmedia":[{"embeddable":true,"href":"http:\/\/pc-direkthandel.de\/wordpress\/wp-json\/wp\/v2\/media\/1816"}],"wp:attachment":[{"href":"http:\/\/pc-direkthandel.de\/wordpress\/wp-json\/wp\/v2\/media?parent=1815"}],"wp:term":[{"taxonomy":"product_cat","embeddable":true,"href":"http:\/\/pc-direkthandel.de\/wordpress\/wp-json\/wp\/v2\/product_cat?post=1815"},{"taxonomy":"product_tag","embeddable":true,"href":"http:\/\/pc-direkthandel.de\/wordpress\/wp-json\/wp\/v2\/product_tag?post=1815"}],"curies":[{"name":"wp","href":"https:\/\/api.w.org\/{rel}","templated":true}]}}