{"id":1813,"date":"2019-09-17T13:30:43","date_gmt":"2019-09-17T11:30:43","guid":{"rendered":"http:\/\/pc-direkthandel.de\/wordpress\/?post_type=product&#038;p=1813"},"modified":"2019-11-07T15:45:01","modified_gmt":"2019-11-07T13:45:01","slug":"microsoft-office-365-home-esd-key","status":"publish","type":"product","link":"http:\/\/pc-direkthandel.de\/wordpress\/product\/microsoft-office-365-home-esd-key\/","title":{"rendered":"Microsoft Office 365 Home (ESD &#038; Key)"},"content":{"rendered":"<p>Office 365 Home versorgt Sie mit einem umfassenden Softwarepaket, das f\u00fcr typische B\u00fcroarbeiten von Privatanwender geeignet ist. Durch die Verwendung eines Abo-Modells f\u00fcr die Bezahlung erhalten Sie stets Zugriff auf die derzeit aktuellsten Programme im Office-Paket &#8211; unabh\u00e4ngig davon, wann Sie Office Home 365 gekauft haben oder wo Sie sich gerade befinden.<\/p>\n<p><strong>Bestandteile von Microsoft Office 365 Home<\/strong><\/p>\n<p>Wenn Sie sich f\u00fcr den Kauf von Microsoft Office Home entscheiden, bekommen Sie sofortigen Zugriff auf folgende Programme:<\/p>\n<ul>\n<li>Word &#8211; unterst\u00fctzt Sie bei der Arbeit mit Dokumenten.<\/li>\n<li>Excel &#8211; ist f\u00fcr die Erstellung und Verwaltung von Tabellen geeignet.<\/li>\n<li>OneNote &#8211; ist Ihr permanent verf\u00fcgbares Notizbuch, das Sie auch mit einem Stift bearbeiten k\u00f6nnen.<\/li>\n<li>Outlook &#8211; erleichtert Ihnen den Umgang mit E-Mails und Kontakten.<\/li>\n<li>PowerPoint &#8211; ist ideal geeignet, um Pr\u00e4sentationen f\u00fcr Freunde oder Arbeitskollegen zu entwerfen.<\/li>\n<li>Access &#8211; versorgt Sie mit den notwendigen Tools, um Datenbanken zu erstellen und zu verwalten (nur PC).<\/li>\n<li>Publisher &#8211; hilft Ihnen beim Entwerfen moderner Designs f\u00fcr Prospekte, Flyer und \u00e4hnliche Dokumente (nur PC).<\/li>\n<\/ul>\n<p>Office 365 Home k\u00f6nnen Sie sowohl f\u00fcr den sprichw\u00f6rtlichen &#8222;Papierkram&#8220; als auch umfassende Arbeiten verwenden. Die intuitive Oberfl\u00e4che aller Applikationen in Microsoft Office Home sorgt daf\u00fcr, dass Sie sich als Umsteiger vorheriger Versionen sofort zurechtfinden werden.<\/p>\n<p><strong>Microsoft Office 365 Home: \u00fcberall und jederzeit verf\u00fcgbar<\/strong><\/p>\n<p>Die Installation von Office Home 365 erfolgt ganz einfach \u00fcber die Office-Webseite, sodass Sie das Programmpaket auf jedem beliebigen Ger\u00e4t installieren k\u00f6nnen, sofern ein Internetanschluss vorhanden ist. Dadurch sind Sie nicht mehr auf separate Datentr\u00e4ger angewiesen und k\u00f6nnen durch Microsoft Office Home an jedem beliebigen Ort produktiv arbeiten. Weiterhin erhalten Sie durch Office 365 Home ein Abonnement-gest\u00fctztes Zahlungsverfahren.<\/p>\n<p><strong>Neue Funktionen in Microsoft Office 365 Home:<\/strong><\/p>\n<ul>\n<li>Verwenden Sie Microsoft Office 365 Home, um \u00fcber OneDrive gleichzeitig mit anderen Nutzern an Dokumenten zu arbeiten.<\/li>\n<li>Durch den Kauf von Office Home 365 erhalten Sie kostenlos 1 Terabyte Speicherkapazit\u00e4t f\u00fcr Microsofts OneDrive-Cloudspeicher sowie 60 kostenlose Gespr\u00e4chsminuten \u00fcber Skype in das deutsche Festnetz pro Monat.<\/li>\n<li>Profitieren Sie von einem neuen Assistenten in Microsoft Office Home, der Ihnen bei h\u00e4ufig gestellten Fragen zur Seite steht.<\/li>\n<li>Nutzen Sie Office 365 Home unterwegs: Durch eine optionale Touch-Eingabe sind alle Applikationen auch f\u00fcr die Verwendung mit einem Tablet oder \u00e4hnlichen Ger\u00e4ten geeignet.<\/li>\n<\/ul>\n<p><strong>Teilen Sie Office 365 Home\u00a0<\/strong><\/p>\n<p>Mit dem Erwerb von Office Home 365 erhalten Sie auch das Recht, das Programmpaket auf bis zu sechs Computern in Ihrem Haushalt zu installieren &#8211; egal ob Windows-PC oder Mac. Microsoft Office 365 Home ist somit besonders f\u00fcr Familien mit mehreren Ger\u00e4ten geeignet. Es handelt sich um eine der g\u00fcnstigsten L\u00f6sungen, stets ein vollst\u00e4ndiges und aktuelles Office Paket nutzen zu k\u00f6nnen.<\/p>\n","protected":false},"excerpt":{"rendered":"<p>Office 365 Home versorgt Sie mit einem umfassenden Softwarepaket, das f\u00fcr typische B\u00fcroarbeiten von Privatanwender geeignet ist. Durch die Verwendung eines Abo-Modells f\u00fcr die Bezahlung erhalten Sie stets Zugriff auf die derzeit aktuellsten Programme im Office-Paket &#8211; unabh\u00e4ngig davon, wann Sie Office Home 365 gekauft haben oder wo Sie sich gerade befinden. Bestandteile von Microsoft [&hellip;]<\/p>\n","protected":false},"featured_media":1814,"comment_status":"open","ping_status":"closed","template":"","meta":{"_acf_changed":false},"product_cat":[156,155],"product_tag":[],"acf":[],"jetpack_sharing_enabled":true,"_links":{"self":[{"href":"http:\/\/pc-direkthandel.de\/wordpress\/wp-json\/wp\/v2\/product\/1813"}],"collection":[{"href":"http:\/\/pc-direkthandel.de\/wordpress\/wp-json\/wp\/v2\/product"}],"about":[{"href":"http:\/\/pc-direkthandel.de\/wordpress\/wp-json\/wp\/v2\/types\/product"}],"replies":[{"embeddable":true,"href":"http:\/\/pc-direkthandel.de\/wordpress\/wp-json\/wp\/v2\/comments?post=1813"}],"wp:featuredmedia":[{"embeddable":true,"href":"http:\/\/pc-direkthandel.de\/wordpress\/wp-json\/wp\/v2\/media\/1814"}],"wp:attachment":[{"href":"http:\/\/pc-direkthandel.de\/wordpress\/wp-json\/wp\/v2\/media?parent=1813"}],"wp:term":[{"taxonomy":"product_cat","embeddable":true,"href":"http:\/\/pc-direkthandel.de\/wordpress\/wp-json\/wp\/v2\/product_cat?post=1813"},{"taxonomy":"product_tag","embeddable":true,"href":"http:\/\/pc-direkthandel.de\/wordpress\/wp-json\/wp\/v2\/product_tag?post=1813"}],"curies":[{"name":"wp","href":"https:\/\/api.w.org\/{rel}","templated":true}]}}