{"id":1811,"date":"2019-09-17T13:21:06","date_gmt":"2019-09-17T11:21:06","guid":{"rendered":"http:\/\/pc-direkthandel.de\/wordpress\/?post_type=product&#038;p=1811"},"modified":"2019-11-07T15:44:24","modified_gmt":"2019-11-07T13:44:24","slug":"microsoft-office-365-enterprise-e3-esd-key","status":"publish","type":"product","link":"http:\/\/pc-direkthandel.de\/wordpress\/product\/microsoft-office-365-enterprise-e3-esd-key\/","title":{"rendered":"Microsoft Office 365 Enterprise E3 (ESD &#038; Key)"},"content":{"rendered":"<p><strong>Microsoft 365 Enterprise E3 &#8211; professionelle Office-Software online<\/strong><\/p>\n<p>Das moderne Arbeitsleben findet seltener auf einzelnen Computern statt. Eine Verbindung mit Kunden, Gesch\u00e4ftspartnern und Mitarbeitern \u00fcber das Internet wird in vielen Branchen wichtiger, worauf Microsoft mit seinem Office 365 eingeht. In verschiedenen Editionen wie Microsoft 365 Enterprise E3 ver\u00f6ffentlicht, verbindet die Software etablierte L\u00f6sungen wie Word oder Excel mit einem einfachen Onlinezugriff auf diese und zus\u00e4tzliche Anwendungen. Hierauf gehen Erg\u00e4nzungen wie OneDrive als Cloud-Dienst von Microsoft ein, um als Nutzer Zugriffsrechte an verschiedene Mitarbeiter zu vergeben und online an den gleichen Projekten t\u00e4tig zu sein. Hierbei ist keine Installation von Word, Excel oder sonstigen Office-Programmen auf den einzelnen Computern notwendig.<\/p>\n<p><strong>F\u00fcr wen ein Microsoft 365 Enterprise E3 Key geeignet ist?<\/strong><\/p>\n<p>Der Microsoft 365 Enterprise E3 Download ist f\u00fcr Anwender im betrieblichen Umfeld lohnenswert, die eine st\u00e4rkere Zusammenarbeit ihrer Mitarbeiter auf Office-Ebene f\u00f6rdern m\u00f6chten. Mit Microsoft 365 wird webbasiertes Teamwork gef\u00f6rdert und der Austausch von Daten inklusive \u00c4nderungen in Echtzeit gef\u00f6rdert. Mit einem Microsoft 365 Enterprise E3 Key erwerben Anwender au\u00dferdem ein breites Spektrum an Zusatzanwendungen und Serviceangebote, f\u00fcr die eine j\u00e4hrliche Geb\u00fchr zu zahlen ist. Im Falle von Enterprise E3 ist vor allem eine professionelle E-Mail-L\u00f6sung mit vielen Zusatzfunktionen zu nennen, um hausintern und im Kontakt mit Kunden Kommunikation zu vereinfachen.<\/p>\n<p><strong>St\u00e4rken und Funktionen von Microsoft 365 Enterprise E3<\/strong><\/p>\n<p>Microsoft Office 365 umfasst in allen Varianten Word, Excel und Powerpoint sowie die Zusatzprogramme OneNote und OneDrive. Seit der Generation Office 2013 auch f\u00fcr Privatanwender erh\u00e4ltlich, sind die Funktionen von Enterprise E3 explizit auf betriebliche Kunden ausgerichtet. Neben der genannten E-Mail-L\u00f6sung geh\u00f6ren hierzu das einfache Abhalten von Online-Konferenzen durch den Einsatz von Skype, die einfache Erstellung und Integration von sozialen Netzwerken oder mobile Apps f\u00fcr die einzelnen Unterprogramme des Office-Pakets.<\/p>\n<p>F\u00fcr die wichtigsten Anwendungen wie Word und Excel steht eine Online-Variante sowie eine Desktop-Version zur Verf\u00fcgung. Durch die Bearbeitung von Dokumenten \u00fcber das Internet k\u00f6nnen mehrere Personen je nach Vergabe der Zugriffsrechte an den gleichen Projekten t\u00e4tig sein und direkt von gegenseitigen Aktualisierungen profitieren.<\/p>\n<p>Gegen\u00fcber st\u00e4rkeren Enterprise-L\u00f6sungen m\u00fcssen Nutzer von Microsoft 365 Enterprise E3 auf die firmeneigene Webseite sowie die Unterst\u00fctzung von VoIP verzichten. Falls die Seite \u00fcber einen eigenen Server gehostet und die betriebliche Telefonie anderweitig abgewickelt wird, stellt dies keine Einschr\u00e4nkung dar. Durch das online-basierte Konzept ist eine Nutzung der Programme auch \u00fcber Smartphones und Tablets m\u00f6glich. Hier zeigt Microsoft 365 seine St\u00e4rken f\u00fcr Mitarbeiter im Au\u00dfendienst oder Arbeiten im Home-Office, f\u00fcr die keine direkte Pr\u00e4senz beim Arbeitgeber notwendig ist.<\/p>\n<p><strong>Bei uns zum g\u00fcnstigen Microsoft 365 Enterprise E3 Key<\/strong><\/p>\n<p>Neben Microsoft 365 Enterprise E3 als etablierte L\u00f6sung f\u00fcr Unternehmen aller Gr\u00f6\u00dfen und Branchen finden Anwender bei uns online weitere Pakete f\u00fcr das Office 365. Nach dem direkten Download f\u00fcr einen oder mehrere Mitarbeiter ist eine sofortige Nutzung aller Anwendungen in Vollversion m\u00f6glich. Zu beachten ist, dass das Nutzungsrecht im Falle von Enterprise E3 f\u00fcr ein Jahr erworben wird. Regelm\u00e4\u00dfige Aktualisierungen sind allen Anwendern zugesichert, um zu jedem Zeitpunkt auf die neuste Version der Office-Programme zuzugreifen.<\/p>\n","protected":false},"excerpt":{"rendered":"<p>Microsoft 365 Enterprise E3 &#8211; professionelle Office-Software online Das moderne Arbeitsleben findet seltener auf einzelnen Computern statt. Eine Verbindung mit Kunden, Gesch\u00e4ftspartnern und Mitarbeitern \u00fcber das Internet wird in vielen Branchen wichtiger, worauf Microsoft mit seinem Office 365 eingeht. In verschiedenen Editionen wie Microsoft 365 Enterprise E3 ver\u00f6ffentlicht, verbindet die Software etablierte L\u00f6sungen wie Word [&hellip;]<\/p>\n","protected":false},"featured_media":1812,"comment_status":"open","ping_status":"closed","template":"","meta":{"_acf_changed":false},"product_cat":[156,155],"product_tag":[],"acf":[],"jetpack_sharing_enabled":true,"_links":{"self":[{"href":"http:\/\/pc-direkthandel.de\/wordpress\/wp-json\/wp\/v2\/product\/1811"}],"collection":[{"href":"http:\/\/pc-direkthandel.de\/wordpress\/wp-json\/wp\/v2\/product"}],"about":[{"href":"http:\/\/pc-direkthandel.de\/wordpress\/wp-json\/wp\/v2\/types\/product"}],"replies":[{"embeddable":true,"href":"http:\/\/pc-direkthandel.de\/wordpress\/wp-json\/wp\/v2\/comments?post=1811"}],"wp:featuredmedia":[{"embeddable":true,"href":"http:\/\/pc-direkthandel.de\/wordpress\/wp-json\/wp\/v2\/media\/1812"}],"wp:attachment":[{"href":"http:\/\/pc-direkthandel.de\/wordpress\/wp-json\/wp\/v2\/media?parent=1811"}],"wp:term":[{"taxonomy":"product_cat","embeddable":true,"href":"http:\/\/pc-direkthandel.de\/wordpress\/wp-json\/wp\/v2\/product_cat?post=1811"},{"taxonomy":"product_tag","embeddable":true,"href":"http:\/\/pc-direkthandel.de\/wordpress\/wp-json\/wp\/v2\/product_tag?post=1811"}],"curies":[{"name":"wp","href":"https:\/\/api.w.org\/{rel}","templated":true}]}}