{"id":1801,"date":"2019-09-17T11:08:57","date_gmt":"2019-09-17T09:08:57","guid":{"rendered":"http:\/\/pc-direkthandel.de\/wordpress\/?post_type=product&#038;p=1801"},"modified":"2019-10-11T18:15:12","modified_gmt":"2019-10-11T16:15:12","slug":"microsoft-office-2016-home-student-esd-key","status":"publish","type":"product","link":"http:\/\/pc-direkthandel.de\/wordpress\/product\/microsoft-office-2016-home-student-esd-key\/","title":{"rendered":"Microsoft Office 2016 Home &#038; Student (ESD &#038; Key)"},"content":{"rendered":"<p>Microsoft Office Home and Student 2016 eignet sich optimal f\u00fcr Privatanwender am heimischen PC. Egal ob Sie Geburtstagseinladungen entwerfen wollen, ein Haushaltsbuch f\u00fchren, eine Pr\u00e4sentation f\u00fcr Uni oder Schule entwerfen m\u00fcssen oder einfach schnell etwas notieren wollen, Office 2016 Home and Student wird Sie bei allen Arbeiten unterst\u00fctzen. Die B\u00fcro Software bringt f\u00fcr jeden Bedarf das passende Programm mit.<\/p>\n<p><strong>Microsoft Office Home and Student 2016 enth\u00e4lt folgende Programme:<\/strong><\/p>\n<ul>\n<li>Word 2016: Texte erstellen, gestalten und bearbeiten<\/li>\n<li>Excel 2016: Tabellen f\u00fchren und grafisch darstellen<\/li>\n<li>PowerPoint 2016: Pr\u00e4sentationen erstellen und pr\u00e4sentieren<\/li>\n<li>OneNote 2016: Notizen festhalten und bearbeiten<\/li>\n<\/ul>\n<p>Mit dem Kauf von Microsoft Office Home and Student 2016 erhalten Sie die angef\u00fchrten Office Programme als installierbare Anwendungen. Sie sind auf Ihrem Rechner also immer verf\u00fcgbar und unbegrenzt nutzbar. So sind Sie f\u00fcr alle Aufgaben in Alltag, Schule und Studium bestens ger\u00fcstet. Microsoft bietet permanent Updates f\u00fcr Office 2016 Home and Student an, die Ihnen kostenlos zur Verf\u00fcgung stehen. So bleibt Ihre Software stets auf dem neusten Stand und verspricht Komfort und Sicherheit.<\/p>\n<p><strong>Optimiert f\u00fcr Windows 10<\/strong><\/p>\n<p>Microsoft Office Home and Student 2016 und Windows 10 sind optimal aufeinander abgestimmt. Design und Bedienweise sind sehr \u00e4hnlich, so dass sich die Programme nahtlos in das Betriebssystem einf\u00fcgen. Die Ausrichtung auf Touch-Oberfl\u00e4chen erm\u00f6glicht eine einfache Navigation. Durch die Verkn\u00fcpfung mit dem Windows-Live-Konto und OneDrive k\u00f6nnen Sie \u00fcber mobile Apps von all Ihren Ger\u00e4ten auf Ihre Dateien zugreifen. So k\u00f6nnen Sie Ihre Dokumente nicht nur unterwegs bearbeiten, Sie k\u00f6nnen auch beispielsweise Ihre auf OneDrive gespeicherten Urlaubsfotos mit Freunden und Verwandten teilen.<\/p>\n<p><strong>Das ist neu in Office Home &amp; Student 2016<\/strong><\/p>\n<ul>\n<li>Mit dem \u201eTell Me\u201c Such-Assistenten in Office Home and Student 2016 k\u00f6nnen Sie Funktionen innerhalb der Programme schneller finden. Einfach den Suchbegriff eingeben und schon bekommen Sie eine Liste mit Vorschl\u00e4gen.<\/li>\n<li>Die Funktion \u201eInsights\u201c erlaubt es Ihnen direkt aus Office-Anwendungen heraus Hintergrundinformationen wie beispielsweise Fotos, Tabellen oder Lexikoneintr\u00e4ge im Internet zu suchen und diese direkt einzubinden. Die Verkn\u00fcpfung mit der Suchmaschine Bing sorgt f\u00fcr schnelle Ergebnisse.<\/li>\n<li>Bearbeiteten Sie Ihre Dokumente gemeinsam mit Freunden in Echtzeit und erzielen Sie so bessere Ergebnisse.<\/li>\n<li>Vernetzten Sie sich mit anderen Nutzern \u00fcber die Cloud OneDrive. Teilen und bearbeiten Sie Inhalte mit Freunde und Familie. Sie erhalten 5 GB Speicherplatz und k\u00f6nnen so immer auf Fotos und Dokumente zugreifen.<\/li>\n<li>Die lernf\u00e4higen Office Programme in Office Home &amp; Student 2016 analysieren Ihre Arbeitsweise und helfen Ihnen h\u00e4ufig ausgef\u00fchrte Arbeiten schneller zu erledigen.<\/li>\n<li>Schonen Sie Ihre Augen mit den neuen Bildschirmhintergr\u00fcnden im \u201eBlack Theme\u201c. Diese sind durch die dunkle Farbe wesentlich angenehmer und Sie k\u00f6nnen l\u00e4nger ohne Erm\u00fcdungserscheinungen vor dem Bildschirm arbeiten.<\/li>\n<\/ul>\n<p><strong>Effizienter arbeiten mit Office 2016 Home and Student<\/strong><\/p>\n<p>Office Home &amp; Student 2016 bringt einige Funktionen mit, die Ihnen die Arbeit am Computer leichter machen werden. PDF Dateien k\u00f6nnen Sie in Word nun ganz einfach \u00f6ffnen, bearbeiten und speichern. Seien Sie kreativ und binden Sie Onlinevideos direkt in Ihr Word-Dokument ein. In Excel erleichtern Ihnen zahlreiche neue Vorlagen das Erstellen von Tabellen. K\u00fcmmern Sie sich nicht um Design und Einrichtung, konzentrieren Sie sich auf Ihre Daten. Den Rest erledigt Excel f\u00fcr Sie. Auch in PowerPoint helfen Ihnen neue Vorlagen, Ausrichtungsfunktionen und andere Designtools bei der optimalen Ausgestaltung Ihrer Pr\u00e4sentationen. Mit Office 2016 Home and Student erhalten Sie ein Software Paket, das Sie bei all Ihren Arbeiten unterst\u00fctzt.<\/p>\n<p>Microsoft Office Home and Student 2016 richtet sich an Privatanwender, darunter besonders Sch\u00fcler und Studenten. Es bietet eine gute Grundlage um den t\u00e4glichen Anforderungen in Schule, Universit\u00e4t oder Haushalt gerecht zu werden.<\/p>\n","protected":false},"excerpt":{"rendered":"<p>Microsoft Office Home and Student 2016 eignet sich optimal f\u00fcr Privatanwender am heimischen PC. Egal ob Sie Geburtstagseinladungen entwerfen wollen, ein Haushaltsbuch f\u00fchren, eine Pr\u00e4sentation f\u00fcr Uni oder Schule entwerfen m\u00fcssen oder einfach schnell etwas notieren wollen, Office 2016 Home and Student wird Sie bei allen Arbeiten unterst\u00fctzen. Die B\u00fcro Software bringt f\u00fcr jeden Bedarf [&hellip;]<\/p>\n","protected":false},"featured_media":1802,"comment_status":"open","ping_status":"closed","template":"","meta":{"_acf_changed":false},"product_cat":[155],"product_tag":[],"acf":[],"jetpack_sharing_enabled":true,"_links":{"self":[{"href":"http:\/\/pc-direkthandel.de\/wordpress\/wp-json\/wp\/v2\/product\/1801"}],"collection":[{"href":"http:\/\/pc-direkthandel.de\/wordpress\/wp-json\/wp\/v2\/product"}],"about":[{"href":"http:\/\/pc-direkthandel.de\/wordpress\/wp-json\/wp\/v2\/types\/product"}],"replies":[{"embeddable":true,"href":"http:\/\/pc-direkthandel.de\/wordpress\/wp-json\/wp\/v2\/comments?post=1801"}],"wp:featuredmedia":[{"embeddable":true,"href":"http:\/\/pc-direkthandel.de\/wordpress\/wp-json\/wp\/v2\/media\/1802"}],"wp:attachment":[{"href":"http:\/\/pc-direkthandel.de\/wordpress\/wp-json\/wp\/v2\/media?parent=1801"}],"wp:term":[{"taxonomy":"product_cat","embeddable":true,"href":"http:\/\/pc-direkthandel.de\/wordpress\/wp-json\/wp\/v2\/product_cat?post=1801"},{"taxonomy":"product_tag","embeddable":true,"href":"http:\/\/pc-direkthandel.de\/wordpress\/wp-json\/wp\/v2\/product_tag?post=1801"}],"curies":[{"name":"wp","href":"https:\/\/api.w.org\/{rel}","templated":true}]}}