{"id":1797,"date":"2019-09-17T11:05:08","date_gmt":"2019-09-17T09:05:08","guid":{"rendered":"http:\/\/pc-direkthandel.de\/wordpress\/?post_type=product&#038;p=1797"},"modified":"2019-11-07T15:42:32","modified_gmt":"2019-11-07T13:42:32","slug":"microsoft-office-2016-standard-esd-key","status":"publish","type":"product","link":"http:\/\/pc-direkthandel.de\/wordpress\/product\/microsoft-office-2016-standard-esd-key\/","title":{"rendered":"Microsoft Office 2016 Standard (ESD &#038; Key)"},"content":{"rendered":"<p>Microsoft Office Standard 2016 bietet eine optimale L\u00f6sung f\u00fcr Unternehmen, die viele Rechner mit den beliebten Office Programmen ausstatten wollen. Enthalten sind in dieser Version die Anwendungen Word, Excel, PowerPoint, OneNote, Outlook und Publisher. Die Programme unterst\u00fctzen Sie in Ihrem Arbeitsalltag und halten alle wichtigen Funktionen bereit um bestm\u00f6gliche Ergebnisse zu erzielen und effizient zu arbeiten. Ein reibungsloser Ablauf von Datenverarbeitung, E-Mail Verkehr, Textverarbeitung und Kommunikation innerhalb des Unternehmens muss gew\u00e4hrleistet sein. Und genau hier setzen die professionellen Office Programme in Office Standard 2016 an.<\/p>\n<p><strong>Neue Features in Microsoft Office 2016 Standard<\/strong><\/p>\n<ul>\n<li>Gemeinsames Arbeiten an Dokumenten und Pr\u00e4sentationen in Echtzeit sowie Austausch von Notizen via OneNote<\/li>\n<li>Gesch\u00e4ftsprozesse vereinfachen durch die effiziente Gestaltung von Formularen mit Hilfe von Vorlagen<\/li>\n<li>Vereinfachte Kommunikation durch M\u00f6glichkeiten f\u00fcr Instant Massaging, IP-Telefonie und Videokonferenzen<\/li>\n<li>Lernf\u00e4hige Programme analysieren Ihre Arbeitsweise anhand von regelm\u00e4\u00dfig wiederkehrenden Mustern<\/li>\n<li>Cloud Service zum vernetzten Arbeiten mit gemeinsamem Zugriff auf Dateien f\u00fcr mehr Flexibilit\u00e4t<\/li>\n<li>Augenschonendes Arbeiten durch dunklere \u201eBlack Theme\u201c Bildschirmhintergr\u00fcnde<\/li>\n<li>Brandneue Features wie \u201eTell me\u201c Such-Assistent, \u201eInsights\u201c und \u201eBlack Themes\u201c<\/li>\n<\/ul>\n<p><strong>Teamwork war noch nie so einfach<\/strong><\/p>\n<p>Arbeiten Sie in Microsoft Office Standard 2016 gemeinsam mit Anderen an Projekten und Dokumenten. Mit der Echtzeit-Vernetzung k\u00f6nnen alle zur selben Zeit an einer Datei arbeiten, die Ergebnisse sind sofort sichtbar. M\u00f6glich wird dies durch den Cloud Service OneDrive. Hier werden Dokumente online gespeichert und k\u00f6nnen von \u00fcberall abgerufen werden. Geben Sie Inhalte f\u00fcr Kollegen und Freunde frei. Mit den Office Mobile Apps besteht von \u00fcberall und jedem Ger\u00e4t freier Zugriff.<\/p>\n<p><strong>Office Standard 2016 mit benutzerfreundlicher Oberfl\u00e4che<\/strong><\/p>\n<p>Die intuitive Benutzeroberfl\u00e4che von Microsoft Office 2016 Standard erlaubt Ihnen eine schnelle Navigation innerhalb der Programme. Auf dem \u00fcberarbeiteten Men\u00fcband finden Sie ben\u00f6tigte Funktionen dank der intuitiven Anordnung nun noch schnelle. Sollten Sie doch einmal nicht weiterkommen, hilft Ihnen der \u201eTell Me\u201c Such-Assistent dabei, die gew\u00fcnschte Funktion ausfindig zu machen und diese effizient einzusetzen. Sie werden sich schnell in den einzelnen Programmen zurecht finden und diese optimal f\u00fcr Ihre Arbeit nutzen k\u00f6nnen.<\/p>\n<p><strong>Windows 10 und Office 2016 Standard<\/strong><\/p>\n<p>Microsoft Office Standard 2016 und Windows 10 sind optimal aufeinander abgestimmt. Design und Bedienweise sind sehr \u00e4hnlich, so dass sich die Programme nahtlos in das Betriebssystem einf\u00fcgen. Die Ausrichtung auf Touch-Oberfl\u00e4chen erm\u00f6glicht eine flexible Nutzung auf unterschiedlichen Ger\u00e4ten. Durch die Verkn\u00fcpfung mit dem Windows-Live-Konto und OneDrive k\u00f6nnen Sie \u00fcber mobile Apps von all Ihren Ger\u00e4ten auf Ihre Dateien zugreifen. So k\u00f6nnen Sie Ihre Dokumente nicht nur unterwegs bearbeiten, Sie k\u00f6nnen auch beispielsweise Ihre auf OneDrive gespeicherten Inhalte mit Kollegen teilen.<\/p>\n","protected":false},"excerpt":{"rendered":"<p>Microsoft Office Standard 2016 bietet eine optimale L\u00f6sung f\u00fcr Unternehmen, die viele Rechner mit den beliebten Office Programmen ausstatten wollen. Enthalten sind in dieser Version die Anwendungen Word, Excel, PowerPoint, OneNote, Outlook und Publisher. Die Programme unterst\u00fctzen Sie in Ihrem Arbeitsalltag und halten alle wichtigen Funktionen bereit um bestm\u00f6gliche Ergebnisse zu erzielen und effizient zu [&hellip;]<\/p>\n","protected":false},"featured_media":1798,"comment_status":"open","ping_status":"closed","template":"","meta":{"_acf_changed":false},"product_cat":[155],"product_tag":[],"acf":[],"jetpack_sharing_enabled":true,"_links":{"self":[{"href":"http:\/\/pc-direkthandel.de\/wordpress\/wp-json\/wp\/v2\/product\/1797"}],"collection":[{"href":"http:\/\/pc-direkthandel.de\/wordpress\/wp-json\/wp\/v2\/product"}],"about":[{"href":"http:\/\/pc-direkthandel.de\/wordpress\/wp-json\/wp\/v2\/types\/product"}],"replies":[{"embeddable":true,"href":"http:\/\/pc-direkthandel.de\/wordpress\/wp-json\/wp\/v2\/comments?post=1797"}],"wp:featuredmedia":[{"embeddable":true,"href":"http:\/\/pc-direkthandel.de\/wordpress\/wp-json\/wp\/v2\/media\/1798"}],"wp:attachment":[{"href":"http:\/\/pc-direkthandel.de\/wordpress\/wp-json\/wp\/v2\/media?parent=1797"}],"wp:term":[{"taxonomy":"product_cat","embeddable":true,"href":"http:\/\/pc-direkthandel.de\/wordpress\/wp-json\/wp\/v2\/product_cat?post=1797"},{"taxonomy":"product_tag","embeddable":true,"href":"http:\/\/pc-direkthandel.de\/wordpress\/wp-json\/wp\/v2\/product_tag?post=1797"}],"curies":[{"name":"wp","href":"https:\/\/api.w.org\/{rel}","templated":true}]}}