{"id":1795,"date":"2019-09-17T11:03:07","date_gmt":"2019-09-17T09:03:07","guid":{"rendered":"http:\/\/pc-direkthandel.de\/wordpress\/?post_type=product&#038;p=1795"},"modified":"2019-11-07T15:42:08","modified_gmt":"2019-11-07T13:42:08","slug":"microsoft-office-2016-professional-esd-key","status":"publish","type":"product","link":"http:\/\/pc-direkthandel.de\/wordpress\/product\/microsoft-office-2016-professional-esd-key\/","title":{"rendered":"Microsoft Office 2016 Professional (ESD &#038; Key)"},"content":{"rendered":"<p>Mit Microsoft Office Professional 2016 erhalten Sie ein Office Paket f\u00fcr gehobene Anspr\u00fcche. Es ist ideal geeignet f\u00fcr Selbst\u00e4ndige, Freiberufler, kleine Unternehmen und Privatanwender. MS Office 2016 Professional erf\u00fcllt alle Anforderungen, die an eine professionelle B\u00fcrosoftware gestellt werden. Erstellen Sie Serienbriefe oder Etiketten, verwalten Sie Ihre Gesch\u00e4ftszahlen in Tabellen, entwerfen Sie \u00fcberzeugende Pr\u00e4sentationen und haben Sie stets Ihren Posteingang und Ihre Termine im Blick. Microsoft Office 16 unterst\u00fctzt Sie bei allen beruflichen und privaten Projekten und hilft Ihnen ein ansprechendes Ergebnis zu erzielen.<\/p>\n<p><strong>In Microsoft Office Professional 2016 sind enthalten:<\/strong><\/p>\n<ul>\n<li>Word 2016 \u2013 Gestalten Sie professionelle Dokumente und setzen Sie Ihre Ideen um.<\/li>\n<li>Excel 2016 \u2013 Erstellen Sie Tabellen und Formeln und werten Sie diese mit hochwertigen Analysefunktionen aus.<\/li>\n<li>PowerPoint 2016 \u2013 \u00dcberzeugen Sie mit wirkungsvollen Pr\u00e4sentationen.<\/li>\n<li>OneNote 2016 \u2013 B\u00fcndeln Sie Ihre Notizen an einem zentralen Ort.<\/li>\n<li>Outlook 2016 \u2013 Bleiben Sie \u00fcber E-Mails in Kontakt und organisieren Sie Ihre Termine.<\/li>\n<li>Publisher 2016 \u2013 Entwerfen Sie professionelle Publikationen und Marketingmaterialien.<\/li>\n<li>Access 2016 \u2013 Verwalten Sie Ihre Datenbanken und fertigen Sie Statusberichte an.<\/li>\n<\/ul>\n<p>Die Programme in Microsoft Office 16 erf\u00fcllen h\u00f6chste Anspr\u00fcche. Durch die regelm\u00e4\u00dfigen Updates von Microsoft ist Ihre Software stets auf dem neusten Stand. Profitieren Sie von der stetigen Weiterentwicklung der Office Programme.<\/p>\n<p><strong>Teamwork wird gro\u00df geschrieben<\/strong><\/p>\n<p>Arbeiten Sie in Microsoft Office Professional 2016 gemeinsam mit anderen an Projekten und Dokumenten. Mit der Echtzeit-Vernetzung k\u00f6nnen alle zur selben Zeit an einer Datei arbeiten, die Ergebnisse sind sofort sichtbar. M\u00f6glich wird dies durch den Cloud Service OneDrive. Hier werden Dokumente online gespeichert und k\u00f6nnen von \u00fcberall abgerufen werden. Geben Sie Inhalte f\u00fcr Kollegen und Freunde frei. Mit den Office Mobile Apps besteht von \u00fcberall und jedem Ger\u00e4t freier Zugriff. Mit Microsoft Office 16 erhalten Sie 5 Gigabyte OneDrive Speicher. Dieser kann bei Bedarf erweitert werden.<\/p>\n<p><strong>Neue Funktionen von MS Office 2016 Professional<\/strong><\/p>\n<ul>\n<li>Der \u201eTell Me\u201c Such-Assistent hilft Ihnen bestimmte Funktionen innerhalb von Programmen einfacher zu finden und diese korrekt anzuwenden. So kommen Sie schneller an Ihr Ziel.<\/li>\n<li>Mit \u201eInsights\u201c k\u00f6nnen Sie das Internet nach relevanten Informationen durchsuchen, w\u00e4hrend Sie sich in einem Office Programm befinden. Die Inhalte k\u00f6nnen Sie direkt f\u00fcr Ihr Dokument verwenden.<\/li>\n<li>Neue Tools in Excel erkennen Muster und vervollst\u00e4ndigen Daten automatisch. So sparen Sie Zeit und erhalten noch schneller neue Erkenntnisse aus Ihren Daten. Au\u00dferdem k\u00f6nnen Sie mit nur einem Klick einfache Prognosen aus Datenreihen erstellen. So k\u00f6nnen Sie Zukunftstrends veranschaulichen und f\u00fcr Pr\u00e4sentationen verwenden.<\/li>\n<li>Teilen Sie PowerPoint Pr\u00e4sentationen direkt \u00fcber das Web. Ihr Publikum kann sie mit dem kostenlosen Office-Pr\u00e4sentationsdienst von \u00fcberall aus aufrufen, auch ohne PowerPoint installiert zu haben.<\/li>\n<li>Die neuen Online-Fotodruckoptionen von Publisher sparen Zeit und liefern ansprechende Ergebnisse.<\/li>\n<\/ul>\n<p><strong>Microsoft Office 16 und Windows 10<\/strong><\/p>\n<p>MS Office 2016 Professional ist perfekt auf Windows 10 abgestimmt. Das Design und die Benutzeroberfl\u00e4che sind sich sehr \u00e4hnlich, so dass sich die Office Programme perfekt in Windows einf\u00fcgen. Die Optimierung f\u00fcr Touch-Ger\u00e4te stellt es Ihnen frei, ob Sie mit Tastatur und Maus, Eingabestift oder mit dem Finger arbeiten. Mit den mobilen Ger\u00e4ten werden Sie noch flexibler und k\u00f6nnen \u00fcberall \u00a0mit Office Professional 2016 arbeiten. Seien Sie auch unterwegs produktiv!<\/p>\n<p>Microsoft Office 2016 Professional bringt alle Programme mit, die Sie f\u00fcr den B\u00fcroalltag brauchen. Mit Publisher und Access sind zwei Programme enthalten, die besonders f\u00fcr den gesch\u00e4ftlichen Bereich interessant sind. MS Office 2016 Professional richtet sich somit neben Privatpersonen vor allem an kleinere Unternehmen, Selbst\u00e4ndige oder Freiberufler. Mit Microsoft Office 16 sind Sie bestens ausgestattet um s\u00e4mtliche B\u00fcroarbeiten schnell und effizient zu erledigen.<\/p>\n","protected":false},"excerpt":{"rendered":"<p>Mit Microsoft Office Professional 2016 erhalten Sie ein Office Paket f\u00fcr gehobene Anspr\u00fcche. Es ist ideal geeignet f\u00fcr Selbst\u00e4ndige, Freiberufler, kleine Unternehmen und Privatanwender. MS Office 2016 Professional erf\u00fcllt alle Anforderungen, die an eine professionelle B\u00fcrosoftware gestellt werden. Erstellen Sie Serienbriefe oder Etiketten, verwalten Sie Ihre Gesch\u00e4ftszahlen in Tabellen, entwerfen Sie \u00fcberzeugende Pr\u00e4sentationen und haben [&hellip;]<\/p>\n","protected":false},"featured_media":1796,"comment_status":"open","ping_status":"closed","template":"","meta":{"_acf_changed":false},"product_cat":[155],"product_tag":[],"acf":[],"jetpack_sharing_enabled":true,"_links":{"self":[{"href":"http:\/\/pc-direkthandel.de\/wordpress\/wp-json\/wp\/v2\/product\/1795"}],"collection":[{"href":"http:\/\/pc-direkthandel.de\/wordpress\/wp-json\/wp\/v2\/product"}],"about":[{"href":"http:\/\/pc-direkthandel.de\/wordpress\/wp-json\/wp\/v2\/types\/product"}],"replies":[{"embeddable":true,"href":"http:\/\/pc-direkthandel.de\/wordpress\/wp-json\/wp\/v2\/comments?post=1795"}],"wp:featuredmedia":[{"embeddable":true,"href":"http:\/\/pc-direkthandel.de\/wordpress\/wp-json\/wp\/v2\/media\/1796"}],"wp:attachment":[{"href":"http:\/\/pc-direkthandel.de\/wordpress\/wp-json\/wp\/v2\/media?parent=1795"}],"wp:term":[{"taxonomy":"product_cat","embeddable":true,"href":"http:\/\/pc-direkthandel.de\/wordpress\/wp-json\/wp\/v2\/product_cat?post=1795"},{"taxonomy":"product_tag","embeddable":true,"href":"http:\/\/pc-direkthandel.de\/wordpress\/wp-json\/wp\/v2\/product_tag?post=1795"}],"curies":[{"name":"wp","href":"https:\/\/api.w.org\/{rel}","templated":true}]}}