{"id":1793,"date":"2019-09-17T11:01:02","date_gmt":"2019-09-17T09:01:02","guid":{"rendered":"http:\/\/pc-direkthandel.de\/wordpress\/?post_type=product&#038;p=1793"},"modified":"2019-10-11T18:17:42","modified_gmt":"2019-10-11T16:17:42","slug":"microsoft-office-2016-professional-plus-esd-key","status":"publish","type":"product","link":"http:\/\/pc-direkthandel.de\/wordpress\/product\/microsoft-office-2016-professional-plus-esd-key\/","title":{"rendered":"Microsoft Office 2016 Professional Plus (ESD &#038; Key)"},"content":{"rendered":"<p>Microsoft Office Professional Plus 2016 richtet sich vor allem an Unternehmen und wird selbst gehobenen Anspr\u00fcchen gerecht. Mit den Programmen Word, Excel, PowerPoint, OneNote, Outlook, Publisher, Access und Skype for Business erf\u00fcllt Office Professional Plus 2016 alle Anforderungen, die an eine umfangreiche B\u00fcrosoftware gestellt werden. Egal ob Sie Serienbriefe erstellen, Gesch\u00e4ftszahlen und Tabellen verwalten, Pr\u00e4sentationen entwerfen, Datenbanken erstellen oder Ihre E-Mails ordnen wollen \u2013 Ihre beruflichen und privaten Projekte erledigen Sie mit den Office Anwendungen im Handumdrehen.<\/p>\n<p><strong>Neue Funktionen in Office 2016 Professional Plus<\/strong><\/p>\n<ul>\n<li>Mit \u201eInsights\u201c suchen Sie direkt aus Ihren Dokumenten heraus im Internet nach relevanten Informationen und binden diese in Ihre Texte oder Pr\u00e4sentationen ein. Eine Verkn\u00fcpfung mit Bing sorgt f\u00fcr schnelle Suchergebnisse.<\/li>\n<li>Durch den \u201eTell Me\u201c Such-Assistenten finden Sie Funktionen innerhalb der einzelnen Programme schneller.<\/li>\n<li>Excel bringt eine Autofill Funktion mit, die Muster erkennt und Ihre Daten automatisch vervollst\u00e4ndigt. Zudem k\u00f6nnen Sie sich mit einem Klick Prognosen aus Datenreihen erstellen lassen und zu Zukunftstrends darstellen.<\/li>\n<li>Die in Publisher integrierten Online-Fotodruckoptionen sparen Zeit und sorgen f\u00fcr professionelle Ergebnisse.<\/li>\n<li>PowerPoint bietet die M\u00f6glichkeit Pr\u00e4sentationen \u00fcber das Web zu teilen. Man muss selbst kein PowerPoint installiert haben, um diese anschauen zu k\u00f6nnen.<\/li>\n<li>Die Bildschirmhintergr\u00fcnde im \u201eBlack Theme\u201c erlauben durch die dunkleren Farben ein augenschonendes Arbeiten.<\/li>\n<li>Einfach im Team arbeiten durch Echtzeit-Vernetzung via OneDrive. Microsoft Office Professional Plus 2016 stellt Ihnen 5 Gigabyte Cloud-Speicher zur Verf\u00fcgung.<\/li>\n<\/ul>\n<p><strong>Schnelle Navigation durch benutzerfreundliche Oberfl\u00e4che<\/strong><\/p>\n<p>Die intuitive Benutzeroberfl\u00e4che von Microsoft Office Professional Plus 2016 erlaubt Ihnen eine schnelle Navigation innerhalb der Programme. Auf dem \u00fcberarbeiteten Men\u00fcband finden Sie ben\u00f6tigte Funktionen dank der intuitiven Anordnung nun noch schnelle. Sollten Sie doch einmal nicht weiterkommen, hilft Ihnen der \u201eTell Me\u201c Such-Assistent dabei, die gew\u00fcnschte Funktion ausfindig zu machen und diese effizient einzusetzen. Sie werden sich schnell in den einzelnen Programmen zurecht finden und diese optimal f\u00fcr Ihre Arbeit nutzen k\u00f6nnen.<\/p>\n<p><strong>Neue Kommunikationsm\u00f6glichkeiten in Office Professional Plus 2016<\/strong><\/p>\n<p>Durch die Integration von Skype for Business bleiben Sie und Ihre Mitarbeiter und Kollegen stets in Kontakt. Microsoft Office Professional Plus 2016 er\u00f6ffnet Ihnen ganz neue M\u00f6glichkeiten im Bereich Instant Messaging, Videokonferenzen und IP-Telefonie. Tauschen Sie Informationen aus, kl\u00e4ren Sie Fragen zu Projekten und entdecken Sie v\u00f6llig neue Arten von Meetings. Durch die Nutzung des Cloud-Dienstes OneDrive wird auch der Datenaustausch vereinfacht. Arbeiten Sie gemeinsam am Erfolg Ihres Unternehmens und bleiben Sie dabei stets flexibel. Ihr Arbeitsplatz ist \u00fcberall dort, wo Sie sich befinden.<\/p>\n<p><strong>Microsoft Office Professional Plus 2016 und Windows 10<\/strong><\/p>\n<p>Das Design und die Benutzeroberfl\u00e4che von Office 2016 Professional Plus sind an Windows 10 angelehnt. Die beiden Programme sind perfekt aufeinander abgestimmt, sodass die Office Anwendungen und das Betriebssystem wie aus einem Guss erscheinen. Die Optimierung f\u00fcr Touch-Ger\u00e4te erm\u00f6glicht Ihnen ein flexibles Arbeiten. Nutzen Sie Ihren PC, Laptop, Ihr Tablet oder das Smartphone um Ihre Dokumente zu stellen. Ob Sie dabei auf die altbew\u00e4hrte Bedienung mit Tastatur und Maus zur\u00fcckgreifen oder den Finger bzw. den Eingabestift nutzen, ist Ihnen v\u00f6llig freigestellt. Seien Sie mit Office Professional Plus 2016 \u00fcberall kreativ und steigern Sie die Produktivit\u00e4t Ihres Unternehmens.<\/p>\n","protected":false},"excerpt":{"rendered":"<p>Microsoft Office Professional Plus 2016 richtet sich vor allem an Unternehmen und wird selbst gehobenen Anspr\u00fcchen gerecht. Mit den Programmen Word, Excel, PowerPoint, OneNote, Outlook, Publisher, Access und Skype for Business erf\u00fcllt Office Professional Plus 2016 alle Anforderungen, die an eine umfangreiche B\u00fcrosoftware gestellt werden. Egal ob Sie Serienbriefe erstellen, Gesch\u00e4ftszahlen und Tabellen verwalten, Pr\u00e4sentationen [&hellip;]<\/p>\n","protected":false},"featured_media":1794,"comment_status":"open","ping_status":"closed","template":"","meta":{"_acf_changed":false},"product_cat":[155],"product_tag":[],"acf":[],"jetpack_sharing_enabled":true,"_links":{"self":[{"href":"http:\/\/pc-direkthandel.de\/wordpress\/wp-json\/wp\/v2\/product\/1793"}],"collection":[{"href":"http:\/\/pc-direkthandel.de\/wordpress\/wp-json\/wp\/v2\/product"}],"about":[{"href":"http:\/\/pc-direkthandel.de\/wordpress\/wp-json\/wp\/v2\/types\/product"}],"replies":[{"embeddable":true,"href":"http:\/\/pc-direkthandel.de\/wordpress\/wp-json\/wp\/v2\/comments?post=1793"}],"wp:featuredmedia":[{"embeddable":true,"href":"http:\/\/pc-direkthandel.de\/wordpress\/wp-json\/wp\/v2\/media\/1794"}],"wp:attachment":[{"href":"http:\/\/pc-direkthandel.de\/wordpress\/wp-json\/wp\/v2\/media?parent=1793"}],"wp:term":[{"taxonomy":"product_cat","embeddable":true,"href":"http:\/\/pc-direkthandel.de\/wordpress\/wp-json\/wp\/v2\/product_cat?post=1793"},{"taxonomy":"product_tag","embeddable":true,"href":"http:\/\/pc-direkthandel.de\/wordpress\/wp-json\/wp\/v2\/product_tag?post=1793"}],"curies":[{"name":"wp","href":"https:\/\/api.w.org\/{rel}","templated":true}]}}