{"id":1789,"date":"2019-09-17T10:57:57","date_gmt":"2019-09-17T08:57:57","guid":{"rendered":"http:\/\/pc-direkthandel.de\/wordpress\/?post_type=product&#038;p=1789"},"modified":"2019-09-17T11:00:04","modified_gmt":"2019-09-17T09:00:04","slug":"microsoft-office-2019-home-student-esd-key-2","status":"publish","type":"product","link":"http:\/\/pc-direkthandel.de\/wordpress\/product\/microsoft-office-2019-home-student-esd-key-2\/","title":{"rendered":"Microsoft Office 2019 Home &#038; Student (ESD &#038; Key)"},"content":{"rendered":"<p>Office 2019 Home and Student Mac bietet dem Privatanwender alles, was er zur Erledigung der meisten Schreibarbeiten braucht. Das Office-Paket ist zu Recht seit vielen Jahren eines der bekanntesten Softwarebundles. Die 2019-Version umfasst bew\u00e4hrte Funktionen und erweitert die beliebten Programme um einige moderne Features. Office 2019 Home and Student Mac zu kaufen bedeutet, Word, Excel und PowerPoint unbegrenzt auf einem bestimmten Ger\u00e4t nutzen zu k\u00f6nnen. Es handelt sich um die Programmvariante, die sich an Studierende und Familien richtet. Demnach sind die Funktionen der Programme auf den Privatgebrauch am heimischem Rechner ausgerichtet. Man kann etwa seine Dokumente bearbeiten, Tabellenberechnungen durchf\u00fchren oder Pr\u00e4sentationen f\u00fcr Seminare erstellen.<\/p>\n<p><strong>Standardprogramme f\u00fcr Alltag und Uni<\/strong><\/p>\n<p>Entscheidet man sich daf\u00fcr, Office 2019 Home and Student Mac zu kaufen, profitiert man von zahlreichen durchdachten Technologien. Beispielsweise besitzt das Schreibprogramm Word eine sehr ausgereifte Rechtschreibpr\u00fcfung, die bei Bedarf auch stilistische Verbesserungen vorschl\u00e4gt. Mit den Word-Vorlagen aus \u00fcber 40 Kategorien spart der Nutzer Zeit bei Standardschreiben. Nat\u00fcrlich enth\u00e4lt das Office-Paket auch Excel, die bekannte Tabellenkalkulations-Anwendung. Sie erkennt die Arbeitsmuster des Benutzers und organisiert dessen Daten effektiv. Mittels leistungsf\u00e4higer Formeln lassen sich zahlreiche Berechnungen durchf\u00fchren. Eine Vielzahl von Diagrammen hilft dabei, aus Daten Prognosen und Trends abzuleiten. Ebenfalls im Programmpaket findet man PowerPoint, die Software f\u00fcr \u00fcberzeugende Pr\u00e4sentationen. Dank lebendiger Animationen und \u00dcberg\u00e4nge sowie der Integration von 3D-Modellen gelingen Vortr\u00e4ge, bei denen das Publikum interessiert und aufmerksam ist. F\u00fcr den Referenten sind dabei die Sprechernotizen sehr hilfreich, welche nur dieser sieht.<\/p>\n<p><strong>Noch benutzerfreundlicher und leistungsst\u00e4rker<\/strong><\/p>\n<p>Die in Office 2019 Home and Student Mac enthaltenen Programme vereinfachen anfallende Schreibarbeiten und erm\u00f6glichen die Erstellung informativer Pr\u00e4sentationen. In der Office-Version, die im Herbst 2018 erschienen ist, gibt es einige Neuerungen zur Vorversion Office 2016. So wurde die Stift-Eingabe f\u00fcr alle Office-Anwendungen verbessert. Bei der Zeichenstifteingabe werden nunmehr die Neigung und die Druckintensit\u00e4t ber\u00fccksichtigt. F\u00fcr die internationale Kommunikation und wissenschaftliche Texte gibt es eine integrierte \u00dcbersetzungssoftware. Au\u00dferdem bietet die 2019-Version eine verbesserte Datenanalyse in Excel. Damit einher gehen neue Arten von Formeln und Diagrammen. In PowerPoint findet der Nutzer eine erweiterte Auswahl an Animationen sowie eine Morph- und Zoom-Funktion f\u00fcr die \u00dcberg\u00e4nge. Des Weiteren k\u00f6nnen SVG-Dateien und 3D-Modelle in die Pr\u00e4sentationen eingebaut und in 4K-Aufl\u00f6sung als Videos exportiert werden.<\/p>\n<p><strong>Unkompliziert Office 2019 Home and Student Mac kaufen<\/strong><\/p>\n<p>Bei uns kann man das bekannte Softwarepaket auf einfache Art kaufen. Hier kann man diese schnell herunterladen und erh\u00e4lt ohne lange Versandzeiten Originalsoftware. Neben dem passenden Produktschl\u00fcssel stellt Lizengo auch Hilfe bei der Installation zur Verf\u00fcgung. Macintosh-Nutzer erhalten somit eine ma\u00dfgeschneiderte Variante der global bekannten Office-Software. Die erstellten Dokumente sind sehr gut f\u00fcr den internationalen Austausch geeignet, da es sich um weitverbreitete Dateiformate handelt. Am heimischen Mac wie auf dem iPad \u00fcberzeugt Office 2019 Home and Student Mac mit seinem Funktionsumfang Menschen aller Generationen.<\/p>\n","protected":false},"excerpt":{"rendered":"<p>Office 2019 Home and Student Mac bietet dem Privatanwender alles, was er zur Erledigung der meisten Schreibarbeiten braucht. Das Office-Paket ist zu Recht seit vielen Jahren eines der bekanntesten Softwarebundles. Die 2019-Version umfasst bew\u00e4hrte Funktionen und erweitert die beliebten Programme um einige moderne Features. Office 2019 Home and Student Mac zu kaufen bedeutet, Word, Excel [&hellip;]<\/p>\n","protected":false},"featured_media":1790,"comment_status":"open","ping_status":"closed","template":"","meta":{"_acf_changed":false},"product_cat":[156],"product_tag":[],"acf":[],"jetpack_sharing_enabled":true,"_links":{"self":[{"href":"http:\/\/pc-direkthandel.de\/wordpress\/wp-json\/wp\/v2\/product\/1789"}],"collection":[{"href":"http:\/\/pc-direkthandel.de\/wordpress\/wp-json\/wp\/v2\/product"}],"about":[{"href":"http:\/\/pc-direkthandel.de\/wordpress\/wp-json\/wp\/v2\/types\/product"}],"replies":[{"embeddable":true,"href":"http:\/\/pc-direkthandel.de\/wordpress\/wp-json\/wp\/v2\/comments?post=1789"}],"wp:featuredmedia":[{"embeddable":true,"href":"http:\/\/pc-direkthandel.de\/wordpress\/wp-json\/wp\/v2\/media\/1790"}],"wp:attachment":[{"href":"http:\/\/pc-direkthandel.de\/wordpress\/wp-json\/wp\/v2\/media?parent=1789"}],"wp:term":[{"taxonomy":"product_cat","embeddable":true,"href":"http:\/\/pc-direkthandel.de\/wordpress\/wp-json\/wp\/v2\/product_cat?post=1789"},{"taxonomy":"product_tag","embeddable":true,"href":"http:\/\/pc-direkthandel.de\/wordpress\/wp-json\/wp\/v2\/product_tag?post=1789"}],"curies":[{"name":"wp","href":"https:\/\/api.w.org\/{rel}","templated":true}]}}