{"id":1784,"date":"2019-09-17T10:46:10","date_gmt":"2019-09-17T08:46:10","guid":{"rendered":"http:\/\/pc-direkthandel.de\/wordpress\/?post_type=product&#038;p=1784"},"modified":"2019-10-11T18:19:35","modified_gmt":"2019-10-11T16:19:35","slug":"microsoft-office-2019-home-business-esd-key-2","status":"publish","type":"product","link":"http:\/\/pc-direkthandel.de\/wordpress\/product\/microsoft-office-2019-home-business-esd-key-2\/","title":{"rendered":"Microsoft Office 2019 Home &#038; Business (ESD &#038; Key)"},"content":{"rendered":"<p>Office 2019 Home and Business Mac ist eine umfassende Programmsammlung f\u00fcr Einzelpersonen und Familien sowie f\u00fcr Unternehmen jeder Gr\u00f6\u00dfe. Mit ihr kann der Nutzer unter anderem E-Mails verwalten, Textdokumente bearbeiten und Pr\u00e4sentationen erstellen. Dazu sind die jeweils aktuellen Versionen von Outlook, Word, PowerPoint und Excel enthalten.<\/p>\n<p><strong>Funktionsvielfalt in Word und PowerPoint<\/strong><\/p>\n<p>Entscheidet man sich daf\u00fcr, Office 2019 Home and Business Mac zu kaufen, kann man die vielf\u00e4ltigen M\u00f6glichkeiten der weltweit bekannten Textverarbeitungssoftware Word nutzen. Dabei stechen die sogenannten nat\u00fcrlichen Gesten hervor, die man mit dem Finger oder dem Stift auf einem Ger\u00e4t mit Touchbedienung ausf\u00fchren kann. Im Freihand-Editor k\u00f6nnen somit beispielsweise W\u00f6rter zum Ausw\u00e4hlen eingekreist oder zum L\u00f6schen durchgestrichen werden. Der integrierte Office-Assistent &#8222;Remix 3D&#8220; dagegen erstellt 3D-Modelle von Objekten oder Lebewesen f\u00fcr die Verwendung in Word, Excel und PowerPoint. So erhalten die Dokumente und Pr\u00e4sentationen des Unternehmens mehr visuelle Spannung. Der Wechsel vom Modellieren zum Dokument verl\u00e4uft nahtlos. In PowerPoint k\u00f6nnen sogar animierte 3D-Modelle verwendet werden, um die \u00dcberg\u00e4nge zwischen den Folien interessanter zu gestalten. Trifft man die Wahl, Office 2019 Home and Business Mac zu kaufen, sind diese Programme und Funktionen ohne Internetzugriff ausf\u00fchrbar.<\/p>\n<p><strong>Notieren, Berechnen und Kommunizieren leicht gemacht<\/strong><\/p>\n<p>Excel gilt als der Klassiker unter den Tabellenkalkulationsprogrammen. In der 2019-Version bietet es viele hilfreiche und zeitsparende Werkzeuge. So lernt das Programm w\u00e4hrend der Nutzer arbeitet dazu und erkennt Arbeitsmuster, um k\u00fcnftig passendere Vorschl\u00e4ge machen zu k\u00f6nnen. F\u00fcr einen schnellen Einstieg und ein gelungenes Design kann man eine der Vorlagen aus \u00fcber 40 Kategorien w\u00e4hlen. Mit den eingetragenen Daten lassen sich, wie auch in den Vorversionen, komplexe Berechnungen anhand von Formeln erstellen. Mit Formatierungen, Sparklines und Tabellen werden die Inhalte sehr ansprechend und \u00fcbersichtlich dargestellt. Neue Diagrammarten erm\u00f6glichen es, Prognosen und Trends noch komfortabler darzustellen.<\/p>\n<p>K\u00e4ufer von Office 2019 Home and Business Mac haben des Weiteren Zugriff auf die 2019-Version von Outlook und k\u00f6nnen somit auch unterwegs effizient E-Mails bearbeiten. Schlie\u00dflich sind Kalender, Kontakte und Office-Dateien auf praktische Weise in die App integriert.<\/p>\n<p><strong>Per Download Office 2019 Home and Business Mac kaufen<\/strong><\/p>\n<p>Wer sich f\u00fcr das Office-Paket f\u00fcr seinen Haushalt oder sein Unternehmen interessiert, ist bei Lizengo an der richtigen Adresse. Hier gibt es die bew\u00e4hrten Office-Programme als sicheren Download. So erh\u00e4lt man auf unkomplizierte und schnelle Weise Zugang zu den international zu Recht beliebten Schreib- und Pr\u00e4sentationsprogrammen. Dabei ben\u00f6tigt jeder Rechner, auf dem die Office-Programme laufen sollen, einen eigenen Produktschl\u00fcssel. Sollten sich Fragen oder Unsicherheiten bei der Auswahl oder Installation von Office 2019 Home and Business Mac ergeben, hilft das kompetente Lizengo-Team gern weiter.<\/p>\n","protected":false},"excerpt":{"rendered":"<p>Office 2019 Home and Business Mac ist eine umfassende Programmsammlung f\u00fcr Einzelpersonen und Familien sowie f\u00fcr Unternehmen jeder Gr\u00f6\u00dfe. Mit ihr kann der Nutzer unter anderem E-Mails verwalten, Textdokumente bearbeiten und Pr\u00e4sentationen erstellen. Dazu sind die jeweils aktuellen Versionen von Outlook, Word, PowerPoint und Excel enthalten. Funktionsvielfalt in Word und PowerPoint Entscheidet man sich daf\u00fcr, [&hellip;]<\/p>\n","protected":false},"featured_media":1785,"comment_status":"open","ping_status":"closed","template":"","meta":{"_acf_changed":false},"product_cat":[156],"product_tag":[],"acf":[],"jetpack_sharing_enabled":true,"_links":{"self":[{"href":"http:\/\/pc-direkthandel.de\/wordpress\/wp-json\/wp\/v2\/product\/1784"}],"collection":[{"href":"http:\/\/pc-direkthandel.de\/wordpress\/wp-json\/wp\/v2\/product"}],"about":[{"href":"http:\/\/pc-direkthandel.de\/wordpress\/wp-json\/wp\/v2\/types\/product"}],"replies":[{"embeddable":true,"href":"http:\/\/pc-direkthandel.de\/wordpress\/wp-json\/wp\/v2\/comments?post=1784"}],"wp:featuredmedia":[{"embeddable":true,"href":"http:\/\/pc-direkthandel.de\/wordpress\/wp-json\/wp\/v2\/media\/1785"}],"wp:attachment":[{"href":"http:\/\/pc-direkthandel.de\/wordpress\/wp-json\/wp\/v2\/media?parent=1784"}],"wp:term":[{"taxonomy":"product_cat","embeddable":true,"href":"http:\/\/pc-direkthandel.de\/wordpress\/wp-json\/wp\/v2\/product_cat?post=1784"},{"taxonomy":"product_tag","embeddable":true,"href":"http:\/\/pc-direkthandel.de\/wordpress\/wp-json\/wp\/v2\/product_tag?post=1784"}],"curies":[{"name":"wp","href":"https:\/\/api.w.org\/{rel}","templated":true}]}}