{"id":1779,"date":"2019-09-17T10:41:55","date_gmt":"2019-09-17T08:41:55","guid":{"rendered":"http:\/\/pc-direkthandel.de\/wordpress\/?post_type=product&#038;p=1779"},"modified":"2019-11-07T15:41:00","modified_gmt":"2019-11-07T13:41:00","slug":"microsoft-office-2019-home-business-esd-key","status":"publish","type":"product","link":"http:\/\/pc-direkthandel.de\/wordpress\/product\/microsoft-office-2019-home-business-esd-key\/","title":{"rendered":"Microsoft Office 2019 Home &#038; Business (ESD &#038; Key)"},"content":{"rendered":"<p><strong>B\u00fcro und zu Hause gleichzeitig &#8211; mit\u00a0Office 2019 Home and Business<\/strong><\/p>\n<p>Der Name deutet bereits an, dass die Anwendungen in dieser Programmsammlung sowohl f\u00fcr den privaten oder beruflichen Einsatz zu Hause als auch im B\u00fcro geeignet sind. Enthalten sind die jeweils aktuellsten Varianten von Word, Excel, PowerPoint und Outlook. Dokumente, Tabellen, Pr\u00e4sentationen, E-Mails, Kontakte: Alles, was im beruflichen und pers\u00f6nlichen Alltag wichtig ist, verwalten Anwender mit dieser kompakten Sammlung der bekanntesten\u00a0Office-Programme\u00a0weltweit. Durch die optionale Sicherung von Daten in\u00a0Online-Speicherdiensten\u00a0ist auch das Teilen von Inhalten jeglicher Art mit Kollegen und Freunden kein Problem.<\/p>\n<p>Word ist auch im Jahr 2019 noch die beste Methode, um Dokumente jeglicher Art zu erstellen, zu \u00fcberpr\u00fcfen und zu drucken oder anderweitig\u00a0weiterzureichen. Von einseitigen Dokumenten f\u00fcr Beh\u00f6rdeng\u00e4nge bis zu komplexen wissenschaftlichen Arbeiten ist die Verwendung von Word 2019 dazu geeignet, praktisch jeden Einsatzzweck abzudecken. In dieser Version ist zus\u00e4tzlich die Integration von skalierbaren\u00a0SVG-Grafiken\u00a0m\u00f6glich, was das Handling von gro\u00dfen Bildern, Fotografien, Zeichnungen und anderen Formaten deutlich vereinfacht. Wer gerne Stifte oder die Sprache bei der Arbeit nutzt, freut sich hingegen \u00fcber die verbesserte Erkennung beider\u00a0Eingabeformen\u00a0in Word 2019.<\/p>\n<p>Das wertvollste Werkzeug f\u00fcr die Auswertung von Datens\u00e4tzen wie Finanzen ist Excel 2019: Darin verwalten Anwender sowohl kleine\u00a0Zahlengruppen\u00a0als auch komplette Gesch\u00e4ftsberichte von Unternehmen. Die vielen M\u00f6glichkeiten f\u00fcr die Visualisierung von Zahlen erm\u00f6glicht es anschlie\u00dfend, jene Informationen visuell ansprechend aufzubereiten und sofort verst\u00e4ndlich zu machen. Neu in dieser Ausgabe sind au\u00dferdem viele verbesserte mathematische Funktionen,\u00a0GPU-Beschleunigung\u00a0f\u00fcr bestimmte\u00a03D-Ansichten\u00a0und mehr. PowerPoint 2019 in\u00a0Office 2019 Home and Business \u00a0erlaubt hingegen die Integration von\u00a04K-Video\u00a0und die freie Skalierung jeglicher Grafiken, die in Folien integriert sind &#8211; komplett ohne externe Bildbearbeitung.<\/p>\n<p>Outlook ist auch in der Version von 2019 nach wie vor die beste Methode, um Kontaktdaten zentral zu archivieren und\u00a0E-Mail-Konten\u00a0zu verwalten. Anwender d\u00fcrfen eine unlimitierte Anzahl von\u00a0E-Mail-Accounts\u00a0einrichten, Daten offline speichern und E-Mails in einem Backup archivieren. Alle Kontakte speichert das Programm auf Wunsch mit Namen, Adresse, Telefonnummern &amp; Co. Vor allem beim professionellen Einsatz im Unternehmen ist\u00a0Office 2019 Home and Business daher eine ideale Methode, um mit Kunden langfristig in Kontakt zu bleiben und die wichtigsten Daten nicht zu verlieren. Der intelligente\u00a0E-Mail-Eingang\u00a0sortiert eingehende Nachrichten auf Wunsch vor, sodass nur die wichtige Post sofort ankommt.<\/p>\n<p>F\u00fcr die Installation setzt Microsoft zwingend eine der Editionen von Windows 10 voraus. Keines der Programme wird starten, wenn eine \u00e4ltere Version von Windows installiert ist. Es handelt sich weiterhin um einen vollwertigen Produktschl\u00fcssel, die f\u00fcr mindestens f\u00fcnf Jahre von Microsoft mit allen wichtigen Updates versorgt wird. Alle Programme sind auch ohne Internetzugang nutzbar und ben\u00f6tigen keine\u00a0Cloud-Anbindung\u00a0f\u00fcr die Verwendung. Bei Bedarf ist die Sicherung von Daten in\u00a0Cloud-Dienste\u00a0wie\u00a0OneDrive trotzdem m\u00f6glich.<\/p>\n","protected":false},"excerpt":{"rendered":"<p>B\u00fcro und zu Hause gleichzeitig &#8211; mit\u00a0Office 2019 Home and Business Der Name deutet bereits an, dass die Anwendungen in dieser Programmsammlung sowohl f\u00fcr den privaten oder beruflichen Einsatz zu Hause als auch im B\u00fcro geeignet sind. Enthalten sind die jeweils aktuellsten Varianten von Word, Excel, PowerPoint und Outlook. Dokumente, Tabellen, Pr\u00e4sentationen, E-Mails, Kontakte: Alles, [&hellip;]<\/p>\n","protected":false},"featured_media":1780,"comment_status":"open","ping_status":"closed","template":"","meta":{"_acf_changed":false},"product_cat":[155],"product_tag":[],"acf":[],"jetpack_sharing_enabled":true,"_links":{"self":[{"href":"http:\/\/pc-direkthandel.de\/wordpress\/wp-json\/wp\/v2\/product\/1779"}],"collection":[{"href":"http:\/\/pc-direkthandel.de\/wordpress\/wp-json\/wp\/v2\/product"}],"about":[{"href":"http:\/\/pc-direkthandel.de\/wordpress\/wp-json\/wp\/v2\/types\/product"}],"replies":[{"embeddable":true,"href":"http:\/\/pc-direkthandel.de\/wordpress\/wp-json\/wp\/v2\/comments?post=1779"}],"wp:featuredmedia":[{"embeddable":true,"href":"http:\/\/pc-direkthandel.de\/wordpress\/wp-json\/wp\/v2\/media\/1780"}],"wp:attachment":[{"href":"http:\/\/pc-direkthandel.de\/wordpress\/wp-json\/wp\/v2\/media?parent=1779"}],"wp:term":[{"taxonomy":"product_cat","embeddable":true,"href":"http:\/\/pc-direkthandel.de\/wordpress\/wp-json\/wp\/v2\/product_cat?post=1779"},{"taxonomy":"product_tag","embeddable":true,"href":"http:\/\/pc-direkthandel.de\/wordpress\/wp-json\/wp\/v2\/product_tag?post=1779"}],"curies":[{"name":"wp","href":"https:\/\/api.w.org\/{rel}","templated":true}]}}