{"id":1777,"date":"2019-09-17T10:39:44","date_gmt":"2019-09-17T08:39:44","guid":{"rendered":"http:\/\/pc-direkthandel.de\/wordpress\/?post_type=product&#038;p=1777"},"modified":"2019-10-11T18:18:46","modified_gmt":"2019-10-11T16:18:46","slug":"microsoft-office-2019-home-student-esd-key","status":"publish","type":"product","link":"http:\/\/pc-direkthandel.de\/wordpress\/product\/microsoft-office-2019-home-student-esd-key\/","title":{"rendered":"Microsoft Office 2019 Home &#038; Student (ESD &#038; Key)"},"content":{"rendered":"<p><strong>Ideal geeignet f\u00fcr Privatanwender: Office 2019 Home and Student<\/strong><\/p>\n<p>Die wertvollsten Bestandteile f\u00fcr alle, die von zu Hause aus arbeiten: All das verbindet Office 2019 in der Home and Student-Edition. Es handelt sich um eine Programm f\u00fcr genau ein Ger\u00e4t, welches die Programme Word, Excel und PowerPoint beinhaltet. OneNote steht \u00fcber den Windows Store in Windows 10 zum Download bereit. Daten speichern Anwender entweder offline direkt auf dem Computer oder auch online in der Cloud durch die Verwendung von OneDrive oder \u00e4hnlichen Anbietern. &#8222;Zu Hause oder in der Schule mehr erledigen&#8220;: Das ist das Motto von Microsoft, das mit dieser Edition von Office 2019 auch eingehalten werden kann.<\/p>\n<p>Professionell aussehende Dokumente lassen sich in Word 2019 nun effektiver gestalten: Bearbeitung und \u00dcberpr\u00fcfung des Inhalts des Ausdrucks am Drucker geschehen in einem Arbeitsgang. Zus\u00e4tzlich ist die aus dem Vorg\u00e4nger bekannte Suchfunktion inbegriffen, sodass Anf\u00e4nger schnell Zugriff auf alle wichtigen Funktionen in Word 2019 erhalten. Komplett neu enthalten in der Version in Office 2019 Home and Student ist au\u00dferdem die Integration von SVG-Grafiken, die sich einfacher skalieren und verschieben lassen als etwa JPG- oder PNG-Grafiken. Alle, die mit einem Stift auf einem Touchscreen schreiben, freuen sich au\u00dferdem \u00fcber eine verbesserte Schrifterkennung. Das ist vor allem beim Festhalten von Notizen hilfreich.<\/p>\n<p>F\u00fcr Pr\u00e4sentationen wie geschaffen ist hingegen PowerPoint 2019: Das bekannte Werkzeug erlaubt die Gestaltung von Folien und kompletten Pr\u00e4sentationen auf einem professionellen Niveau. Ideen und Informationen lassen sich dadurch optisch und auch akustisch ansprechender darstellen. Neu in PowerPoint in Office 2019 ist die Verwendung von Aufnahmen in Ultra-HD-Aufl\u00f6sung, sodass 4K-Videos jetzt fl\u00fcssig in die Folien integriert werden k\u00f6nnen. Eine verbesserte Unterst\u00fctzung f\u00fcr Zoomen und Skalierung bestehender Fotos oder anderer Grafiken machen au\u00dferdem den Kauf von zus\u00e4tzlichen Programmen f\u00fcr die Bildbearbeitung \u00fcberfl\u00fcssig. Von einfachen Folien bis zu mehreren Seiten langen Folien ist PowerPoint 2019 das geeignete Tool.<\/p>\n<p>Mit Excel 2019 steht K\u00e4ufern dieses Programms hingegen die bekannte Applikation f\u00fcr die Verwaltung von Tabellen bereit. Daten jeglicher Art lassen sich einfach und intuitiv eintragen und optisch aufbereiten. Tastenkombinationen erlauben den schnellen Zugriff auf die wichtigsten Funktionen f\u00fcr Nutzer, die t\u00e4glich mit Excel arbeiten. Verbessert in der neuen Version sind unter anderem die mathematischen Funktionen, die jetzt in gr\u00f6\u00dferer Anzahl im Paket enthalten sind. Au\u00dferdem stellt die Applikation neue Methoden zur Verf\u00fcgung, um Daten optisch ansprechend darzustellen und somit ein Werkzeug f\u00fcr die Visualisierung bereitzustellen. Dadurch sparen alle Nutzer Zeit und freuen sich dennoch \u00fcber den bekannten Arbeitsfluss mit Excel.<\/p>\n<p>OneNote ist in Office 2019 Home and Student kein fester Bestandteil des Pakets mehr. Stattdessen k\u00f6nnen sich Interessenten das Programm im Windows Store herunterladen. Weiterhin hat Microsoft die Kompatibilit\u00e4t mit allen \u00e4lteren Versionen von Windows entfernt. Auf dem Ger\u00e4t muss zwingend Windows 10 installiert sein, um die Vorteile von Office 2019 und allen enthaltenen Anwendungen zu nutzen. Es handelt sich hierbei um ein dauerhaft nutzbares Programmpaket, welches f\u00fcr mindestens f\u00fcnf Jahre von Microsoft mit Updates versorgt wird. Anders als bei Office 365 fallen keinerlei Abo-Geb\u00fchren an. Die Sicherung von Daten in OneDrive erzeugt eventuell Kosten.<\/p>\n","protected":false},"excerpt":{"rendered":"<p>Ideal geeignet f\u00fcr Privatanwender: Office 2019 Home and Student Die wertvollsten Bestandteile f\u00fcr alle, die von zu Hause aus arbeiten: All das verbindet Office 2019 in der Home and Student-Edition. Es handelt sich um eine Programm f\u00fcr genau ein Ger\u00e4t, welches die Programme Word, Excel und PowerPoint beinhaltet. OneNote steht \u00fcber den Windows Store in [&hellip;]<\/p>\n","protected":false},"featured_media":1778,"comment_status":"open","ping_status":"closed","template":"","meta":{"_acf_changed":false},"product_cat":[155],"product_tag":[],"acf":[],"jetpack_sharing_enabled":true,"_links":{"self":[{"href":"http:\/\/pc-direkthandel.de\/wordpress\/wp-json\/wp\/v2\/product\/1777"}],"collection":[{"href":"http:\/\/pc-direkthandel.de\/wordpress\/wp-json\/wp\/v2\/product"}],"about":[{"href":"http:\/\/pc-direkthandel.de\/wordpress\/wp-json\/wp\/v2\/types\/product"}],"replies":[{"embeddable":true,"href":"http:\/\/pc-direkthandel.de\/wordpress\/wp-json\/wp\/v2\/comments?post=1777"}],"wp:featuredmedia":[{"embeddable":true,"href":"http:\/\/pc-direkthandel.de\/wordpress\/wp-json\/wp\/v2\/media\/1778"}],"wp:attachment":[{"href":"http:\/\/pc-direkthandel.de\/wordpress\/wp-json\/wp\/v2\/media?parent=1777"}],"wp:term":[{"taxonomy":"product_cat","embeddable":true,"href":"http:\/\/pc-direkthandel.de\/wordpress\/wp-json\/wp\/v2\/product_cat?post=1777"},{"taxonomy":"product_tag","embeddable":true,"href":"http:\/\/pc-direkthandel.de\/wordpress\/wp-json\/wp\/v2\/product_tag?post=1777"}],"curies":[{"name":"wp","href":"https:\/\/api.w.org\/{rel}","templated":true}]}}