{"id":1775,"date":"2019-09-17T10:37:37","date_gmt":"2019-09-17T08:37:37","guid":{"rendered":"http:\/\/pc-direkthandel.de\/wordpress\/?post_type=product&#038;p=1775"},"modified":"2019-11-07T15:40:08","modified_gmt":"2019-11-07T13:40:08","slug":"microsoft-office-2019-professional-esd-key","status":"publish","type":"product","link":"http:\/\/pc-direkthandel.de\/wordpress\/product\/microsoft-office-2019-professional-esd-key\/","title":{"rendered":"Microsoft Office 2019 Professional (ESD &#038; Key)"},"content":{"rendered":"<p><strong>Produktiver arbeiten mit Office 2019 Professional<\/strong><\/p>\n<p>Dokumente verfassen, Finanzpl\u00e4ne aufstellen, Pr\u00e4sentationen gestalten, Notizen anlegen und mit Kollegen via E-Mail in Kontakt bleiben: Office 2019 Professional bietet alle wichtigen Anwendungen, um privat und bei der Arbeit alle Aufgaben erledigen zu k\u00f6nnen. Das Programmpaket ist auch in der 2019er-Version in unterschiedliche Applikationen unterteilt. Eine Anbindung an die Cloud, wie in Office 365, findet in Office 2019 Professional nicht statt. Stattdessen funktioniert das gesamte Paket komplett offline. Eine Internetanbindung ist nur notwendig, um in regelm\u00e4\u00dfigen Abst\u00e4nden Sicherheits- und Funktionsupdates zu beziehen. Daher eignet sich das Programmpaket auch f\u00fcr Unternehmen oder Privatnutzer, die f\u00fcr die Cloud aktuell noch nicht bereit sind oder nicht darauf zugreifen d\u00fcrfen.<\/p>\n<p><a title=\"Microsoft Word kaufen\" href=\"https:\/\/www.lizengo.de\/office-programm\/microsoft-word\" target=\"_self\" rel=\"noopener noreferrer\">Microsoft Word<\/a> zeigt sich im Jahr 2019 in einem neuen Gewand und bietet unter anderem eine verbesserte Erkennung von Stift- und Spracheingaben. Text muss nicht mehr zwingend via Tastatur eingegeben werden: Stifte wie der Microsoft Pencil in Verbindung mit Surface-Ger\u00e4ten erlauben das nat\u00fcrliche Schreiben innerhalb von Word, das anschlie\u00dfend automatisch in Maschinenschrift \u00fcbersetzt wird. Auch die Spracheingabe wurde verbessert, indem Ergebnisse des Assistenten Cortana in dieses Feature eingeflossen sind. Anwendern steht damit eine neue Bandbreite an M\u00f6glichkeiten zur Verf\u00fcgung, um Microsoft Word zu bedienen und auf eine neue Art und Weise kreativ zu werden. Selbstverst\u00e4ndlich kann Word auch mit anderen Dokumenttypen als dem hauseigenen DOCX-Format umgehen.<\/p>\n<p>F\u00fcr die Tabellierung von Finanzen, Datens\u00e4tzen, Ausgaben, Produktnamen und weiteren Informationen bietet sich auch in Office 2019 das Programm <a title=\"Microsoft Excel kaufen\" href=\"https:\/\/www.lizengo.de\/office-programm\/microsoft-excel\" target=\"_self\" rel=\"noopener noreferrer\">Excel<\/a> an. In dieser Ausgabe wartet die Anwendung mit neuen Funktionen und Diagrammen auf, welche die Datenanalyse innerhalb von Excel erheblich erweitern. Vor allem Unternehmen profitieren von diesem Schritt, da sich Daten nun visuell ansprechender aufbereiten und verwalten lassen. PowerPoint wurde ebenfalls erweitert, sodass Anwender in Pr\u00e4sentationen nun Zooms einf\u00fcgen k\u00f6nnen oder gesamte Folien verzerren und verschieben k\u00f6nnen. Das Resultat k\u00f6nnen ansprechendere, interaktive Pr\u00e4sentationen sein, die mehr bieten als das, was bisher von typischen PowerPoint-Pr\u00e4sentationen bekannt ist.<\/p>\n<p>Outlook stellt weiterhin eine Kernanwendung in Office 2019 Professional dar. Das Programm verwaltet nicht nur alle E-Mail-Adressen des Nutzers, sondern bietet weiterhin einen \u00dcberblick \u00fcber alle bekannten Kontakte sowie einen Terminplaner. Jeder bekannte Kontakt kann mit E-Mail-Adresse, Telefonnummern, Webseiten und weiteren wichtigen Daten angereichert werden. Die Synchronisation mit Outlook auf dem Smartphone macht es m\u00f6glich, jene Daten \u00fcberall in der Tasche dabei zu haben. Vor allem Unternehmen profitieren davon: \u00dcber Exchange-Server ist es m\u00f6glich, Kontaktdaten und Termine f\u00fcr alle Mitarbeiter auf dem aktuellen Stand zu halten. Somit ist dieses Office-Paket nicht nur ein Werkzeug f\u00fcr typische B\u00fcroaufgaben, sondern auch ein organisatorisches Tool.<\/p>\n<p>Ab sofort bietet Microsoft Support f\u00fcr neue Technologien wie 4K-Videos, um diese in Pr\u00e4sentationen in PowerPoint einzuf\u00fcgen. Word beherrscht nun den Umgang mit frei skalierbaren SVG-Dateien, was einerseits Speicherplatz spart und andererseits deutlich flexibler beim Umgang im Alltag ist. \u00dcber alle Anwendungen hinweg hat Microsoft zus\u00e4tzlich die Sicherheit, die Nutzbarkeit sowie die Verwaltung aller Programme erleichtert. Am Ende entsteht dadurch ein umfangreiches Paket der wichtigsten Anwendungen, auf die professionelle Nutzer nicht verzichten sollten.<\/p>\n<p>Microsoft hat Office 2019 Professional auf die M\u00f6glichkeiten von Windows 10 optimiert. Aus diesem Grund wird es nicht m\u00f6glich sein, die Anwendungen in diesem Programmpaket auf Ger\u00e4ten zu starten, die mit \u00e4lteren Windows-Versionenausgestattet sind. F\u00fcr den Betrieb ist Windows 10 notwendig. Es gibt keine anderen Varianten von Office 2019, die mit \u00e4lteren Windows-Versionen kompatibel sind.<\/p>\n","protected":false},"excerpt":{"rendered":"<p>Produktiver arbeiten mit Office 2019 Professional Dokumente verfassen, Finanzpl\u00e4ne aufstellen, Pr\u00e4sentationen gestalten, Notizen anlegen und mit Kollegen via E-Mail in Kontakt bleiben: Office 2019 Professional bietet alle wichtigen Anwendungen, um privat und bei der Arbeit alle Aufgaben erledigen zu k\u00f6nnen. Das Programmpaket ist auch in der 2019er-Version in unterschiedliche Applikationen unterteilt. Eine Anbindung an die [&hellip;]<\/p>\n","protected":false},"featured_media":1776,"comment_status":"open","ping_status":"closed","template":"","meta":{"_acf_changed":false},"product_cat":[155],"product_tag":[],"acf":[],"jetpack_sharing_enabled":true,"_links":{"self":[{"href":"http:\/\/pc-direkthandel.de\/wordpress\/wp-json\/wp\/v2\/product\/1775"}],"collection":[{"href":"http:\/\/pc-direkthandel.de\/wordpress\/wp-json\/wp\/v2\/product"}],"about":[{"href":"http:\/\/pc-direkthandel.de\/wordpress\/wp-json\/wp\/v2\/types\/product"}],"replies":[{"embeddable":true,"href":"http:\/\/pc-direkthandel.de\/wordpress\/wp-json\/wp\/v2\/comments?post=1775"}],"wp:featuredmedia":[{"embeddable":true,"href":"http:\/\/pc-direkthandel.de\/wordpress\/wp-json\/wp\/v2\/media\/1776"}],"wp:attachment":[{"href":"http:\/\/pc-direkthandel.de\/wordpress\/wp-json\/wp\/v2\/media?parent=1775"}],"wp:term":[{"taxonomy":"product_cat","embeddable":true,"href":"http:\/\/pc-direkthandel.de\/wordpress\/wp-json\/wp\/v2\/product_cat?post=1775"},{"taxonomy":"product_tag","embeddable":true,"href":"http:\/\/pc-direkthandel.de\/wordpress\/wp-json\/wp\/v2\/product_tag?post=1775"}],"curies":[{"name":"wp","href":"https:\/\/api.w.org\/{rel}","templated":true}]}}