{"id":1773,"date":"2019-09-17T10:35:42","date_gmt":"2019-09-17T08:35:42","guid":{"rendered":"http:\/\/pc-direkthandel.de\/wordpress\/?post_type=product&#038;p=1773"},"modified":"2019-11-07T15:39:27","modified_gmt":"2019-11-07T13:39:27","slug":"microsoft-office-2019-standard-esd-key","status":"publish","type":"product","link":"http:\/\/pc-direkthandel.de\/wordpress\/product\/microsoft-office-2019-standard-esd-key\/","title":{"rendered":"Microsoft Office 2019 Standard (ESD &#038; Key)"},"content":{"rendered":"<p><strong>Office 2019 Standard: bequem arbeiten zu Hause und im B\u00fcro<\/strong><\/p>\n<p>F\u00fcr alle Aufgaben das richtige Werkzeug: Office 2019 Standard beinhaltet typische Anwendungen, die Anwender sowohl im privaten Rahmen als auch im Home-Office oder Mitarbeiter in einem B\u00fcro ben\u00f6tigen. Damit richtet sich das Paket vor allem an Personen, die vorrangig an einem einzigen Ger\u00e4t &#8211; wie einem Desktop-Computer oder einem Notebook &#8211; arbeiten. Von einem kurzen Dokument f\u00fcr die allt\u00e4gliche Arbeit bis zu Aufstellungen \u00fcber die finanzielle Lage des Haushalts bis zum Entwurf professioneller Pr\u00e4sentationen ist alles enthalten, was in B\u00fcros und zu Hause an Arbeit anf\u00e4llt. Auch die produktive Arbeit ist durch die M\u00f6glichkeiten von Word, Excel &amp; Co. vollst\u00e4ndig abgedeckt.<\/p>\n<p>Word 2019 erm\u00f6glicht es professionellen und privaten Nutzern Dokumente nach den eigenen Vorstellungen zu gestalten. Schriftarten und -gr\u00f6\u00dfen, Fu\u00df- und Kopfzeilen, Briefk\u00f6pfe, Vorlagen und vieles mehr lassen sich frei gestalten. Zus\u00e4tzlich ist die Einbindung von Grafiken m\u00f6glich &#8211; und mit Office 2019 sogar im SVG-Format. Diese Grafiken nehmen sehr wenig Speicherplatz ein und lassen sich frei skalieren, sodass sowohl sehr kleine als auch gro\u00dfe Bilder problemlos Platz in einem Dokument finden. Verbunden mit den neuen M\u00f6glichkeiten f\u00fcr eine verbesserte Stift- und Spracheingabe stehen mehr Optionen als in der Vorg\u00e4ngerversion zur Verf\u00fcgung, um Dokumenten genau den Anstrich zu geben, den sich der Anwender w\u00fcnscht.<\/p>\n<p>Excel 2019 wurde seinerseits erweitert, um mehr Funktionen und Analyse-Tools f\u00fcr versierte Anwender bereitzustellen. Zahlen und andere Daten k\u00f6nnen nun auf noch mehr Wegen visuell aufbereitet werden, um f\u00fcr den jeweiligen Einsatzbereich treffende Grafiken zu erstellen. Weiterhin wurde die Beschleunigung von 3D-Darstellungen durch die Grafikkarte verbessert, was vor allem bei umfangreichen Tabellen eine schnellere Arbeit erm\u00f6glicht. Auch PowerPoint 2019 kommt mit neuen Funktionen daher &#8211; um etwa bestimmte Grafiken stufenlos zoomen zu k\u00f6nnen oder Folien und Bilder zu verzerren und in ihrer Gr\u00f6\u00dfe an den Bedarf anzupassen, ohne externe Bildbearbeitungs-Tools zu verwenden. PPT-Dateien lassen sich trotzdem weiterhin ohne installiertes PowerPoint ausf\u00fchren.<\/p>\n<p>Die Oberfl\u00e4che von Word, Excel und PowerPoint orientiert sich weiterhin am bekannten Vorg\u00e4nger aus Office 2016. Alle Anwender der Vorg\u00e4ngerversion werden sich in Office 2019 Standard und dessen Bestandteilen somit sofort zurechtfinden. Microsoft zeigt sich au\u00dferdem weiter f\u00fcr fremde Dateiformate offen, um Kompatibil\u00e4tsprobleme auszuschlie\u00dfen. Die Systemanforderungen haben sich im Vergleich zum Vorg\u00e4nger kaum ver\u00e4ndert, was dazu f\u00fchrt, dass alle Programmbestandteile auch auf \u00e4lteren Notebooks oder anderen Computern einwandfrei funktionieren. Ebenfalls \u00fcbernommen wurde die M\u00f6glichkeit, alle Programme in einen Modus zu versetzen, der die Eingabe mit den Fingern auf Tablet-\u00e4hnlichen Ger\u00e4ten erm\u00f6glicht.<\/p>\n<p>Microsoft hat Office 2019 Standard als erste Office-Version ver\u00f6ffentlicht, die Windows 10 zwingend als Betriebssystem voraussetzt. Das hei\u00dft, dass \u00e4ltere Versionen wie Windows 7 oder Windows 8.1 nicht mit den Applikationen in dieser Programmsammlung kompatibel sind. Weiterhin verzichtet diese Version von Office 2019 auf eine Anbindung an die Cloud. Der Betrieb ist daher vollst\u00e4ndig offline ohne Anbindung an das Internet oder OneDrive als Cloud-L\u00f6sung m\u00f6glich. Auf Wunsch k\u00f6nnen Anwender dennoch ein Abonnement f\u00fcr OneDrive abschlie\u00dfen und Daten direkt in der Cloud speichern, ohne den Umweg \u00fcber die eigene Festplatte zu nehmen. Microsoft garantiert die \u00dcbermittlung aller wichtigen Updates f\u00fcr die n\u00e4chsten f\u00fcnf Jahre nach Erscheinen von Office 2019.<\/p>\n","protected":false},"excerpt":{"rendered":"<p>Office 2019 Standard: bequem arbeiten zu Hause und im B\u00fcro F\u00fcr alle Aufgaben das richtige Werkzeug: Office 2019 Standard beinhaltet typische Anwendungen, die Anwender sowohl im privaten Rahmen als auch im Home-Office oder Mitarbeiter in einem B\u00fcro ben\u00f6tigen. Damit richtet sich das Paket vor allem an Personen, die vorrangig an einem einzigen Ger\u00e4t &#8211; wie [&hellip;]<\/p>\n","protected":false},"featured_media":1774,"comment_status":"open","ping_status":"closed","template":"","meta":{"_acf_changed":false},"product_cat":[155],"product_tag":[],"acf":[],"jetpack_sharing_enabled":true,"_links":{"self":[{"href":"http:\/\/pc-direkthandel.de\/wordpress\/wp-json\/wp\/v2\/product\/1773"}],"collection":[{"href":"http:\/\/pc-direkthandel.de\/wordpress\/wp-json\/wp\/v2\/product"}],"about":[{"href":"http:\/\/pc-direkthandel.de\/wordpress\/wp-json\/wp\/v2\/types\/product"}],"replies":[{"embeddable":true,"href":"http:\/\/pc-direkthandel.de\/wordpress\/wp-json\/wp\/v2\/comments?post=1773"}],"wp:featuredmedia":[{"embeddable":true,"href":"http:\/\/pc-direkthandel.de\/wordpress\/wp-json\/wp\/v2\/media\/1774"}],"wp:attachment":[{"href":"http:\/\/pc-direkthandel.de\/wordpress\/wp-json\/wp\/v2\/media?parent=1773"}],"wp:term":[{"taxonomy":"product_cat","embeddable":true,"href":"http:\/\/pc-direkthandel.de\/wordpress\/wp-json\/wp\/v2\/product_cat?post=1773"},{"taxonomy":"product_tag","embeddable":true,"href":"http:\/\/pc-direkthandel.de\/wordpress\/wp-json\/wp\/v2\/product_tag?post=1773"}],"curies":[{"name":"wp","href":"https:\/\/api.w.org\/{rel}","templated":true}]}}