{"id":1764,"date":"2019-09-17T10:22:03","date_gmt":"2019-09-17T08:22:03","guid":{"rendered":"http:\/\/pc-direkthandel.de\/wordpress\/?post_type=product&#038;p=1764"},"modified":"2019-11-07T10:55:13","modified_gmt":"2019-11-07T08:55:13","slug":"microsoft-windows-7-thin-pc","status":"publish","type":"product","link":"http:\/\/pc-direkthandel.de\/wordpress\/product\/microsoft-windows-7-thin-pc\/","title":{"rendered":"Microsoft Windows 7 Thin PC (ESD &#038; Key)"},"content":{"rendered":"<p>Windows Thin PC ist eine spezielle Version von Windows 7. Mit diesem Betriebssystem lassen sich Rechner mit \u00e4lterer Hardware in Thin Clients umwandeln. Dadurch braucht ein Unternehmen weniger neue Hardware zu kaufen. Zudem werden Kosten f\u00fcr den VDA gespart, da dieser f\u00fcr Thin Clients nicht gesondert n\u00f6tig sind. Neben station\u00e4ren Rechnern lassen sich auch Laptops mit dem Betriebssystem versorgen. Schlie\u00dflich l\u00e4sst die Software auch eine kabellose Remote Desktop Nutzung zu, etwa \u00fcber die WLAN-Antenne eines Notebooks. In virtuellen Maschinen kann das Betriebssystem aber nicht genutzt werden, da es f\u00fcr einen anderen Zweck entwickelt wurde. Unter Windows Thin PC kann der Nutzer Programme aus folgenden Bereichen ausf\u00fchren:<\/p>\n<ul>\n<li>Sicherheit, Management, Terminal-Emulierung,<\/li>\n<li>Remote Desktop und \u00e4hnliche Technologien,<\/li>\n<li>Webbrowser, Media Player und Instant Messaging,<\/li>\n<li>Dokumentenansicht und<\/li>\n<li>.NET Framework und Java Virtual Machine.<\/li>\n<\/ul>\n<p>Programme, in denen man selbst etwas produziert, wie etwa Office, werden jedoch nicht unterst\u00fctzt.<\/p>\n<p><strong>Energiesparende Rechner in Firmen-Infrastruktur einbinden<\/strong><\/p>\n<p>Windows Thin PC zu kaufen ist unter anderem dann eine gute Idee, wenn \u00e4ltere Rechner oder solche mit sehr geringem Energieverbrauch weitergenutzt werden sollen. Demzufolge kann das Betriebssystem dabei helfen, Kosten im Unternehmen einzusparen. Durch seinen reduzierten Leistungsumfang ben\u00f6tigt Thin PC erheblich weniger Hardwareressourcen als &#8222;gr\u00f6\u00dfere&#8220; Betriebssysteme.<br \/>\nDennoch kann Thin PC mit Management-Tools wie System Center umgehen. Es ist einfach, die Thin Clients zentral zu verwalten. Applikationen k\u00f6nnen rollenbasiert genutzt werden. Dies trifft auch f\u00fcr Sicherheits-Patches, Daten und Updates zu. F\u00fcr noch mehr IT-Sicherheit stehen die von der Enterprise-Edition bekannten Features BitLocker und AppLocker zur Verf\u00fcgung. Au\u00dferdem k\u00f6nnen die Nutzer von Thin PC auf Laptops \u00fcber DirectAccess auf sichere Weise auf Unternehmensdaten zugreifen.<\/p>\n<p><strong>Hardwareunabh\u00e4ngig grafikintensive Anwendungen nutzen<\/strong><\/p>\n<p>Windows Thin PC nutzt bestimmte Funktionen aus dem Service Pack 1 f\u00fcr Windows 7 und Windows Server 2008 R2. So kann man via Remote-Verbindung auf Windows-Desktops inklusive Aero-Effekt zugreifen. Windows Thin PC zu kaufen bedeutet auch, es wenig leistungsf\u00e4higen Ger\u00e4ten zu erm\u00f6glichen, 3D-Applikationen oder hochaufl\u00f6sende Videos ferngesteuert zu nutzen. \u00dcber ein Netzwerk kann der Nutzer grafikintensive Programme laufen lassen. Es wird keine entsprechende Hardware im lokalen PC ben\u00f6tigt, da die tats\u00e4chliche Rechenarbeit von den vernetzten Servern \u00fcbernommen wird. Thin PC ist der Nachfolger des auf Windows XP beruhenden &#8222;Windows Fundamentals&#8220; und hat \u00fcber die Jahre bereits viele zufriedene Anwender gefunden. Windows Thin PC ist eine Paketierung von &#8222;Windows Embedded Standard&#8220;. Dieses wird in abgewandelter Form auch von vielen Hersteller genuiner Thin Clients genutzt, um &#8222;schlanke&#8220; Computer ab Werk damit auszustatten.<\/p>\n<p><strong>Windows Thin PC kaufen f\u00fcr Unternehmen<\/strong><\/p>\n<p>Thin PC ist ein Betriebssystem auf der Grundlage des bew\u00e4hrten Windows 7 Enterprise. Es erlaubt es, vorhanden PCs einen neuen Zweck zuzuweisen. Aus Rechnern, die vielleicht nicht schnell genug sind, um mit vollen Windows-Betriebssystemen umgehen zu k\u00f6nnen, werden dann Thin Clients. Diese werden hohen Sicherheits- und Compliance-Anforderungen gerecht. Dazu tragen die Softwarefilter bei, die unter anderem Nutzer davon abhalten, Daten auf Festplatte zu speichern. Mittels RemoteFX erm\u00f6glicht Thin PC eine umf\u00e4ngliche Remote Desktop-Nutzung, bei der beispielsweise hochwertige Multimediainhalte abgespielt werden k\u00f6nnen, die von anderen Desktops bzw. vom Server bereitgestellt werden.<\/p>\n","protected":false},"excerpt":{"rendered":"<p>Windows Thin PC ist eine spezielle Version von Windows 7. Mit diesem Betriebssystem lassen sich Rechner mit \u00e4lterer Hardware in Thin Clients umwandeln. Dadurch braucht ein Unternehmen weniger neue Hardware zu kaufen. Zudem werden Kosten f\u00fcr den VDA gespart, da dieser f\u00fcr Thin Clients nicht gesondert n\u00f6tig sind. Neben station\u00e4ren Rechnern lassen sich auch Laptops [&hellip;]<\/p>\n","protected":false},"featured_media":1765,"comment_status":"open","ping_status":"closed","template":"","meta":{"_acf_changed":false},"product_cat":[153],"product_tag":[],"acf":[],"jetpack_sharing_enabled":true,"_links":{"self":[{"href":"http:\/\/pc-direkthandel.de\/wordpress\/wp-json\/wp\/v2\/product\/1764"}],"collection":[{"href":"http:\/\/pc-direkthandel.de\/wordpress\/wp-json\/wp\/v2\/product"}],"about":[{"href":"http:\/\/pc-direkthandel.de\/wordpress\/wp-json\/wp\/v2\/types\/product"}],"replies":[{"embeddable":true,"href":"http:\/\/pc-direkthandel.de\/wordpress\/wp-json\/wp\/v2\/comments?post=1764"}],"wp:featuredmedia":[{"embeddable":true,"href":"http:\/\/pc-direkthandel.de\/wordpress\/wp-json\/wp\/v2\/media\/1765"}],"wp:attachment":[{"href":"http:\/\/pc-direkthandel.de\/wordpress\/wp-json\/wp\/v2\/media?parent=1764"}],"wp:term":[{"taxonomy":"product_cat","embeddable":true,"href":"http:\/\/pc-direkthandel.de\/wordpress\/wp-json\/wp\/v2\/product_cat?post=1764"},{"taxonomy":"product_tag","embeddable":true,"href":"http:\/\/pc-direkthandel.de\/wordpress\/wp-json\/wp\/v2\/product_tag?post=1764"}],"curies":[{"name":"wp","href":"https:\/\/api.w.org\/{rel}","templated":true}]}}