{"id":1762,"date":"2019-09-17T10:19:57","date_gmt":"2019-09-17T08:19:57","guid":{"rendered":"http:\/\/pc-direkthandel.de\/wordpress\/?post_type=product&#038;p=1762"},"modified":"2019-11-07T10:54:52","modified_gmt":"2019-11-07T08:54:52","slug":"microsoft-windows-7-home-premium","status":"publish","type":"product","link":"http:\/\/pc-direkthandel.de\/wordpress\/product\/microsoft-windows-7-home-premium\/","title":{"rendered":"Microsoft Windows 7 Home Premium (ESD &#038; Key)"},"content":{"rendered":"<p><strong>Mit Windows 7 Home Premium das beste auch aus \u00e4lterer Hardware herausholen<\/strong><\/p>\n<p>Windows 7 Home Premium ist die kompakteste Version des immernoch beliebtesten Betriebssystem \u00a0Windows 7. Im Vergleich zum Vorg\u00e4ngersystem Windows Vista bringt das Betriebssystem Windows 7 Home Premium zahlreiche \u00c4nderungen mit sich. Dazu geh\u00f6ren die Verbesserung der Benutzeroberfl\u00e4che, neue Funktionen und Features, eine Performancesteigerung sowie Optimierungen im Sicherheitsbereich. Au\u00dferdem bietet Ihnen das Windows 7 Home Premium Betriebssystem exklusive Inhalte, wie etwa diverse Media-Programme.<\/p>\n<p><strong>Einfache Bedienung und mehr Leistung<\/strong><\/p>\n<p>Das Betriebssystem Windows 7 Home Premium erscheint mit moderner Bedienoberfl\u00e4che, neuen Features und zahlreichen Optimierungen. So wurde die Benutzerfreundlichkeit des Systems erneut verbessert, indem die wichtigsten Programme, wie zum Beispiel Windows WordPad und Paint eine Ribbon-Men\u00fcleiste erhalten haben. Dadurch behalten Sie die wichtigsten Funktionen stets im \u00dcberblick und k\u00f6nnen dementsprechend effizienter arbeiten. Mit der Unterst\u00fctzung alternativer Eingabemethoden bietet Ihnen Microsoft Windows 7 Home Premium auch noch hilfreiche Funktionen wie Multi-Touch, womit Sie beispielsweise in Paint per Touchscreen mit mehreren Fingern gleichzeitig zeichnen k\u00f6nnen. Im Windows 7 Home Premium Betriebssystem k\u00f6nnen Sie nun Widgets beliebig auf Ihrem Desktop platzieren und m\u00fcssen sich nicht mehr auf eine Sidebar begrenzen. Neben diesen optischen Verbesserungen bietet Ihnen das Betriebssystem Windows 7 Home Premium auch noch Systemoptimierungen in Form von Leistungssteigerungen, wie mit dem neuen DirectX 11. Dieses bietet Ihrem System die n\u00f6tige Grafikunterst\u00fctzung, welche es etwa f\u00fcr aufwendigere Grafikprozesse ben\u00f6tigt. Allgemein ist Windows 7 Home Premium schneller als sein Vorg\u00e4nger Windows Vista, obwohl die Systemanforderungen im Vergleich geringer ausfallen.<\/p>\n<p><strong>Neue Programme und mehr im Betriebssystem Windows 7 Home Premium<\/strong><\/p>\n<p>Damit s\u00e4mtliche Optimierungen im Bereich der Bedienoberfl\u00e4che und Systemleistung optimal genutzt werden k\u00f6nnen, bietet Ihnen Microsoft Windows 7 Home Premium zahlreiche neue Features und Programme an:<\/p>\n<ul>\n<li>Fehleraufzeichnungsprogramm: Protokollierung von Problemberichten<\/li>\n<li>Neues Sicherheitscenter: \u00dcberwachung von Firewall- und Virenscanner-Status<\/li>\n<li>Device Stages: Verbesserte Verwaltung externer Ger\u00e4te<\/li>\n<li>Virtuelle Ordner im Explorer: Sogenannte &#8222;Bibliotheken&#8220; f\u00fcr schnellen Datenzugang<\/li>\n<li>Sprachsteuerung und Sprachausgabe: Anwendungsunterst\u00fctzung f\u00fcr Nutzer mit eingeschr\u00e4nkten F\u00e4higkeiten<\/li>\n<li>Verbesserte Taskleiste und Vorschauoptionen<\/li>\n<li>Schneller navigieren mit verbesserter Windows Suche<\/li>\n<li>Ganz einfach Heimnetzwerke erstellen<\/li>\n<li>Touch Unterst\u00fctzung<\/li>\n<\/ul>\n<p>Unn\u00f6tige Taskleisten- und Explorer-Funktionen wurden zu Optimierungszwecken aus dem Betriebssystem Windows 7 Home Premium entfernt. Daf\u00fcr erhalten Sie speziell mit Windows 7 Home Premium neue Funktionen und Programme wie die Unterst\u00fctzung von HDTV oder das Beschreiben und Abspielen von DVDs. Auch sind in Microsoft Windows 7 Home Premium das Windows Media Center, der Windows Media Player und einige Spiele enthalten.<\/p>\n<p><strong>Sicheres Heimsystem mit Windows 7 Home Premium<\/strong><\/p>\n<p>Das Windows 7 Home Premium Betriebssystem bietet Ihnen die M\u00f6glichkeit, biometrische Authentifizierungen zu nutzen. Dieses Feature kann entweder zur Anmeldung, zur Rechteerh\u00f6hung f\u00fcr Benutzer oder f\u00fcr den Zugang zum Betriebssystem im Allgemeinen verwendet werden. Dadurch ist das Windows 7 Home Premium Betriebssystem exklusiv f\u00fcr Sie zug\u00e4nglich und somit sehr sicher. Systemprogramme in Microsoft Windows 7 Home Premium werden nun in einer Whitelist gef\u00fchrt, wodurch diese bei der Ausf\u00fchrung automatisch administrative Rechte erhalten und eine weitere Best\u00e4tigung nicht mehr n\u00f6tig ist. Das Windows 7 Home Premium Betriebssystem wird au\u00dferdem durch Updates aktuell und somit f\u00fcr Sie sicher gehalten.<\/p>\n","protected":false},"excerpt":{"rendered":"<p>Mit Windows 7 Home Premium das beste auch aus \u00e4lterer Hardware herausholen Windows 7 Home Premium ist die kompakteste Version des immernoch beliebtesten Betriebssystem \u00a0Windows 7. Im Vergleich zum Vorg\u00e4ngersystem Windows Vista bringt das Betriebssystem Windows 7 Home Premium zahlreiche \u00c4nderungen mit sich. Dazu geh\u00f6ren die Verbesserung der Benutzeroberfl\u00e4che, neue Funktionen und Features, eine Performancesteigerung [&hellip;]<\/p>\n","protected":false},"featured_media":1763,"comment_status":"open","ping_status":"closed","template":"","meta":{"_acf_changed":false},"product_cat":[153],"product_tag":[],"acf":[],"jetpack_sharing_enabled":true,"_links":{"self":[{"href":"http:\/\/pc-direkthandel.de\/wordpress\/wp-json\/wp\/v2\/product\/1762"}],"collection":[{"href":"http:\/\/pc-direkthandel.de\/wordpress\/wp-json\/wp\/v2\/product"}],"about":[{"href":"http:\/\/pc-direkthandel.de\/wordpress\/wp-json\/wp\/v2\/types\/product"}],"replies":[{"embeddable":true,"href":"http:\/\/pc-direkthandel.de\/wordpress\/wp-json\/wp\/v2\/comments?post=1762"}],"wp:featuredmedia":[{"embeddable":true,"href":"http:\/\/pc-direkthandel.de\/wordpress\/wp-json\/wp\/v2\/media\/1763"}],"wp:attachment":[{"href":"http:\/\/pc-direkthandel.de\/wordpress\/wp-json\/wp\/v2\/media?parent=1762"}],"wp:term":[{"taxonomy":"product_cat","embeddable":true,"href":"http:\/\/pc-direkthandel.de\/wordpress\/wp-json\/wp\/v2\/product_cat?post=1762"},{"taxonomy":"product_tag","embeddable":true,"href":"http:\/\/pc-direkthandel.de\/wordpress\/wp-json\/wp\/v2\/product_tag?post=1762"}],"curies":[{"name":"wp","href":"https:\/\/api.w.org\/{rel}","templated":true}]}}