{"id":1758,"date":"2019-09-17T10:15:41","date_gmt":"2019-09-17T08:15:41","guid":{"rendered":"http:\/\/pc-direkthandel.de\/wordpress\/?post_type=product&#038;p=1758"},"modified":"2019-11-07T10:54:02","modified_gmt":"2019-11-07T08:54:02","slug":"microsoft-windows-7-ultimate","status":"publish","type":"product","link":"http:\/\/pc-direkthandel.de\/wordpress\/product\/microsoft-windows-7-ultimate\/","title":{"rendered":"Microsoft Windows 7 Ultimate (ESD &#038; Key)"},"content":{"rendered":"<p><strong>Windows 7 Ultimate &#8211; Das umfangreichste Betriebssystem seiner Klasse<\/strong><\/p>\n<p>Mit Windows 7 Ultimate erhalten Sie die effektivste und umfangreichste Version von <a title=\"Windows 7 kaufen\" href=\"https:\/\/www.lizengo.de\/microsoft\/windows-7-betriebssystem\" target=\"_self\" rel=\"noopener noreferrer\">Windows 7<\/a>. Das Betriebssystem wurde so entwickelt, dass es vor allem Kleinunternehmen und professionellen Anwendern eine optimale Unterst\u00fctzung bietet. Sie erhalte mit dem Betriebssystem Windows 7 Ultimate nicht nur Optimierungen im optischen Bereich wie der Bedienoberfl\u00e4che und viele neue Funktionen f\u00fcr professionelle Anspr\u00fcche, sondern auch noch das vollst\u00e4ndige Paket an m\u00f6glichen Grundprogrammen und Features.<\/p>\n<p><strong>\u00dcbersichtliche Benutzeroberfl\u00e4che und optimierte Leistung<\/strong><\/p>\n<p>Das Betriebssystem Windows 7 Ultimate bietet Ihnen eine neue und benutzerfreundliche Bedienoberfl\u00e4che. Dazu geh\u00f6ren einige allgemeine optische Verbesserungen, \u00a0welche sich teils \u00fcber alle Anwendungen des Betriebssystems ziehen. Als Beispiel ist hier die Entfernung der Sidebar aus der Vorg\u00e4ngerversion Windows Vista zu nennen. Widgets k\u00f6nnen so im Betriebssystem Windows 7 Ultimate beliebig auf dem gesamten Desktop verteilt werden, wodurch sie nicht mehr durch eine Seitenleiste in ihrer Position eingeschr\u00e4nkt werden. Dadurch k\u00f6nnen Sie sich Ihren individuellen Arbeitsplatz gestalten und haben alle wichtigen Programme und Anwendungen direkt zur Hand. Zus\u00e4tzlich wurden in Windows 7 Ultimate grundlegende Programme wie Paint und WordPad mit einer Ribbon-Men\u00fcleiste ausgestattet. Die seit Microsoft Office 2007 bekannte Men\u00fcoberfl\u00e4che bietet Ihnen auch in Windows 7 Ultimate die wichtigsten Funktionen \u00fcbersichtlich zur Auswahl an.<\/p>\n<p>Systemtechnische Optimierungen in Win 7 Ultimate, wie die verbesserte Verwaltung externer Ger\u00e4te oder die Einf\u00fchrung des neuen DirectX 11, bieten Ihnen ein leistungsstarkes System. Letztere Verbesserung ist f\u00fcr eine optimale Grafikunterst\u00fctzung verantwortlich und beschleunigt in Windows Ultimate 7 aufwendige Grafikprozesse f\u00fcr Sie. Auch unterst\u00fctzt Microsoft Windows 7 Ultimate nun alternative Eingabeger\u00e4te wie Tablets und dazugeh\u00f6rige Features wie Multi-Touch. Damit k\u00f6nnen Sie im Betriebssystem Windows 7 Ultimate diverse Programme mit mehreren Fingern gleichzeitig bedienen. Die Systemanforderungen von Win 7 Ultimate fallen im Vergleich zum Vorg\u00e4nger Windows Vista trotz zahlreicher Neuerungen geringer aus, was den Optimierungsprozess eindeutig best\u00e4tigt.<\/p>\n<p><strong>Alle wichtigen Neuerungen in Win 7 Ultimate<\/strong><\/p>\n<p>Ein optisch und vor allem systemtechnisch derart optimiertes System wie Microsoft Windows 7 Ultimate verf\u00fcgt nat\u00fcrlich auch \u00fcber zahlreiche neue Features und Programme. Das Betriebssystem Windows 7 Ultimate unterst\u00fctzt Sie dank dieser Verbesserungen ideal in Ihrer Arbeit am Computer:<\/p>\n<ul>\n<li>Device Stages: Bessere Verwaltung externer Ger\u00e4te<\/li>\n<li>Problem Steps Recorder: Verbesserte Problemberichterfassung<\/li>\n<li>&#8222;Bibliotheken&#8220;: Wichtigste Dokumentenordner \u00fcbersichtlich im Explorer<\/li>\n<li>Neues Sicherheitscenter: &#8222;Wartungscenter&#8220; zur \u00dcberwachung von Firewall und Virenscanner<\/li>\n<li>Sprachausgabe und -steuerung: Bedienunterst\u00fctzung f\u00fcr Nutzer mit eingeschr\u00e4nkten F\u00e4higkeiten<\/li>\n<li>Sprunglisten: Schnell auf Daten und Programme zugreifen<\/li>\n<li>Location Aware Printing<\/li>\n<li>Remote Desktop Host<\/li>\n<\/ul>\n<p><strong>Erweiterte Funktionen<\/strong><\/p>\n<p>\u00dcberfl\u00fcssige Features wurden zu Optimierungszwecken aus Windows Ultimate 7 entfernt. Speziell ab der Professional-Version wurden daf\u00fcr in Win 7 Ultimate neue Funktionen hinzugef\u00fcgt. Dazu geh\u00f6ren die Unterst\u00fctzung von Windows Server Domains und der XP-Modus, mit welchem Sie auch \u00e4ltere Programme ausf\u00fchren k\u00f6nnen. Zudem enth\u00e4lt das Betriebssystem dank der erweiterten Ausf\u00fchrungsform auch noch exklusiv das Festplattenverschl\u00fcsselungsprogramm &#8222;BitLocker&#8220;. Auch das Feature, von virtuellen Festplatten im VHD-Format zu starten, ist in Microsoft Windows 7 Ultimate impliziert. Die Systemsprache ist jederzeit \u00e4nderbar.<\/p>\n<p><strong>Sicheres Betriebssystem Windows 7 Ultimate<\/strong><\/p>\n<p>In puncto Sicherheit wurden in Microsoft Windows 7 Ultimate ebenfalls Optimierungen durchgef\u00fchrt. Dazu bietet Microsoft Windows 7 Ultimate nun standardm\u00e4\u00dfig auch biometrische Authentifizierungen an. Mit Hilfe dieses neuen Features k\u00f6nnen Sie sich per Fingerabdruck anmelden oder beispielsweise Rechteerh\u00f6hungen an Benutzer erteilen. Microsoft Windows 7 Ultimate arbeitet nun auch mit einer sogenannten &#8222;Whitelist&#8220; f\u00fcr zum Beispiel Systemprogramme, f\u00fcr welche keine weitere Best\u00e4tigung bei einer Ausf\u00fchrung ben\u00f6tigt wird. Mit Hilfe einer sogenannten &#8222;Blacklist&#8220; lassen sich in Windows Ultimate 7 Programme erfassen, welche bei ihrer Ausf\u00fchrung gesondert behandelt werden sollen. Damit behalten Sie in Windows 7 Ultimate die Kontrolle auch \u00fcber eher kritische Programme zu.<\/p>\n","protected":false},"excerpt":{"rendered":"<p>Windows 7 Ultimate &#8211; Das umfangreichste Betriebssystem seiner Klasse Mit Windows 7 Ultimate erhalten Sie die effektivste und umfangreichste Version von Windows 7. Das Betriebssystem wurde so entwickelt, dass es vor allem Kleinunternehmen und professionellen Anwendern eine optimale Unterst\u00fctzung bietet. Sie erhalte mit dem Betriebssystem Windows 7 Ultimate nicht nur Optimierungen im optischen Bereich wie [&hellip;]<\/p>\n","protected":false},"featured_media":1759,"comment_status":"open","ping_status":"closed","template":"","meta":{"_acf_changed":false},"product_cat":[153],"product_tag":[],"acf":[],"jetpack_sharing_enabled":true,"_links":{"self":[{"href":"http:\/\/pc-direkthandel.de\/wordpress\/wp-json\/wp\/v2\/product\/1758"}],"collection":[{"href":"http:\/\/pc-direkthandel.de\/wordpress\/wp-json\/wp\/v2\/product"}],"about":[{"href":"http:\/\/pc-direkthandel.de\/wordpress\/wp-json\/wp\/v2\/types\/product"}],"replies":[{"embeddable":true,"href":"http:\/\/pc-direkthandel.de\/wordpress\/wp-json\/wp\/v2\/comments?post=1758"}],"wp:featuredmedia":[{"embeddable":true,"href":"http:\/\/pc-direkthandel.de\/wordpress\/wp-json\/wp\/v2\/media\/1759"}],"wp:attachment":[{"href":"http:\/\/pc-direkthandel.de\/wordpress\/wp-json\/wp\/v2\/media?parent=1758"}],"wp:term":[{"taxonomy":"product_cat","embeddable":true,"href":"http:\/\/pc-direkthandel.de\/wordpress\/wp-json\/wp\/v2\/product_cat?post=1758"},{"taxonomy":"product_tag","embeddable":true,"href":"http:\/\/pc-direkthandel.de\/wordpress\/wp-json\/wp\/v2\/product_tag?post=1758"}],"curies":[{"name":"wp","href":"https:\/\/api.w.org\/{rel}","templated":true}]}}