{"id":1756,"date":"2019-09-17T10:13:02","date_gmt":"2019-09-17T08:13:02","guid":{"rendered":"http:\/\/pc-direkthandel.de\/wordpress\/?post_type=product&#038;p=1756"},"modified":"2019-11-07T10:53:34","modified_gmt":"2019-11-07T08:53:34","slug":"microsoft-windows-7-enterprise","status":"publish","type":"product","link":"http:\/\/pc-direkthandel.de\/wordpress\/product\/microsoft-windows-7-enterprise\/","title":{"rendered":"Microsoft Windows 7 Enterprise (ESD &#038; Key)"},"content":{"rendered":"<p>Als Betriebssystem f\u00fcr den professionellen Einsatz ist Windows 7 Enterprise im Ranking der Windows 7-Generation ganz oben angesiedelt. Dementsprechend umfasst die Software alle wichtigen Features von Windows 7 Professional bzw. Windows 7 Ultimate, die durch Funktionen f\u00fcr die professionelle Anwendung erg\u00e4nzt wurden. Darunter etwa das Whitelisting spezifischer Anwendungen, die sichere Laufwerkverschl\u00fcsselung mittels BitLocker, BranchCache sowie die WAN-Beschleunigung. Hinzu kommt die M\u00f6glichkeit zur umfassenden Virtualisierung, sodass jeder erworbene Produktschl\u00fcssel sowohl virtuell als auch lokal und serverbasiert genutzt werden kann.<\/p>\n<p><strong>Windows 7 Enterprise punktet mit Leistungsf\u00e4higkeit und \u00fcberarbeiteter Nutzeroberfl\u00e4che<br \/>\n<\/strong><br \/>\nDie brandneue Benutzeroberfl\u00e4che bringt zahlreiche Detailverbesserungen mit sich, die dem Anwender die Bedienung erleichtern. Urs\u00e4chlich ist eine Kombination aus Entschlackung und Flexibilisierung, im Rahmen derer unter anderem die aus der Vorg\u00e4ngerversion Windows Vista bekannte Sidebar gestrichen wurde. Dank der individuellen Gestaltbarkeit des Arbeitsplatzes ist es Anwendern nun m\u00f6glich, das System mit wenigen Handgriffen an die eigenen Vorlieben und Arbeitsweisen anzupassen und damit die Arbeitseffizienz zu steigern. Erg\u00e4nzt wird die optische Frischzellenkur durch sp\u00fcrbare Leistungsverbesserungen wie die Einf\u00fchrung des DirectX 11 Grafikstandards und eine verbesserte Multi-Touch-Bedienung auf alternativen Business-Endger\u00e4ten wie leistungsstarken Tablet-PCs.<\/p>\n<p><strong>Maximale Datensicherheit durch die Festplattenverschl\u00fcsselung mit BitLocker<\/strong><\/p>\n<p>Das Herzst\u00fcck der Windows 7 Enterprise Edition ist das Verschl\u00fcsselungs-Tool BitLocker, das es erm\u00f6glicht, System- und Datenpartitionen, aber auch externe Laufwerke sicher zu verschl\u00fcsseln. Somit ist sichergestellt, dass sensible Firmendaten vor dem Zugriff unbefugter Dritter gesch\u00fctzt sind. In der Praxis k\u00f6nnen die Daten eines entsprechend verschl\u00fcsselten Laufwerks oder Datentr\u00e4gers nur dann entschl\u00fcsselt werden, wenn beim Start das festgelegte Kennwort verwendet wird. Dank der ebenfalls im Leistungspaket von Windows 7 Enterprise enthaltenen &#8222;ToGo&#8220;-Variante des BitLockers k\u00f6nnen auch die Daten auf USB-Sticks, SD-Karten und anderen Wechseldatentr\u00e4gern im Handumdrehen gesichert werden.<\/p>\n<p><strong>Erweiterte Funktionen f\u00fcr professionelle Anwender<br \/>\n<\/strong><br \/>\nUm im Bereich der professionellen Anwendung immer die volle Kontrolle zu haben, verf\u00fcgt Windows 7 Enterprise \u00fcber eine AppLocker-Funktion. Mit deren Hilfe ist es m\u00f6glich, Applikationen gezielt auf eine Blacklist bzw. Whitelist zu setzen und dabei gleichzeitig festzulegen, welche Nutzer und Nutzergruppen auf spezifische Anwendungen zugreifen k\u00f6nnen. Hinzu kommt das Microsoft BranchCache Feature, was eine deutliche Beschleunigung des Wide Area Networks (WAN) mit sich bringt und die Kommunikation zwischen geographisch entfernten Unternehmensstandorten deutlich vereinfacht. Besonders praktisch ist auch die integrierte VPN-Alternative DirectAccess, mit deren Hilfe Nutzer sowohl mobil als auch aus dem Home-Office heraus auf die gewohnte Arbeitsumgebung im Firmennetzwerk zugreifen k\u00f6nnen.<\/p>\n","protected":false},"excerpt":{"rendered":"<p>Als Betriebssystem f\u00fcr den professionellen Einsatz ist Windows 7 Enterprise im Ranking der Windows 7-Generation ganz oben angesiedelt. Dementsprechend umfasst die Software alle wichtigen Features von Windows 7 Professional bzw. Windows 7 Ultimate, die durch Funktionen f\u00fcr die professionelle Anwendung erg\u00e4nzt wurden. Darunter etwa das Whitelisting spezifischer Anwendungen, die sichere Laufwerkverschl\u00fcsselung mittels BitLocker, BranchCache sowie [&hellip;]<\/p>\n","protected":false},"featured_media":1757,"comment_status":"open","ping_status":"closed","template":"","meta":{"_acf_changed":false},"product_cat":[153],"product_tag":[],"acf":[],"jetpack_sharing_enabled":true,"_links":{"self":[{"href":"http:\/\/pc-direkthandel.de\/wordpress\/wp-json\/wp\/v2\/product\/1756"}],"collection":[{"href":"http:\/\/pc-direkthandel.de\/wordpress\/wp-json\/wp\/v2\/product"}],"about":[{"href":"http:\/\/pc-direkthandel.de\/wordpress\/wp-json\/wp\/v2\/types\/product"}],"replies":[{"embeddable":true,"href":"http:\/\/pc-direkthandel.de\/wordpress\/wp-json\/wp\/v2\/comments?post=1756"}],"wp:featuredmedia":[{"embeddable":true,"href":"http:\/\/pc-direkthandel.de\/wordpress\/wp-json\/wp\/v2\/media\/1757"}],"wp:attachment":[{"href":"http:\/\/pc-direkthandel.de\/wordpress\/wp-json\/wp\/v2\/media?parent=1756"}],"wp:term":[{"taxonomy":"product_cat","embeddable":true,"href":"http:\/\/pc-direkthandel.de\/wordpress\/wp-json\/wp\/v2\/product_cat?post=1756"},{"taxonomy":"product_tag","embeddable":true,"href":"http:\/\/pc-direkthandel.de\/wordpress\/wp-json\/wp\/v2\/product_tag?post=1756"}],"curies":[{"name":"wp","href":"https:\/\/api.w.org\/{rel}","templated":true}]}}