{"id":1754,"date":"2019-09-17T10:10:18","date_gmt":"2019-09-17T08:10:18","guid":{"rendered":"http:\/\/pc-direkthandel.de\/wordpress\/?post_type=product&#038;p=1754"},"modified":"2019-11-07T14:41:01","modified_gmt":"2019-11-07T12:41:01","slug":"microsoft-windows-8-1-enterprise","status":"publish","type":"product","link":"http:\/\/pc-direkthandel.de\/wordpress\/product\/microsoft-windows-8-1-enterprise\/","title":{"rendered":"Microsoft Windows 8.1 Enterprise (ESD &#038; Key)"},"content":{"rendered":"<p>Die Enterprise-Edition des Microsoft-Betriebssystems ist von der Softwareschmiede aus Seattle auf die Bed\u00fcrfnisse von Unternehmen zugeschnitten worden. Dementsprechend umfasst der Microsoft\u00a0Windows 8.1 Enterprise Download\u00a0neben allen Features der Grundversion von Windows 8 sowie den Verbesserungen des Windows 8.1 Updates diverse Zusatzfeatures, die in den Endanwender-Versionen des Betriebssystems fehlen. Zudem zeichnet sich das Betriebssystem durch eine \u00fcberarbeitete Oberfl\u00e4che aus, die den Benutzer bei der effizienten Nutzung des Systems unterst\u00fctzt. Ein gro\u00dfer Trumpf der Enterprise-Edition von Windows 8.1 ist die plattform\u00fcbergreifende Lauff\u00e4higkeit auf Desktop-Computern, Notebooks, Tablets und Smartphones. Durch die optimierte Arbeitsunterst\u00fctzung auf Touchscreen-Ger\u00e4ten ist professionelles Arbeiten somit auch auf Smartdevices komfortabel m\u00f6glich.<\/p>\n<p><strong>Mehr Sicherheit f\u00fcr Firmennetzwerke<\/strong><br \/>\nGerade im professionellen Umfeld steht die IT-Sicherheit an oberster Stelle. Unternehmen erhalten mit Windows 8.1 Enterprise den Schl\u00fcssel, um die Sicherheit der Firmennetzwerke zu maximieren, ohne dabei die Freiheiten der Mitarbeiter allzu sehr einzuschr\u00e4nken. Teil dieses Sicherheitskonzepts sind spezielle Nutzer-Authentifizierungsverfahren \u00fcber virtuelle Smartcards sowie die M\u00f6glichkeit, \u00fcber das Windows Biometric Framework (WBF) Fingerabdrucksensoren f\u00fcr die Nutzer-Authentifizierung einzusetzen. Dar\u00fcber hinaus haben Systemadministratoren \u00fcber den AppLocker die M\u00f6glichkeit, den Zugriff und die Ausf\u00fchrung von Programmen, Skripts, Clients und Installationsprogrammen zentral zu sperren und individuelle Zugriffsrechte zu vergeben. Hinzu kommt die DirectAccess-Funktion, \u00fcber die Nutzern der Zugriff auf Unternehmensressourcen gew\u00e4hrt werden kann, ohne dass dazu eine Virtual-Private-Network-Verbindung (VPN) notwendig ist.<\/p>\n<p><strong>Laufwerkverschl\u00fcsselung und Windows To Go<\/strong><br \/>\nWie die Enterprise-Variante der Vorg\u00e4nger Windows 7 und 8 kommt auch der auf die professionelle Anwendung abgestimmte Ableger 8.1 mit der BitLocker-Technologie daher. Die f\u00fcr die aktuelle Version optimierte Laufwerkverschl\u00fcsselung erm\u00f6glicht es dem Nutzer, sowohl das Systemlaufwerk als auch beliebige Festplattenlaufwerke und Wechseldatentr\u00e4ger zu verschl\u00fcsseln. Gerade f\u00fcr Unternehmen, die ihre sensiblen Daten in Sicherheit wissen wollen, ist der verbesserte BitLocker damit ein gro\u00dfer Vorteil. Ein weiteres Feature, das f\u00fcr den\u00a0Windows 8.1 Enterprise Download\u00a0spricht, ist die praktische Windows To Go Funktion. Mit Hilfe dieses Features l\u00e4sst sich im Handumdrehen ein vollst\u00e4ndig lauff\u00e4higes Enterprise Betriebssystem samt Firmenanwendungen und gesch\u00fctzten Unternehmensdaten auf einen bootf\u00e4higen USB-Stick \u00fcbertragen. Ideal also, um auf Gesch\u00e4ftsreisen in einer sicheren Umgebung uneingeschr\u00e4nkt arbeiten zu k\u00f6nnen.<\/p>\n<p><strong>R\u00fcckkehr zu alten St\u00e4rken<\/strong><br \/>\nNeben all den Neuerungen und Besonderheiten bietet die Firmenversion aber nat\u00fcrlich auch den Komfort der Endanwender-Versionen. So kehrt auch in der Enterprise-Edition der Start-Button zur\u00fcck, der die Navigation deutlich erleichtert. Auch der optionale Wechsel zwischen der Metro-Oberfl\u00e4che mit ihrer charakteristischen Kacheloptik und dem Standard-Desktop sorgt f\u00fcr eine deutlich verbesserte Bedienung auf verschiedenen Endger\u00e4ten. Windows 8.1 Enterprise lohnt sich daher f\u00fcr alle professionellen Anwender, die auf der Suche nach einem Betriebssystem mit modernem User-Interface, intuitiver Bedienbarkeit und hohen Sicherheitsstandards sind.<\/p>\n<p><strong>Wichtige Neuerungen in\u00a0Windows 8.1 Enterprise<\/strong><\/p>\n<ul>\n<li>Bedienungsoptimierung sowohl f\u00fcr Touchscreens als auch f\u00fcr Maus und Tastatur.<\/li>\n<li>Intuitive Bedienbarkeit durch die R\u00fcckkehr des Start-Buttons.<\/li>\n<li>Vereinfachte Bearbeitung von Firmendaten auf Reisen und im mobilen Einsatz durch die Erzeugung eines portablen Windows-Systems auf einem USB-Stick (Windows To Go).<\/li>\n<li>Zentrale Regelung des Zugriffs auf Unternehmensressourcen ohne VPN-Verbindung via DirectAccess.<\/li>\n<li>Verwaltung von Zugriffsrechten und Gruppenrichtlinien \u00fcber den AppLocker.<\/li>\n<li>Sichere Verfahren zur Nutzerauthentifizierung mittels virtuellen Smartcards und biometrischen Fingerabdrucksensoren.<\/li>\n<\/ul>\n","protected":false},"excerpt":{"rendered":"<p>Die Enterprise-Edition des Microsoft-Betriebssystems ist von der Softwareschmiede aus Seattle auf die Bed\u00fcrfnisse von Unternehmen zugeschnitten worden. Dementsprechend umfasst der Microsoft\u00a0Windows 8.1 Enterprise Download\u00a0neben allen Features der Grundversion von Windows 8 sowie den Verbesserungen des Windows 8.1 Updates diverse Zusatzfeatures, die in den Endanwender-Versionen des Betriebssystems fehlen. Zudem zeichnet sich das Betriebssystem durch eine \u00fcberarbeitete [&hellip;]<\/p>\n","protected":false},"featured_media":1755,"comment_status":"open","ping_status":"closed","template":"","meta":{"_acf_changed":false},"product_cat":[153],"product_tag":[],"acf":[],"jetpack_sharing_enabled":true,"_links":{"self":[{"href":"http:\/\/pc-direkthandel.de\/wordpress\/wp-json\/wp\/v2\/product\/1754"}],"collection":[{"href":"http:\/\/pc-direkthandel.de\/wordpress\/wp-json\/wp\/v2\/product"}],"about":[{"href":"http:\/\/pc-direkthandel.de\/wordpress\/wp-json\/wp\/v2\/types\/product"}],"replies":[{"embeddable":true,"href":"http:\/\/pc-direkthandel.de\/wordpress\/wp-json\/wp\/v2\/comments?post=1754"}],"wp:featuredmedia":[{"embeddable":true,"href":"http:\/\/pc-direkthandel.de\/wordpress\/wp-json\/wp\/v2\/media\/1755"}],"wp:attachment":[{"href":"http:\/\/pc-direkthandel.de\/wordpress\/wp-json\/wp\/v2\/media?parent=1754"}],"wp:term":[{"taxonomy":"product_cat","embeddable":true,"href":"http:\/\/pc-direkthandel.de\/wordpress\/wp-json\/wp\/v2\/product_cat?post=1754"},{"taxonomy":"product_tag","embeddable":true,"href":"http:\/\/pc-direkthandel.de\/wordpress\/wp-json\/wp\/v2\/product_tag?post=1754"}],"curies":[{"name":"wp","href":"https:\/\/api.w.org\/{rel}","templated":true}]}}