{"id":1750,"date":"2019-09-17T10:05:41","date_gmt":"2019-09-17T08:05:41","guid":{"rendered":"http:\/\/pc-direkthandel.de\/wordpress\/?post_type=product&#038;p=1750"},"modified":"2019-11-07T14:41:30","modified_gmt":"2019-11-07T12:41:30","slug":"microsoft-windows-8-professional","status":"publish","type":"product","link":"http:\/\/pc-direkthandel.de\/wordpress\/product\/microsoft-windows-8-professional\/","title":{"rendered":"Microsoft Windows 8 Professional (ESD &#038; Key)"},"content":{"rendered":"<p>Windows 8 Professional ist der Nachfolger von Windows 7 Professional und Ultimate. Es richtet sich an anspruchsvolle Privatanwender, Kleinunternehmen und professionelle User. Die neue Bedienoberfl\u00e4che von Microsoft Windows 8 Professional l\u00f6st die klassische Desktopdarstellung ab und spezialisiert sich auf eine Touchscreen-Bedienung. Zudem unterst\u00fctzen und beschleunigen die beinhalteten professionellen Programme und Features, so wie auch die Systemoptimierung Ihren Arbeitsfluss.<\/p>\n<p><strong>Windows 8 Professional bietet mehr Leistung<\/strong><\/p>\n<p>Die erweiterte Version von Windows 8, Windows 8 Professional, bietet Ihnen zahlreiche Neuerungen in Form von Performancesteigerung und neuen Features. Die wichtigste Ver\u00e4nderung in Microsoft Windows 8 Professional ist die eingef\u00fchrte einheitliche Kacheloberfl\u00e4che. Damit l\u00e4sst sich das System auf den unterschiedlichen Plattformen identisch bedienen. Trotz der Ausrichtung auf Touchscreens ist das Betriebssystem Windows 8 Professional weiterhin auf allen kompatiblen Computern mit einer Bedienung per Tastatur und Maus optimal lauff\u00e4hig. Die f\u00fcr Microsoft Windows Betriebssysteme typische benutzerfreundliche Bedienung wurde f\u00fcr Windows 8 Professional um ein Vielfaches erweitert, damit Sie schneller an Ihre Daten gelangen und noch produktiver sein k\u00f6nnen. Hinzu kommt mit Microsoft Windows 8 Professional auch eine Optimierung des Systems, beispielsweise durch den neuen Task-Manager, wodurch die Leistungsf\u00e4higkeit Ihres Ger\u00e4tes erh\u00f6ht wird. Neue Features und Programme wie der neue Internet Explorer und der Windows Store erfrischen das System mit neuen Inhalten und Funktionen.<\/p>\n<p><strong>Neues im Betriebssystem Windows 8 Professional<\/strong><\/p>\n<p>Das Windows 8 Professional Betriebssystem \u00fcberzeugt neben hervorragenden Systemoptimierungen auch noch mit neuen Features und Programmen. Folgende Grundfunktionen bietet das neue Windows 8 Professional Betriebssystem:<\/p>\n<ul>\n<li>Optimierte Kacheloberfl\u00e4che zur Touchscreen-Bedienung<\/li>\n<li>Internet Explorer 11: Neuer Webbrowser f\u00fcr Windows<\/li>\n<li>Kontrollierter Datentransfer: Pausieren und Fortsetzen von Kopiervorg\u00e4ngen m\u00f6glich<\/li>\n<li>Aktualisierter Task-Manager: Performancesteigernde Prozessverwaltung<\/li>\n<li>Neuer Windows Store: Download von Modern-Apps<\/li>\n<li>Windows Defender: Antispyware und Anti-Malware<\/li>\n<\/ul>\n<p>Standard-Apps wie etwa f\u00fcr Fotos, Videos oder Musik, wurden aktualisiert und benutzerfreundlicher aufgebaut. Weitere Funktionen, welche exklusiv ab der Version Windows 8 Professional enthalten sind, sind Gruppenrichtlinien, Dom\u00e4nenbeitritt, Remote Desktop und Encrypting File System. Auch das Booten von einer virtuellen Festplatte ist mit dem Windows 8 Professional Betriebssystem m\u00f6glich.<\/p>\n<p><strong>Das optimierte Betriebssystem Windows 8 Professional<\/strong><\/p>\n<p>Bei Microsoft Windows 8 Professional wurde nicht nur darauf geachtet, dass die Bedienung noch benutzerfreundlicher wird. Es wurden auch noch systemtechnische Verbesserungen durchgef\u00fchrt, wie etwa die Einf\u00fchrung des UEFI anstelle des konventionellen BIOS oder die Integration von Secure Boot, welches Schadsoftware beim Systemstart blockt. Au\u00dferdem wurde der Windows-Explorer im Windows 8 Professional Betriebssystem mit einer neuen Ribbon-Men\u00fcleiste erweitert, wodurch die am h\u00e4ufigsten gen\u00fctzten Befehle direkt ausw\u00e4hlbar sind. Neu ist auch, dass ISO-Dateien nun direkt und ohne eine zus\u00e4tzliche Software gemountet werden k\u00f6nnen.<\/p>\n<p><strong>Sicheres und starkes Microsoft Windows 8 Professional<\/strong><\/p>\n<p>Kleine Unternehmen und auch fortgeschrittene Benutzer werden durch das Betriebssystem Windows 8 Professional in ihrer Arbeitsweise kr\u00e4ftig unterst\u00fctzt. Die Optimierung der Bedienoberfl\u00e4che im Windows 8 Professional Betriebssystem erleichtert den Zugang zu den wichtigsten Dokumenten und Programmen. Die Performancesteigerung durch diverse Systemoptimierungen bietet Ihnen eine sichere und starke Arbeitsplattform. Die Einf\u00fchrung neuer Features und Programme erm\u00f6glicht eine erweiterte und pr\u00e4zisere Arbeitsvorgehensweise. Alles in allem liefert Microsoft mit dem Betriebssystem Windows 8 Professional einen zuverl\u00e4ssigen Arbeitspartner, sowohl f\u00fcr Ger\u00e4te mit Touchscreens, als auch f\u00fcr Standardrechner.<\/p>\n","protected":false},"excerpt":{"rendered":"<p>Windows 8 Professional ist der Nachfolger von Windows 7 Professional und Ultimate. Es richtet sich an anspruchsvolle Privatanwender, Kleinunternehmen und professionelle User. Die neue Bedienoberfl\u00e4che von Microsoft Windows 8 Professional l\u00f6st die klassische Desktopdarstellung ab und spezialisiert sich auf eine Touchscreen-Bedienung. Zudem unterst\u00fctzen und beschleunigen die beinhalteten professionellen Programme und Features, so wie auch die [&hellip;]<\/p>\n","protected":false},"featured_media":1751,"comment_status":"open","ping_status":"closed","template":"","meta":{"_acf_changed":false},"product_cat":[153],"product_tag":[],"acf":[],"jetpack_sharing_enabled":true,"_links":{"self":[{"href":"http:\/\/pc-direkthandel.de\/wordpress\/wp-json\/wp\/v2\/product\/1750"}],"collection":[{"href":"http:\/\/pc-direkthandel.de\/wordpress\/wp-json\/wp\/v2\/product"}],"about":[{"href":"http:\/\/pc-direkthandel.de\/wordpress\/wp-json\/wp\/v2\/types\/product"}],"replies":[{"embeddable":true,"href":"http:\/\/pc-direkthandel.de\/wordpress\/wp-json\/wp\/v2\/comments?post=1750"}],"wp:featuredmedia":[{"embeddable":true,"href":"http:\/\/pc-direkthandel.de\/wordpress\/wp-json\/wp\/v2\/media\/1751"}],"wp:attachment":[{"href":"http:\/\/pc-direkthandel.de\/wordpress\/wp-json\/wp\/v2\/media?parent=1750"}],"wp:term":[{"taxonomy":"product_cat","embeddable":true,"href":"http:\/\/pc-direkthandel.de\/wordpress\/wp-json\/wp\/v2\/product_cat?post=1750"},{"taxonomy":"product_tag","embeddable":true,"href":"http:\/\/pc-direkthandel.de\/wordpress\/wp-json\/wp\/v2\/product_tag?post=1750"}],"curies":[{"name":"wp","href":"https:\/\/api.w.org\/{rel}","templated":true}]}}