{"id":1746,"date":"2019-09-16T21:33:46","date_gmt":"2019-09-16T19:33:46","guid":{"rendered":"http:\/\/pc-direkthandel.de\/wordpress\/?post_type=product&#038;p=1746"},"modified":"2019-11-07T14:46:12","modified_gmt":"2019-11-07T12:46:12","slug":"microsoft-windows-10-enterprise-ltsc-2019","status":"publish","type":"product","link":"http:\/\/pc-direkthandel.de\/wordpress\/product\/microsoft-windows-10-enterprise-ltsc-2019\/","title":{"rendered":"Microsoft Windows 10 Enterprise LTSC 2019 (ESD &#038; Key)"},"content":{"rendered":"<p>Windows 10 Enterprise LTSC 2019 ist ein sicheres Betriebssystem, das auch hohe Anspr\u00fcche gro\u00dfer Unternehmen erf\u00fcllt. Es ist ein Rumdumpaket f\u00fcr diverse Ger\u00e4te, das leistungsstarke Funktionen bietet. Durchdachte Sicherheitsma\u00dfnahmen sch\u00fctzen Firmen auch proaktiv und mit Unterst\u00fctzung von Cloud-Intelligenz. Im Gegensatz zu Windows 10 Pro ist in der Enterprise Edition das umfassende Sicherheitswerkzeug Windows Defender Advanced Threat Protection (ATP) enthalten. Den IT-Mitarbeitern eines Unternehmens hilft das Betriebssystem unter anderem mit den Funktionen von Desktop Analytics. Wichtige Anwendungen wie Microsoft Edge, Cortana, Microsoft Whiteboard oder OneNote f\u00fcr Windows 10 stehen direkt zur Ausf\u00fchrung bereit. Windows 10 Enterprise LTSC 2019 zu kaufen erleichtert au\u00dferdem der IT-Abteilung eines Unternehmens den \u00dcbergang zur cloudbasierten Verwaltung. So lassen sich einige Arbeitsabl\u00e4ufe schon auf Intune umstellen, w\u00e4hrend f\u00fcr andere noch der Configuration Manager l\u00e4uft. Dank des Zugriffs auf den Microsoft Store f\u00fcr Unternehmen kann jede Firma unkompliziert passende, weitere Anwendungen finden.<\/p>\n<p><strong>Verbesserungen im Bereich Sicherheit<\/strong><\/p>\n<p>Windows 10 Enterprise LTSC 2019 enth\u00e4lt eine Sammlung interaktiver Berichtsfunktionen, die Sicherheitsbedrohungen analysieren. Dabei kann jedes Unternehmen individuell einstellen, wann und wie es \u00fcber Gefahren informiert werden m\u00f6chte. Es handelt sich um integrierte Sicherheitsma\u00dfnahmen, die mit Azure, Office, der Microsoft Cloud und anderen Anwendungen verbunden sind. Der Microsoft Secure Score b\u00fcndelt \u00fcbersichtlich die Daten von Antivirus-Software, Betriebssystem-Aktualisierungen, Firewall und anderen Sicherheitsaspekten. Das Betriebssystem erlaubt es den Admins der Firma, bestimmte URL- und IP-Adressen freizuschalten oder zu blockieren. Des Weiteren bedeutet Windows 10 Enterprise LTSC 2019 zu kaufen, das Unternehmen noch besser vor Ransomware zu sch\u00fctzen und die neueste Generation von Windows Defender ATP zu verwenden. Zudem wird das Einloggen ohne Passwort unterst\u00fctzt: Die Mitarbeiter k\u00f6nnen moderne Multifaktor-Authentifizierung auf ihren Windows 10-Ger\u00e4ten nutzen.<\/p>\n<p><strong>Noch produktiver arbeiten mit Anwendungen f\u00fcr Windows 10 Enterprise LTSC 2019<\/strong><\/p>\n<p>Windows 10 Enterprise LTSC 2019 erm\u00f6glicht unter anderem die Nutzung von Azure Active Directory (AAD). Mit dem Windows Autopilot k\u00f6nnen Ger\u00e4te ganz ohne direkte Nutzereingaben miteinander verbunden werden. Das Feature Desktop App Assure hilft beim Umgang mit eventuell auftretenden Problemen im Zusammenhang mit dem Betriebssystem. Auch bei den monatlichen Sicherheitsupdates gibt es Verbesserungen, n\u00e4mlich die Aufteilung in kleinere, sich schneller entpackende Pakete. Microsoft Edge-Nutzer werden einen besseren Kioskmodus und leichteres digitales Signieren erleben. Dar\u00fcber hinaus sind die sprachspezifischen Dateien nun Teil von sogenannten Local Experience Packs, welche schneller zu installieren sind und das Betriebssystem weniger auslasten als fr\u00fchere Modelle. Das Cross-Platform Installationstool MSIX Packaging erlaubt es den Firmen-Admins, Apps leichter zu aktualisieren. Beim Suchen kann der Nutzer nun auf k\u00fcnstliche Intelligenz zugreifen, die Daten auch in Office und anderen Apps findet.<\/p>\n<p><strong>Windows 10 Enterprise LTSC 2019 kaufen<\/strong><\/p>\n<p>LTSC steht f\u00fcr Long-Term Servicing Channel. Der Nutzer erh\u00e4lt dabei regelm\u00e4\u00dfige Feature Updates &#8211; und zwar planm\u00e4\u00dfig im M\u00e4rz und im September. Monatlich kommen erg\u00e4nzende Sicherheitsupdates hinzu. Dies gilt f\u00fcr 60 Monate ab dem Ver\u00f6ffentlichungsdatum der Software. Grund daf\u00fcr ist das aktualisierte Service-Modell f\u00fcr Windows-Betriebssysteme, genannt Semi-Annual Channel (SAC).<\/p>\n","protected":false},"excerpt":{"rendered":"<p>Windows 10 Enterprise LTSC 2019 ist ein sicheres Betriebssystem, das auch hohe Anspr\u00fcche gro\u00dfer Unternehmen erf\u00fcllt. Es ist ein Rumdumpaket f\u00fcr diverse Ger\u00e4te, das leistungsstarke Funktionen bietet. Durchdachte Sicherheitsma\u00dfnahmen sch\u00fctzen Firmen auch proaktiv und mit Unterst\u00fctzung von Cloud-Intelligenz. Im Gegensatz zu Windows 10 Pro ist in der Enterprise Edition das umfassende Sicherheitswerkzeug Windows Defender Advanced [&hellip;]<\/p>\n","protected":false},"featured_media":1747,"comment_status":"open","ping_status":"closed","template":"","meta":{"_acf_changed":false},"product_cat":[153],"product_tag":[],"acf":[],"jetpack_sharing_enabled":true,"_links":{"self":[{"href":"http:\/\/pc-direkthandel.de\/wordpress\/wp-json\/wp\/v2\/product\/1746"}],"collection":[{"href":"http:\/\/pc-direkthandel.de\/wordpress\/wp-json\/wp\/v2\/product"}],"about":[{"href":"http:\/\/pc-direkthandel.de\/wordpress\/wp-json\/wp\/v2\/types\/product"}],"replies":[{"embeddable":true,"href":"http:\/\/pc-direkthandel.de\/wordpress\/wp-json\/wp\/v2\/comments?post=1746"}],"wp:featuredmedia":[{"embeddable":true,"href":"http:\/\/pc-direkthandel.de\/wordpress\/wp-json\/wp\/v2\/media\/1747"}],"wp:attachment":[{"href":"http:\/\/pc-direkthandel.de\/wordpress\/wp-json\/wp\/v2\/media?parent=1746"}],"wp:term":[{"taxonomy":"product_cat","embeddable":true,"href":"http:\/\/pc-direkthandel.de\/wordpress\/wp-json\/wp\/v2\/product_cat?post=1746"},{"taxonomy":"product_tag","embeddable":true,"href":"http:\/\/pc-direkthandel.de\/wordpress\/wp-json\/wp\/v2\/product_tag?post=1746"}],"curies":[{"name":"wp","href":"https:\/\/api.w.org\/{rel}","templated":true}]}}