{"id":1744,"date":"2019-09-16T21:31:03","date_gmt":"2019-09-16T19:31:03","guid":{"rendered":"http:\/\/pc-direkthandel.de\/wordpress\/?post_type=product&#038;p=1744"},"modified":"2019-11-07T14:45:53","modified_gmt":"2019-11-07T12:45:53","slug":"microsoft-windows-10-enterprise-ltsb-2016","status":"publish","type":"product","link":"http:\/\/pc-direkthandel.de\/wordpress\/product\/microsoft-windows-10-enterprise-ltsb-2016\/","title":{"rendered":"Microsoft Windows 10 Enterprise LTSB 2016 (ESD &#038; Key)"},"content":{"rendered":"<p>Windows 10 Enterprise LTSB ist eine Spezialversion von Windows 10, die es Gesch\u00e4ftskunden erm\u00f6glicht, auf Funktions-Updates zu verzichten. Sie ist f\u00fcr bestimmte Computersysteme gedacht, die zwar mehrere Jahre lang Service-Updates ben\u00f6tigen, aber viele Apps von Windows 10 nicht verwenden. Dazu z\u00e4hlen etwa ATMS, Point-of-sale Systeme oder Rechner, die medizinische Ausr\u00fcstung kontrollieren. Solche Computer f\u00fchren typischerweise nur eine spezielle und wichtige Aufgabe aus. Deswegen brauchen sie Feature-Updates nicht, welche f\u00fcr den klassischen B\u00fcrorechner relevant sind.<\/p>\n<p><strong>Stabiles und sicheres Betriebssystem f\u00fcr Unternehmen<\/strong><\/p>\n<p>Rechner, f\u00fcr die Windows 10 Enterprise LTSB infrage kommt, sollen so stabil wie m\u00f6glich laufen und vor Bedrohungen von au\u00dfen gesch\u00fctzt sein. \u00c4nderungen im Nutzer-Interface sind dagegen von geringer Bedeutung f\u00fcr diese Ger\u00e4te. Aus diesen Gr\u00fcnden verhindert das LTSC bzw. LTSB-Lizenzierungsmodell, dass die Computer die ansonsten \u00fcblichen Funktions-Updatesbekommen. Aufgespielt werden nur die regelm\u00e4\u00dfigen Service-Updates, die f\u00fcr Sicherheit sorgen. Es handelt sich also um eine Windows 10-Version ohne Apps, Store, Cortana und Edge. F\u00fcr den t\u00e4glichen Einsatz im B\u00fcro macht es dagegen keinen Sinn, auf Windows 10 Enterprise LTSB zu setzen.<\/p>\n<p><strong>Version mit Langzeitunterst\u00fctzung<\/strong><\/p>\n<p>LTSB steht f\u00fcr &#8222;Long Time Servicing Branch&#8220;, da es sich um den &#8222;Zweig&#8220; von Windows-Betriebssystemen handelt, der bis zu 10 Jahre lang unterst\u00fctzt wird. Die Bezeichnung dieses Servicezweiges \u00e4ndert sich 2018\/2019 zu &#8222;Long Term Servicing Channel&#8220; (LTSC). Im Gegensatz zum im B\u00fcro \u00fcblichen &#8222;Semi-Annual servicing channel&#8220; gibt es \u00fcber LTSB niemals Feature-Updates. Stattdessen erscheint alle zwei bis drei Jahre eine neue LTSC-Version des Betriebssystems. Nutzer k\u00f6nnen entscheiden, ob sie auf diese upgraden oder f\u00fcr bis zu 10 Jahre bei der urspr\u00fcnglich gekauften Version bleiben. Der Arbeitsaufwand der firmeneigenen IT-Angestelltenkann also mit Windows 10 Enterprise LTSB minimiert werden.<\/p>\n<p><strong>Schlankes OS ohne unn\u00f6tige Apps<\/strong><\/p>\n<p>Jede neue Version von Windows 10 Enterprise LTSB wird die jeweils neuen Prozessoren unterst\u00fctzen. Daf\u00fcr sorgt die &#8222;Standard Silicon Support Policy&#8220;, an die sich etablierte Betriebssystemhersteller halten. In diesem Sinne wird es stets eine Version dieses Business-Betriebssystems geben, die zu neu entwickelten Prozessoren passt. Im Kern hat die LTSB-Version die selben Features wie die Semi-Annual servicing channel-Version von Windows 10 Enterprise. Ausgespart werden aber Anwendungen, die f\u00fcr Menschen gedachte PCs besitzen &#8211; wie Outlook Mail, Calendar, OneNote, Weather oder News. Windows 10 LTSB steigert somit die Leistung von Rechnern, die etwa f\u00fcr Maschinensteuerung, Telefonanlagen, Embedded-Systems in Bankautomaten oder in Kiosken gedacht sind.<\/p>\n","protected":false},"excerpt":{"rendered":"<p>Windows 10 Enterprise LTSB ist eine Spezialversion von Windows 10, die es Gesch\u00e4ftskunden erm\u00f6glicht, auf Funktions-Updates zu verzichten. Sie ist f\u00fcr bestimmte Computersysteme gedacht, die zwar mehrere Jahre lang Service-Updates ben\u00f6tigen, aber viele Apps von Windows 10 nicht verwenden. Dazu z\u00e4hlen etwa ATMS, Point-of-sale Systeme oder Rechner, die medizinische Ausr\u00fcstung kontrollieren. Solche Computer f\u00fchren typischerweise [&hellip;]<\/p>\n","protected":false},"featured_media":1745,"comment_status":"open","ping_status":"closed","template":"","meta":{"_acf_changed":false},"product_cat":[153],"product_tag":[],"acf":[],"jetpack_sharing_enabled":true,"_links":{"self":[{"href":"http:\/\/pc-direkthandel.de\/wordpress\/wp-json\/wp\/v2\/product\/1744"}],"collection":[{"href":"http:\/\/pc-direkthandel.de\/wordpress\/wp-json\/wp\/v2\/product"}],"about":[{"href":"http:\/\/pc-direkthandel.de\/wordpress\/wp-json\/wp\/v2\/types\/product"}],"replies":[{"embeddable":true,"href":"http:\/\/pc-direkthandel.de\/wordpress\/wp-json\/wp\/v2\/comments?post=1744"}],"wp:featuredmedia":[{"embeddable":true,"href":"http:\/\/pc-direkthandel.de\/wordpress\/wp-json\/wp\/v2\/media\/1745"}],"wp:attachment":[{"href":"http:\/\/pc-direkthandel.de\/wordpress\/wp-json\/wp\/v2\/media?parent=1744"}],"wp:term":[{"taxonomy":"product_cat","embeddable":true,"href":"http:\/\/pc-direkthandel.de\/wordpress\/wp-json\/wp\/v2\/product_cat?post=1744"},{"taxonomy":"product_tag","embeddable":true,"href":"http:\/\/pc-direkthandel.de\/wordpress\/wp-json\/wp\/v2\/product_tag?post=1744"}],"curies":[{"name":"wp","href":"https:\/\/api.w.org\/{rel}","templated":true}]}}