{"id":1742,"date":"2019-09-16T21:28:51","date_gmt":"2019-09-16T19:28:51","guid":{"rendered":"http:\/\/pc-direkthandel.de\/wordpress\/?post_type=product&#038;p=1742"},"modified":"2019-11-07T14:45:23","modified_gmt":"2019-11-07T12:45:23","slug":"microsoft-windows-10-enterprise","status":"publish","type":"product","link":"http:\/\/pc-direkthandel.de\/wordpress\/product\/microsoft-windows-10-enterprise\/","title":{"rendered":"Microsoft Windows 10 Enterprise (ESD &#038; Key)"},"content":{"rendered":"<p>Windows 10 Enterprise ist eine spezielle f\u00fcr Unternehmen entwickelte Version des neuen Microsoft Betriebssystems. Diese Version beinhaltet neben den in Windows 10 Pro enthaltenen Funktionen noch weitere Features, die den Gesch\u00e4ftsalltag einfacher machen und Sie effizienter arbeiten lassen. Durch die Kompatibilit\u00e4t mit Touch-Ger\u00e4ten sind Sie dabei flexibel wie nie und k\u00f6nnen an nahezu jedem Ort an Ideen feilen.<\/p>\n<p>Die moderne und benutzerfreundliche Oberfl\u00e4che l\u00e4sst Sie intuitiv arbeiten und das zur\u00fcckgekehrte Startmen\u00fc sorgt f\u00fcr die n\u00f6tige \u00dcbersichtlichkeit. Automatisch passt Windows 10 Enterprise sich zudem jedem Ger\u00e4t und dessen individuellen Eigenschaften an. So unterscheidet sich beispielsweise die Ansicht auf einem Desktop PC von der Ansicht auf einem Tablet. Die kaum ver\u00e4nderten Systemanforderungen sorgen daf\u00fcr, dass Sie Windows 10 Enterprise auch auf \u00e4lteren Ger\u00e4ten nutzen k\u00f6nnen und keine neue Hardware erforderlich ist, damit das System stabil l\u00e4uft.<\/p>\n<p><strong>Spezielle Features in der Windows 10 Enterprise Edition<\/strong><\/p>\n<ul>\n<li>&#8222;Direct Access&#8220; f\u00fcr den transparenten und sicheren Zugang von mobilen Mitarbeitern ins Firmennetz<\/li>\n<li>&#8222;AppLocker&#8220; ist Microsofts erweiterter Nachfolger der Software Restriction Policies (SRP), mit dem Admins den Start oder die Installation unerw\u00fcnschter Software verhindern k\u00f6nnen<\/li>\n<li>Der &#8222;Branch Cache&#8220;, der einen Windows Server ab 2012 voraussetzt, pr\u00fcft vor dem Zugriff auf eine Datei, die auf einem entfernten Server liegt, ob nicht bereits ein schneller angebundener lokaler PC eine identische Kopie zwischenspeichert<\/li>\n<li>Der &#8222;Device Guard&#8220; l\u00e4sst Sie die zul\u00e4ssigen App-Quellen festlegen<\/li>\n<li>&#8222;Windows To Go&#8220; erlaubt es Ihnen Windows 10 Enterprise auf einem USB Stick zu installieren<\/li>\n<\/ul>\n<p><strong>Windows 10 Enterprise, die Komplettl\u00f6sung f\u00fcr Unternehmen<\/strong><\/p>\n<p>Neben diesen exklusiven Funktionen bietet Windows 10 Enterprise noch weitere Business Funktionen wie Dom\u00e4nenbeitritt, Gruppenrichtlinienverwaltung, BitLocker, den Unternehmensmodus f\u00fcr den Internet Explorer EMIE, Remotedesktop, einen zugewiesenen Zugriff 8.1, sowie einem Hyper-V-Client. Nat\u00fcrlich verf\u00fcgt Windows 10 Enterprise zudem \u00fcber s\u00e4mtliche neuen Funktionen, wie den Sprachassistenten Cortana, den neuen Internetbrowser Microsoft Edge, den Continuum Modus f\u00fcr Touch-Ger\u00e4te sowie die Gesichts- und Fingerabdruckerkennung f\u00fcr mehr Sicherheit.<\/p>\n<p>\u00dcbliche Programme f\u00fcr Mail, Kalender, Musik, Fotos und Videos sowie auch das neue DirectX 12 zur Grafikoptimierung sind ebenfalls im Betriebssystem Windows 10 Enterprise enthalten. Dar\u00fcber hinaus besteht bei der Microsoft Windows 10 Enterprise &#8211; Version die M\u00f6glichkeit dem cloudbasierten Verzeichnis- und Identit\u00e4tsverwaltungsdienst Azure Active Directory beizutreten. Mit Hilfe einer einmaligen Anmeldung erhalten Benutzer damit Zugriff auf zahlreiche Cloud-SaaS-Anwendungen wie DropBox, Office 365 und Concur.<\/p>\n<p><strong>Professionelle Computerunterst\u00fctzung durch Microsoft Windows 10 Enterprise<\/strong><\/p>\n<p>Windows soll in Zukunft nur mehr als Service fungieren, weshalb nach Windows 10 keine weiteren Versionen mehr geplant sind. Damit fokussiert sich Microsoft aber nicht nur noch auf Systemoptimierung und Fehlerbehebung. Das Prinzip &#8222;Windows as a Service&#8220; beinhaltet dann auch neue Features, die zum Kaufzeitpunkt noch nicht enthalten waren. Somit wird Windows 10 Enterprise stetig erweitert und verbessert.<\/p>\n","protected":false},"excerpt":{"rendered":"<p>Windows 10 Enterprise ist eine spezielle f\u00fcr Unternehmen entwickelte Version des neuen Microsoft Betriebssystems. Diese Version beinhaltet neben den in Windows 10 Pro enthaltenen Funktionen noch weitere Features, die den Gesch\u00e4ftsalltag einfacher machen und Sie effizienter arbeiten lassen. Durch die Kompatibilit\u00e4t mit Touch-Ger\u00e4ten sind Sie dabei flexibel wie nie und k\u00f6nnen an nahezu jedem Ort [&hellip;]<\/p>\n","protected":false},"featured_media":1743,"comment_status":"open","ping_status":"closed","template":"","meta":{"_acf_changed":false},"product_cat":[153],"product_tag":[],"acf":[],"jetpack_sharing_enabled":true,"_links":{"self":[{"href":"http:\/\/pc-direkthandel.de\/wordpress\/wp-json\/wp\/v2\/product\/1742"}],"collection":[{"href":"http:\/\/pc-direkthandel.de\/wordpress\/wp-json\/wp\/v2\/product"}],"about":[{"href":"http:\/\/pc-direkthandel.de\/wordpress\/wp-json\/wp\/v2\/types\/product"}],"replies":[{"embeddable":true,"href":"http:\/\/pc-direkthandel.de\/wordpress\/wp-json\/wp\/v2\/comments?post=1742"}],"wp:featuredmedia":[{"embeddable":true,"href":"http:\/\/pc-direkthandel.de\/wordpress\/wp-json\/wp\/v2\/media\/1743"}],"wp:attachment":[{"href":"http:\/\/pc-direkthandel.de\/wordpress\/wp-json\/wp\/v2\/media?parent=1742"}],"wp:term":[{"taxonomy":"product_cat","embeddable":true,"href":"http:\/\/pc-direkthandel.de\/wordpress\/wp-json\/wp\/v2\/product_cat?post=1742"},{"taxonomy":"product_tag","embeddable":true,"href":"http:\/\/pc-direkthandel.de\/wordpress\/wp-json\/wp\/v2\/product_tag?post=1742"}],"curies":[{"name":"wp","href":"https:\/\/api.w.org\/{rel}","templated":true}]}}