{"id":1740,"date":"2019-09-16T21:25:57","date_gmt":"2019-09-16T19:25:57","guid":{"rendered":"http:\/\/pc-direkthandel.de\/wordpress\/?post_type=product&#038;p=1740"},"modified":"2019-11-07T14:44:25","modified_gmt":"2019-11-07T12:44:25","slug":"microsoft-windows-10-education","status":"publish","type":"product","link":"http:\/\/pc-direkthandel.de\/wordpress\/product\/microsoft-windows-10-education\/","title":{"rendered":"Microsoft Windows 10 Education (ESD &#038; Key)"},"content":{"rendered":"<p><strong>Mit\u00a0Windows 10\u00a0Education\u00a0Schulen und Bildungseinrichtungen ausstatten<\/strong><\/p>\n<p>Das Betriebssystem\u00a0Windows 10\u00a0Education\u00a0ist die ideale Wahl des weltweit wichtigsten Betriebssystems von Microsoft mit einem Fokus auf Schulen und andere Bildungseinrichtungen. Die Software nutzt als Grundlage die\u00a0Business-Version\u00a0von Windows 10 Pro und erweitert diese um n\u00fctzliche Features f\u00fcr den Klassenraum oder die allgemeine\u00a0Unterrichtsgestaltung. Hierdurch entsteht eine vertraute und einfach zu bedienende\u00a0Lernumgebung, die in Aufgaben und Sicherheit eine optimale Vorbereitung auf Lehrveranstaltungen aller Art erm\u00f6glicht.<\/p>\n<p><strong>Neue Features unter\u00a0Windows 10\u00a0Education\u00a0nutzen<\/strong><\/p>\n<p>Die Version umfasst wie alle Varianten von Windows 10 eine Vielzahl neuer Features. Hierbei steht eine einfachere Steuerung und Bedienung auf PCs und Laptops wie auf tragbaren Ger\u00e4ten wie Smartphones und Tablets mit\u00a0Touch-Funktion\u00a0im Vordergrund. Durch ein intelligentes\u00a0Startmen\u00fc\u00a0k\u00f6nnen Apps aller Art nach eigenen Vorlieben sortiert und dargestellt werden.<\/p>\n<p>Durch das Prinzip virtueller Desktops findet das Arbeiten unter Windows 10 nicht mehr auf einer einzigen Oberfl\u00e4che statt. Dies hilft im Lehrbetrieb,\u00a0Infomaterialien\u00a0und eigene Inhalte sinnvoll abzugrenzen und mit wenigen Handbewegungen \u00fcbersichtlich aufzurufen. Auch das Aufrufen von Funktionen und Informationen \u00fcber den\u00a0Sprachdienst\u00a0Cortana\u00a0ist wie bei anderen Varianten von Windows 10 m\u00f6glich.<\/p>\n<p>Die Lizenzierung der Software ist f\u00fcr gesamte Schulen sowie einzelne Lehrer m\u00f6glich. In diesem Fall kann das Betriebssystem auf einzelnen eigenen Ger\u00e4ten genutzt werden, die der Lehrer zur\u00a0Unterrichtsgestaltung\u00a0einsetzt. F\u00fcr eine weitreichende und umfassende Nutzung unabh\u00e4ngig vom Ger\u00e4t ist eine vollst\u00e4ndige\u00a0Remote-Desktop-Unterst\u00fctzung\u00a0gegeben.<\/p>\n<p>In puncto Sicherheit bietet die Version von Windows 10 mit dem Device\u00a0Guard\u00a0ein umfassendes Paket zur Datensicherheit. Durch die Anwendung\u00a0BranchCache\u00a0findet die Optimierung des Datenverkehrs im Netzwerk statt, was gerade in gr\u00f6\u00dferen Schulen mit einer Vielzahl von\u00a0Devices\u00a0f\u00fcr den\u00a0Unterrichtseinsatz lohnt. Mit der\u00a0Windows-to-go-Unterst\u00fctzung\u00a0wird die Mitnahme des Betriebssystems \u00fcber einen Stick oder sonstiges Speichermedium m\u00f6glich.<\/p>\n<p><strong>Unterschied zu anderen Varianten von Windows 10<\/strong><\/p>\n<p>Im Wesentlichen ist die Variante\u00a0Education\u00a0wie die Variante Enterprise mit dem Betriebssystem Windows 10 Pro vergleichbar. Dieses richtet sich in seiner Ausstattung an kleine Firmen, die ein funktionelles Netzwerk mit einem schnellen und sicheren Datenaustausch einrichten m\u00f6chten. Diese Anspr\u00fcche ergeben sich auch in Schulen, Universit\u00e4ten und anderen Bildungseinrichtungen.<\/p>\n<p>Ohne spezielle Apps f\u00fcr den\u00a0Bildungsbereich\u00a0ist die\u00a0Systemausstattung\u00a0von\u00a0Education\u00a0und Enterprise identisch. Sie unterscheidet sich von der\u00a0Pro-Version\u00a0vor allem durch folgende Features:<\/p>\n<p>&#8211;\u00a0BranchCache<br \/>\n&#8211;\u00a0Start-Screen-Control\u00a0f\u00fcr Gruppen<br \/>\n&#8211;\u00a0AppLocker\u00a0zur Verhinderung unerw\u00fcnschter\u00a0Hintergrundprogramme<br \/>\n&#8211; Direct Access<\/p>\n<p>Durch Direct Access ist f\u00fcr Mitarbeiter im Au\u00dfendienst gew\u00e4hrleistet, dass ein sicherer und funktioneller Zugang ins firmeneigene Netzwerk \u00fcber Smartphones und sonstige Ger\u00e4te erfolgt. Dies ist f\u00fcr Schulen und Universit\u00e4ten ebenfalls sinnvoll, falls Lehrkr\u00e4fte von zu Hause aus auf Inhalte im\u00a0Schulnetzwerkzugreifen m\u00f6chten. Als zus\u00e4tzlichen Sicherheitsaspekt bietet\u00a0Windows 10\u00a0Education\u00a0wie die\u00a0Pro-Version die Funktion\u00a0Bitlocker, die eine Verschl\u00fcsselung von Festplatten erm\u00f6glicht.<\/p>\n<p><strong>Mit &#8222;Windows\u00a0as\u00a0a Service&#8220; von umfassendem Support profitieren<\/strong><\/p>\n<p>Generell neu in der\u00a0Windows-10-Familie\u00a0ist das Konzept &#8222;Windows\u00a0as\u00a0a Service&#8220;. Bei diesem werden in regelm\u00e4\u00dfigen Abst\u00e4nden neue Features durch die Entwickler von Microsoft bereitgestellt, die gr\u00f6\u00dfere Updates oder Umstellung auf neue Versionen verhindern sollen. Die Features decken ein breites Spektrum an Funktionen und Bereichen der Computertechnik ab und werden teilweise optional angeboten. Hierdurch k\u00f6nnen Lehrkr\u00e4fte und sonstige Nutzer von\u00a0Windows 10\u00a0Education\u00a0frei entscheiden, mit welchen Anwendungen die Organisation oder Durchf\u00fchrung von Lehrveranstaltungen noch einfach gelingt.<\/p>\n<p><strong>Durch spezielle Apps das\u00a0Unterrichtserlebnis\u00a0verbessern<\/strong><\/p>\n<p>Unabh\u00e4ngig von Features aus dem Hause Microsoft haben Nutzer von\u00a0Windows 10\u00a0Education\u00a0die M\u00f6glichkeit, eine individuelle Erweiterung durch Apps vorzunehmen. Neben den g\u00e4ngigen\u00a0Appstores\u00a0h\u00e4lt Microsoft einige Spezialanwendungen bereit, die auf\u00a0Lehreinrichtungen\u00a0abzielen. Prim\u00e4r zu nennen ist eine\u00a0Sondervariante\u00a0des Spiels\u00a0Minecraft, bei dem Sch\u00fcler aller Jahrg\u00e4nge in Kreativit\u00e4t, Organisation und Kommunikation gef\u00f6rdert werden.<\/p>\n<p>Ein weiteres Konzept ist die Nutzung von Microsoft\u00a0MakeCode, der als einfache Variante ein praxisnahes Programmieren selbst in jungen Jahrg\u00e4ngen zusichert. Neben der reinen\u00a0Zeilenprogrammierung\u00a0mit Quellcode stehen Entwicklungen in Bereichen wie Mechanik, Technik und Maschinenbau im Vordergrund. Die\u00a0Education-Variante ist speziell hierauf ausgelegt, viele geeignete Apps sind nicht kommerziell.<\/p>\n","protected":false},"excerpt":{"rendered":"<p>Mit\u00a0Windows 10\u00a0Education\u00a0Schulen und Bildungseinrichtungen ausstatten Das Betriebssystem\u00a0Windows 10\u00a0Education\u00a0ist die ideale Wahl des weltweit wichtigsten Betriebssystems von Microsoft mit einem Fokus auf Schulen und andere Bildungseinrichtungen. Die Software nutzt als Grundlage die\u00a0Business-Version\u00a0von Windows 10 Pro und erweitert diese um n\u00fctzliche Features f\u00fcr den Klassenraum oder die allgemeine\u00a0Unterrichtsgestaltung. Hierdurch entsteht eine vertraute und einfach zu bedienende\u00a0Lernumgebung, die [&hellip;]<\/p>\n","protected":false},"featured_media":1741,"comment_status":"open","ping_status":"closed","template":"","meta":{"_acf_changed":false},"product_cat":[153],"product_tag":[],"acf":[],"jetpack_sharing_enabled":true,"_links":{"self":[{"href":"http:\/\/pc-direkthandel.de\/wordpress\/wp-json\/wp\/v2\/product\/1740"}],"collection":[{"href":"http:\/\/pc-direkthandel.de\/wordpress\/wp-json\/wp\/v2\/product"}],"about":[{"href":"http:\/\/pc-direkthandel.de\/wordpress\/wp-json\/wp\/v2\/types\/product"}],"replies":[{"embeddable":true,"href":"http:\/\/pc-direkthandel.de\/wordpress\/wp-json\/wp\/v2\/comments?post=1740"}],"wp:featuredmedia":[{"embeddable":true,"href":"http:\/\/pc-direkthandel.de\/wordpress\/wp-json\/wp\/v2\/media\/1741"}],"wp:attachment":[{"href":"http:\/\/pc-direkthandel.de\/wordpress\/wp-json\/wp\/v2\/media?parent=1740"}],"wp:term":[{"taxonomy":"product_cat","embeddable":true,"href":"http:\/\/pc-direkthandel.de\/wordpress\/wp-json\/wp\/v2\/product_cat?post=1740"},{"taxonomy":"product_tag","embeddable":true,"href":"http:\/\/pc-direkthandel.de\/wordpress\/wp-json\/wp\/v2\/product_tag?post=1740"}],"curies":[{"name":"wp","href":"https:\/\/api.w.org\/{rel}","templated":true}]}}