{"id":1738,"date":"2019-09-16T21:22:42","date_gmt":"2019-09-16T19:22:42","guid":{"rendered":"http:\/\/pc-direkthandel.de\/wordpress\/?post_type=product&#038;p=1738"},"modified":"2019-11-07T14:43:52","modified_gmt":"2019-11-07T12:43:52","slug":"microsoft-windows-10-pro-for-workstation","status":"publish","type":"product","link":"http:\/\/pc-direkthandel.de\/wordpress\/product\/microsoft-windows-10-pro-for-workstation\/","title":{"rendered":"Microsoft Windows 10 Pro for Workstation (ESD &#038; Key)"},"content":{"rendered":"<p>Microsoft hat Windows 10 Pro f\u00fcr Workstations speziell f\u00fcr Anwender entwickelt, die einen hohen Bedarf nach maximaler Leistung im Beruf haben. Die Standard-Version von Windows 10 Pro ist aktuell auf 2 TB RAM und 2 CPUs gleichzeitig beschr\u00e4nkt. Durch einen Windows 10 Pro for Workstation Download lassen sich bis zu 6 TB RAM und 4 CPUs simultan betreiben. Dadurch w\u00e4chst vor allem in CPU- und speicherintensiven Anwendungen (Bild- und Videobearbeitung, CAD, Simulationen, 3D-Rendering) die Leistung drastisch. Die minimalen Systemanforderungen \u00e4ndern sich hingegen nicht, sodass Windows 10 Pro for Workstation von sich aus keine zus\u00e4tzliche Leistung ben\u00f6tigt.<\/p>\n<p>Dar\u00fcber hinaus ist das Betriebssystem das erste Programm von Microsoft, das ReFS als Dateisystem unterst\u00fctzt. Im Vergleich zu NTFS wird die Dateisicherheit deutlich erh\u00f6ht. ReFS korrigiert automatisch Fehler, die etwa in einem RAID-Verbund aus Festplatten auftreten, indem Dateien der gesunden Festplatte fehlerhafte Sektoren auf anderen Festplatten \u00fcberschreiben. Zus\u00e4tzlich bietet Microsoft mit diesem Dateisystem eine Sicherheit, die auch f\u00fcr Cloud-Anwendungen in Frage kommt und somit auch kommerzielle Anspr\u00fcche erf\u00fcllt. ReFS bietet au\u00dferdem von Haus aus einen verbesserten Schutz gegen eventuelle Datendefekte, die beim permanenten Betrieb extrem gro\u00dfer Festplattenverb\u00e4nde auftreten k\u00f6nnen. Dadurch ist diese Version von Windows 10 Pro die sicherste Variante sowohl f\u00fcr Unternehmen als auch Selbstst\u00e4ndige.<\/p>\n<p>Durch die Integration von SMB Direct beschleunigt ein Windows 10 Pro for Workstation Key den Dateiaustausch zwischen zwei oder mehreren Ger\u00e4ten. Das Betriebssystem verschafft Vorteile in drei Bereichen. Der Datendurchsatz wird erh\u00f6ht, sobald zwei Ger\u00e4te kommunizieren, die dieses neue Betriebssystem installiert haben. Eine wesentlich niedrigere Latenz sorgt au\u00dferdem f\u00fcr den Umgang mit Netzwerklaufwerken, als w\u00e4ren sie physikalisch auf dem jeweiligen Ger\u00e4t vorhanden. Abschlie\u00dfend senkt SMB Direct die CPU-Auslastung deutlich. Auch bei sehr vielen Anfragen innerhalb kurzer Zeit aus unterschiedlichen Quellen wird die Leistung der CPU somit nicht merklich einbrechen und die volle Performance bleibt f\u00fcr die Arbeit erhalten.<\/p>\n<p>Der Windows 10 Pro for Workstation Download berechtigt alle Nutzer au\u00dferdem zur Verwendung von NVDIMM-Speicher. Diese reduzieren die Latenz beim Umgang mit allen Laufwerken. NVDIMM ist Arbeitsspeicher, der jedoch nicht fl\u00fcchtig ist und somit bei der n\u00e4chsten Verwendung des Systems wieder zur Verf\u00fcgung steht. Auch beim kompletten Herunterfahren des Systems kann die Arbeit somit beim n\u00e4chsten Boot sofort fortgesetzt werden, ohne dass alle Programme und Daten erst von den wesentlich langsameren Festplatten erneut geladen werden m\u00fcssen. Damit erh\u00f6ht ein Windows 10 Pro for Workstation Key auch die Energieeffizienz, da Systeme komplett heruntergefahren werden k\u00f6nnen, ohne dass daraus ein Verlust an Zeit und Produktivit\u00e4t entsteht.<\/p>\n","protected":false},"excerpt":{"rendered":"<p>Microsoft hat Windows 10 Pro f\u00fcr Workstations speziell f\u00fcr Anwender entwickelt, die einen hohen Bedarf nach maximaler Leistung im Beruf haben. Die Standard-Version von Windows 10 Pro ist aktuell auf 2 TB RAM und 2 CPUs gleichzeitig beschr\u00e4nkt. Durch einen Windows 10 Pro for Workstation Download lassen sich bis zu 6 TB RAM und 4 [&hellip;]<\/p>\n","protected":false},"featured_media":1739,"comment_status":"open","ping_status":"closed","template":"","meta":{"_acf_changed":false},"product_cat":[153],"product_tag":[],"acf":[],"jetpack_sharing_enabled":true,"_links":{"self":[{"href":"http:\/\/pc-direkthandel.de\/wordpress\/wp-json\/wp\/v2\/product\/1738"}],"collection":[{"href":"http:\/\/pc-direkthandel.de\/wordpress\/wp-json\/wp\/v2\/product"}],"about":[{"href":"http:\/\/pc-direkthandel.de\/wordpress\/wp-json\/wp\/v2\/types\/product"}],"replies":[{"embeddable":true,"href":"http:\/\/pc-direkthandel.de\/wordpress\/wp-json\/wp\/v2\/comments?post=1738"}],"wp:featuredmedia":[{"embeddable":true,"href":"http:\/\/pc-direkthandel.de\/wordpress\/wp-json\/wp\/v2\/media\/1739"}],"wp:attachment":[{"href":"http:\/\/pc-direkthandel.de\/wordpress\/wp-json\/wp\/v2\/media?parent=1738"}],"wp:term":[{"taxonomy":"product_cat","embeddable":true,"href":"http:\/\/pc-direkthandel.de\/wordpress\/wp-json\/wp\/v2\/product_cat?post=1738"},{"taxonomy":"product_tag","embeddable":true,"href":"http:\/\/pc-direkthandel.de\/wordpress\/wp-json\/wp\/v2\/product_tag?post=1738"}],"curies":[{"name":"wp","href":"https:\/\/api.w.org\/{rel}","templated":true}]}}