{"id":1736,"date":"2019-09-16T21:19:55","date_gmt":"2019-09-16T19:19:55","guid":{"rendered":"http:\/\/pc-direkthandel.de\/wordpress\/?post_type=product&#038;p=1736"},"modified":"2019-11-07T14:46:33","modified_gmt":"2019-11-07T12:46:33","slug":"microsoft-windows-10-s","status":"publish","type":"product","link":"http:\/\/pc-direkthandel.de\/wordpress\/product\/microsoft-windows-10-s\/","title":{"rendered":"Microsoft Windows 10 S (ESD &#038; Key)"},"content":{"rendered":"<p>Die im Sommer 2017 erschienene S Variante von Microsofts Betriebssystem Windows 10 ist von Haus aus zwischen der Home Edition und Windows 10 Pro angesiedelt. Dabei weist Windows 10 S nach dem Download und der Installation gro\u00dfe Gemeinsamkeiten mit der Pro Version auf. Das gilt vor allem f\u00fcr das Vorhandensein von Funktionen wie der Laufwerkverschl\u00fcsselung via BitLocker sowie auf Firmen ausgerichtete Features wie den Zugriff auf den Microsoft Store f\u00fcr Unternehmen oder das Roaming f\u00fcr Unternehmen via Azure AD. Abgerundet wird das Leichtbau-Windows durch das in Windows 10 zur\u00fcckgekehrte Startmen\u00fc, den auf Performance ausgerichteten Webbrowser Microsoft Edge 10 und die Anbindung an Microsofts Cloud-Dienst OneDrive. Durch die automatisierte Synchronisierung der Nutzerdaten mit der Cloud, sind diese von allen Ger\u00e4ten des Nutzers aus zug\u00e4nglich.<\/p>\n<p><strong>Windows so schnell wie nie<\/strong><br \/>\nMit seinem neuesten Ableger hat Microsoft ein sehr performantes Betriebssystem geschaffen, das durch seine Leichtbaukonzeption auch auf Ger\u00e4ten mit niedrigen Hardwarespezifikationen fl\u00fcssig l\u00e4uft. Spiegelbild der Leistungssteigerung sind, die entsprechende Hardware vorausgesetzt, Systemstartzeiten von unter f\u00fcnf Sekunden sowie eine deutlich gesteigerte Akkulaufzeit bei Mobilger\u00e4ten. Dank einer speziellen Einrichtungs-App ist der Windows 10 S Download \u00fcber einen erstellten USB-Stick zudem binnen 40 Sekunden auf jedem Computer installiert.<\/p>\n<p><strong>Leistungsf\u00e4higkeit von Apps trifft den Komfort der Cloud<\/strong><br \/>\nErreicht wird die Performance unter anderem dadurch, dass Daten und Apps in der Regel ausschlie\u00dflich in der Cloud liegen und nur wenn es unbedingt notwendig ist, kostbaren lokalen Speicher belegen. Das h\u00e4lt das System frei von Datenfragmenten, sodass Windows auch nach Monaten noch ebenso performant l\u00e4uft, wie am ersten Tag. Zudem erm\u00f6glicht das Betriebssystem ausschlie\u00dflich die Nutzung von Apps aus dem Windows App Store. Da diese Applikationen von Microsoft zertifiziert und dementsprechend auf Windows-Systeme zugeschnitten sind, l\u00e4uft das System deutlich flotter. Zu den nutzbaren Applikationen geh\u00f6ren neben dem voll integrierten Browser Microsoft Edge auch die \u00fcber den Windows App Store erh\u00e4ltlichen Microsoft Office Applikationen.<\/p>\n<p><strong>Sicherheit steht an oberster Stelle<\/strong><br \/>\nDie geradlinige Ausrichtung von Windows 10 S bringt einen weiteren Vorteil mit sich, der gerade f\u00fcr Bildungseinrichtungen und Unternehmen interessant ist. Dadurch, dass Nutzer nur von Microsoft zertifizierte und freigegebene Programme und Apps installieren k\u00f6nnen, wird die Sicherheit des Systems sowie der darauf befindlichen Daten massiv erh\u00f6ht. Das hinsichtlich der Datensicherheit sowohl in Unternehmen als auch in Bildungseinrichtungen, zumal somit auch keine ungewollte Malware auf den Systemen landet. Dank der automatischen Installation von Hardware-Treibern \u00fcber Windows Updates ist ebenfalls garantiert, dass die Treibersoftware ideal mit dem System zusammenarbeitet und es nicht ausbremst. Erg\u00e4nzt wird das unter anderem f\u00fcr den Lehrbereich optimierte Betriebssystem durch Microsoft Intune. Dabei handelt es sich um eine umfangreiche Rechteverwaltung, mit deren Hilfe sich beispielsweise die Webcam und der Zugriff auf bestimmte Apps freigeben und sperren lassen.<\/p>\n<p><strong>Wichtige Windows 10 S Key-Facts<\/strong><\/p>\n<ul>\n<li>Automatische Synchronisierung der Nutzerdaten mit Microsofts Cloud-Service OneDrive f\u00fcr flexibles Arbeiten, maximale Performance und hohe Datensicherheit<\/li>\n<li>Microsoft Intune f\u00fcr die unkomplizierte Rechteverwaltung in Unternehmen, Klassenr\u00e4umen und sonstigen Bildungseinrichtungen<\/li>\n<li>Intuitive Benutzeroberfl\u00e4che f\u00fcr die optimierte Bedienung per Maus und Tastatur sowie mit Eingabestiften und Touchscreens<\/li>\n<li>Hohe Leistungseffizienz und lange Akkulaufzeiten bei Mobilger\u00e4ten und Notebooks durch optimierte Software<\/li>\n<li>Hohes Datensicherheitsniveau dank effizienter Verschl\u00fcsselung lokaler Daten via BitLocker<\/li>\n<\/ul>\n","protected":false},"excerpt":{"rendered":"<p>Die im Sommer 2017 erschienene S Variante von Microsofts Betriebssystem Windows 10 ist von Haus aus zwischen der Home Edition und Windows 10 Pro angesiedelt. Dabei weist Windows 10 S nach dem Download und der Installation gro\u00dfe Gemeinsamkeiten mit der Pro Version auf. Das gilt vor allem f\u00fcr das Vorhandensein von Funktionen wie der Laufwerkverschl\u00fcsselung [&hellip;]<\/p>\n","protected":false},"featured_media":1737,"comment_status":"open","ping_status":"closed","template":"","meta":{"_acf_changed":false},"product_cat":[153],"product_tag":[],"acf":[],"jetpack_sharing_enabled":true,"_links":{"self":[{"href":"http:\/\/pc-direkthandel.de\/wordpress\/wp-json\/wp\/v2\/product\/1736"}],"collection":[{"href":"http:\/\/pc-direkthandel.de\/wordpress\/wp-json\/wp\/v2\/product"}],"about":[{"href":"http:\/\/pc-direkthandel.de\/wordpress\/wp-json\/wp\/v2\/types\/product"}],"replies":[{"embeddable":true,"href":"http:\/\/pc-direkthandel.de\/wordpress\/wp-json\/wp\/v2\/comments?post=1736"}],"wp:featuredmedia":[{"embeddable":true,"href":"http:\/\/pc-direkthandel.de\/wordpress\/wp-json\/wp\/v2\/media\/1737"}],"wp:attachment":[{"href":"http:\/\/pc-direkthandel.de\/wordpress\/wp-json\/wp\/v2\/media?parent=1736"}],"wp:term":[{"taxonomy":"product_cat","embeddable":true,"href":"http:\/\/pc-direkthandel.de\/wordpress\/wp-json\/wp\/v2\/product_cat?post=1736"},{"taxonomy":"product_tag","embeddable":true,"href":"http:\/\/pc-direkthandel.de\/wordpress\/wp-json\/wp\/v2\/product_tag?post=1736"}],"curies":[{"name":"wp","href":"https:\/\/api.w.org\/{rel}","templated":true}]}}