{"id":1728,"date":"2019-09-16T21:09:06","date_gmt":"2019-09-16T19:09:06","guid":{"rendered":"http:\/\/pc-direkthandel.de\/wordpress\/?post_type=product&#038;p=1728"},"modified":"2019-11-07T14:43:12","modified_gmt":"2019-11-07T12:43:12","slug":"microsoft-windows-10-home","status":"publish","type":"product","link":"http:\/\/pc-direkthandel.de\/wordpress\/product\/microsoft-windows-10-home\/","title":{"rendered":"Microsoft Windows 10 Home (ESD &#038; Key)"},"content":{"rendered":"<p>Das neue Betriebssystem Windows 10 Home bietet sowohl fortgeschrittenen Benutzern als auch Einsteigern im, wie der Name schon sagt, &#8222;Heim &#8211; Bereich&#8220; eine optimale Computerunterst\u00fctzung. Wie bisher jede &#8222;Home&#8220;-Variante von Microsoft gl\u00e4nzt auch das Windows 10 Home Betriebssystem mit einer sehr benutzerfreundlichen neuen Oberfl\u00e4che. Au\u00dferdem passt sich Microsoft Windows 10 Home, je nach Plattform, an das eingesetzte Ger\u00e4t und dessen Eigenschaften an. Die Systemanforderungen f\u00fcr das Windows 10 Home Betriebssystem sind dieselben wie bei den beiden Vorg\u00e4ngerversionen Windows 7 und 8.1. Aus diesem Grund k\u00f6nnen auch etwas \u00e4ltere Rechner ohne Probleme mit Windows 10 Home klar kommen.<\/p>\n<p><strong>Neue Features im Betriebssystem Windows 10 Home<\/strong><\/p>\n<p>Neben optischer \u00c4nderungen bringt das Windows 10 Home Betriebssystem auch neue Features mit sich:<\/p>\n<ul>\n<li>Cortana: Sprachassistentin zur Bedienung des Systems<\/li>\n<li>Microsoft Edge: Neuer Internetbrowser, ersetzt den bisherigen Internet Explorer<\/li>\n<li>Gesichts- und Fingerabdruckerkennung (wenn dementsprechende Ger\u00e4te vorhanden sind)<\/li>\n<li>Continuum: Tablet &#8211; Modus f\u00fcr Touch &#8211; Ger\u00e4te<\/li>\n<li>Windows Holographic: Anwendungsplattform f\u00fcr die dazugeh\u00f6rige HoloLens &#8211; Datenbrille (erweiterte Realit\u00e4t)<\/li>\n<\/ul>\n<p><strong>Programme und Spiele<\/strong><\/p>\n<p>Die \u00fcblichen Programme f\u00fcr Kalender, Mail, Musik, Videos und Fotos sind auch im Betriebssystem Windows 10 Home enthalten. Eine weitere Neuerung, die Microsoft Windows 10 Home mit sich bringt, ist das neue DirectX 12. Dadurch werden Spiele grafisch noch besser unterst\u00fctzt. Au\u00dferdem erh\u00e4lt die neue Funktion, Spiele von der Xbox One auf dem Computer im Heimnetzwerk spielen beziehungsweise streamen zu k\u00f6nnen, ebenfalls ihren ben\u00f6tigten Leistungsschub.<\/p>\n<p><strong>Funktionserneuerungen im Betriebssystem Windows 10 Home<\/strong><\/p>\n<p>Das bekannte Startmen\u00fc wurde in Microsoft Windows 10 Home \u00fcberarbeitet und bietet nun auch einen Kachelbereich, den man mit individuellen Funktionen best\u00fccken kann. Auch der Desktop im neuen Windows 10 Home Betriebssystem verf\u00fcgt \u00fcber die neue Funktion, mehrere virtuelle Desktops f\u00fcr unterschiedliche Bereiche verwenden zu k\u00f6nnen. Der Windows-Store wurde bei der Umstellung auf Microsoft Windows 10 Home f\u00fcr alle Versionen vereinheitlicht.<\/p>\n<p><strong>Sicherheit und Datenschutz<\/strong><\/p>\n<p>Bez\u00fcglich Sicherheit unterst\u00fctzt das Betriebssystem Windows 10 Home den Standard 2.0 der FIDO-Allianz zur Internetauthentifizierung. In Zuge dessen wurde auch die biometrische Benutzerauthentifizierung &#8222;Microsoft Hello&#8220; eingef\u00fchrt, die ein Anmelden ohne Passwort erm\u00f6glicht. Zum Thema Datenschutz steht den Benutzern vom Windows 10 Home Betriebssystem im Vergleich zu den Vorg\u00e4ngerversionen eine gr\u00f6\u00dfere Entscheidungsfreiheit zur Verf\u00fcgung. In den Systemeinstellungen lassen sich alle Verbindungen zu Microsoft, die Daten zum Beispiel in Form von Feedbacks \u00fcbermitteln, ganz pers\u00f6nlich und mit einzelnen Einstellpunkten zu den jeweiligen Bereichen festlegen.<\/p>\n<p><strong>Optimale Unterst\u00fctzung durch Microsoft Windows 10 Home<\/strong><\/p>\n<p>Zuk\u00fcnftig sollen laut Microsoft keine weiteren Windows-Versionen mehr ver\u00f6ffentlicht werden. Stattdessen soll Windows nur mehr noch als Service zum Einsatz kommen. Das bedeutet, dass Windows 10 Home-K\u00e4ufer nicht nur Updates in Form von Fehlerbehebungen und Bugfixes, sondern auch neue Features erhalten sollen, die zum Zeitpunkt des Kaufes noch gar nicht verf\u00fcgbar waren.<\/p>\n<p><strong>Hinweis:<\/strong> Bitte beachten Sie, dass mit dieser Version von Windows 10 Home kein Upgrade auf Windows 10 Pro m\u00f6glich ist!<\/p>\n","protected":false},"excerpt":{"rendered":"<p>Das neue Betriebssystem Windows 10 Home bietet sowohl fortgeschrittenen Benutzern als auch Einsteigern im, wie der Name schon sagt, &#8222;Heim &#8211; Bereich&#8220; eine optimale Computerunterst\u00fctzung. Wie bisher jede &#8222;Home&#8220;-Variante von Microsoft gl\u00e4nzt auch das Windows 10 Home Betriebssystem mit einer sehr benutzerfreundlichen neuen Oberfl\u00e4che. Au\u00dferdem passt sich Microsoft Windows 10 Home, je nach Plattform, an [&hellip;]<\/p>\n","protected":false},"featured_media":1735,"comment_status":"open","ping_status":"closed","template":"","meta":{"_acf_changed":false},"product_cat":[153],"product_tag":[],"acf":[],"jetpack_sharing_enabled":true,"_links":{"self":[{"href":"http:\/\/pc-direkthandel.de\/wordpress\/wp-json\/wp\/v2\/product\/1728"}],"collection":[{"href":"http:\/\/pc-direkthandel.de\/wordpress\/wp-json\/wp\/v2\/product"}],"about":[{"href":"http:\/\/pc-direkthandel.de\/wordpress\/wp-json\/wp\/v2\/types\/product"}],"replies":[{"embeddable":true,"href":"http:\/\/pc-direkthandel.de\/wordpress\/wp-json\/wp\/v2\/comments?post=1728"}],"wp:featuredmedia":[{"embeddable":true,"href":"http:\/\/pc-direkthandel.de\/wordpress\/wp-json\/wp\/v2\/media\/1735"}],"wp:attachment":[{"href":"http:\/\/pc-direkthandel.de\/wordpress\/wp-json\/wp\/v2\/media?parent=1728"}],"wp:term":[{"taxonomy":"product_cat","embeddable":true,"href":"http:\/\/pc-direkthandel.de\/wordpress\/wp-json\/wp\/v2\/product_cat?post=1728"},{"taxonomy":"product_tag","embeddable":true,"href":"http:\/\/pc-direkthandel.de\/wordpress\/wp-json\/wp\/v2\/product_tag?post=1728"}],"curies":[{"name":"wp","href":"https:\/\/api.w.org\/{rel}","templated":true}]}}