{"id":1601,"date":"2019-09-16T15:45:18","date_gmt":"2019-09-16T13:45:18","guid":{"rendered":"http:\/\/pc-direkthandel.de\/wordpress\/?post_type=product&#038;p=1601"},"modified":"2019-09-16T15:47:23","modified_gmt":"2019-09-16T13:47:23","slug":"gaming-pc-amd-ryzen-5-1600","status":"publish","type":"product","link":"http:\/\/pc-direkthandel.de\/wordpress\/product\/gaming-pc-amd-ryzen-5-1600\/","title":{"rendered":"Gaming PC AMD Ryzen 5 1600"},"content":{"rendered":"<p>Unser Gaming-PC \u00fcberzeugt durch perfekt abgestimmte Markenkomponenten. Mit der GTX 1050 2GB ist man f\u00fcr alle aktuellen Spieletitel bestens gewappnet.<\/p>\n<p>Fl\u00fcsterleises System, egal ob Gaming, Bild-sowie Videobearbeitung oder Live-Streaming. Programme wie Adobe Lightroom oder Photoshop laufen hier blitzschnell &#8211; Mit dem Ultraschnellen 4-Kern Prozessor von AMD kommt die diese CPU selbst bei Aufwendigsten Berechnungen nicht an seine Grenzen.<\/p>\n<p>S\u00e4mtliche Systeme von Memory:PC werden von uns in Norddeutschland produziert. F\u00fcr unsere Systeme verwenden wir ausschlie\u00dflich hochwertige Komponenten von namenhaften Herstellern. Vor der Auslieferung durchl\u00e4uft jedes System einen aufwendigen Test, um die Lauff\u00e4higkeit des PC sicherzustellen.<\/p>\n<p>Bei uns erhalten Sie keinen Computer von der Stange &#8211; jedes System ist von Anfang bis Ende von unseren Mitarbeitern f\u00fcr Sie zusammengestellt und gefertigt.<\/p>\n<p>Wir vertrauen auf unsere Arbeit und geben auf alle Memory:PC Systeme volle 24 Monate Garantie. Das bedeutet f\u00fcr Sie: S\u00e4mtliche fehlerhafte Komponenten werden 24 Monate nach Kauf kostenfrei ausgetauscht.<\/p>\n<p>Die MEMORY:PC Garantie: Egal ob technischer Defekt, Nichtfunktion eines Bauteils oder des gesamten PCs &#8211; wir stehen 24 Monate ohne Wenn und Aber hinter unseren Produkten.<\/p>\n<p>Sollten einmal Probleme auftreten, so wenden Sie sich bitte sofort per E-Mail (<a href=\"mailto:info@memorypc.de\">info@memorypc.de<\/a>) oder telefonisch 04452 \/ 70 790-0 (Montag bis Freitag 08.00 Uhr &#8211; 17.00 Uhr) an unseren Kundensupport.<\/p>\n","protected":false},"excerpt":{"rendered":"<p>Unser Gaming-PC \u00fcberzeugt durch perfekt abgestimmte Markenkomponenten. Mit der GTX 1050 2GB ist man f\u00fcr alle aktuellen Spieletitel bestens gewappnet. Fl\u00fcsterleises System, egal ob Gaming, Bild-sowie Videobearbeitung oder Live-Streaming. Programme wie Adobe Lightroom oder Photoshop laufen hier blitzschnell &#8211; Mit dem Ultraschnellen 4-Kern Prozessor von AMD kommt die diese CPU selbst bei Aufwendigsten Berechnungen nicht [&hellip;]<\/p>\n","protected":false},"featured_media":1602,"comment_status":"open","ping_status":"closed","template":"","meta":{"_acf_changed":false},"product_cat":[141],"product_tag":[],"acf":[],"jetpack_sharing_enabled":true,"_links":{"self":[{"href":"http:\/\/pc-direkthandel.de\/wordpress\/wp-json\/wp\/v2\/product\/1601"}],"collection":[{"href":"http:\/\/pc-direkthandel.de\/wordpress\/wp-json\/wp\/v2\/product"}],"about":[{"href":"http:\/\/pc-direkthandel.de\/wordpress\/wp-json\/wp\/v2\/types\/product"}],"replies":[{"embeddable":true,"href":"http:\/\/pc-direkthandel.de\/wordpress\/wp-json\/wp\/v2\/comments?post=1601"}],"wp:featuredmedia":[{"embeddable":true,"href":"http:\/\/pc-direkthandel.de\/wordpress\/wp-json\/wp\/v2\/media\/1602"}],"wp:attachment":[{"href":"http:\/\/pc-direkthandel.de\/wordpress\/wp-json\/wp\/v2\/media?parent=1601"}],"wp:term":[{"taxonomy":"product_cat","embeddable":true,"href":"http:\/\/pc-direkthandel.de\/wordpress\/wp-json\/wp\/v2\/product_cat?post=1601"},{"taxonomy":"product_tag","embeddable":true,"href":"http:\/\/pc-direkthandel.de\/wordpress\/wp-json\/wp\/v2\/product_tag?post=1601"}],"curies":[{"name":"wp","href":"https:\/\/api.w.org\/{rel}","templated":true}]}}