{"id":1596,"date":"2019-09-16T15:38:09","date_gmt":"2019-09-16T13:38:09","guid":{"rendered":"http:\/\/pc-direkthandel.de\/wordpress\/?post_type=product&#038;p=1596"},"modified":"2019-09-16T15:40:54","modified_gmt":"2019-09-16T13:40:54","slug":"gaming-pc-amd-ryzen-3-2300x","status":"publish","type":"product","link":"http:\/\/pc-direkthandel.de\/wordpress\/product\/gaming-pc-amd-ryzen-3-2300x\/","title":{"rendered":"Gaming PC AMD Ryzen 3 2300X"},"content":{"rendered":"<p>Qualit\u00e4t von Memory PC besticht durch seine geniale Produktauswahl die immer wieder \u00fcberzeugt und diverse Qualit\u00e4tstests gewinnt. Das Zusammenspiel der Komponenten wird immer laufend in unserer Fachwerkstatt gepr\u00fcft und dokumentiert. Die Zufriedenheit unserer Kunden ist unsere Maxime und unser Anspruch dem wir uns immer wieder stellen. Wir lassen unsere Kunden vor allem nach dem Kauf nicht im Regen stehen und sind immer f\u00fcr Sie da. Testen Sie uns! Einschalten und sofort mit allem loslegen!!!<\/p>\n","protected":false},"excerpt":{"rendered":"<p>Qualit\u00e4t von Memory PC besticht durch seine geniale Produktauswahl die immer wieder \u00fcberzeugt und diverse Qualit\u00e4tstests gewinnt. Das Zusammenspiel der Komponenten wird immer laufend in unserer Fachwerkstatt gepr\u00fcft und dokumentiert. Die Zufriedenheit unserer Kunden ist unsere Maxime und unser Anspruch dem wir uns immer wieder stellen. Wir lassen unsere Kunden vor allem nach dem Kauf [&hellip;]<\/p>\n","protected":false},"featured_media":1597,"comment_status":"open","ping_status":"closed","template":"","meta":{"_acf_changed":false},"product_cat":[141],"product_tag":[],"acf":[],"jetpack_sharing_enabled":true,"_links":{"self":[{"href":"http:\/\/pc-direkthandel.de\/wordpress\/wp-json\/wp\/v2\/product\/1596"}],"collection":[{"href":"http:\/\/pc-direkthandel.de\/wordpress\/wp-json\/wp\/v2\/product"}],"about":[{"href":"http:\/\/pc-direkthandel.de\/wordpress\/wp-json\/wp\/v2\/types\/product"}],"replies":[{"embeddable":true,"href":"http:\/\/pc-direkthandel.de\/wordpress\/wp-json\/wp\/v2\/comments?post=1596"}],"wp:featuredmedia":[{"embeddable":true,"href":"http:\/\/pc-direkthandel.de\/wordpress\/wp-json\/wp\/v2\/media\/1597"}],"wp:attachment":[{"href":"http:\/\/pc-direkthandel.de\/wordpress\/wp-json\/wp\/v2\/media?parent=1596"}],"wp:term":[{"taxonomy":"product_cat","embeddable":true,"href":"http:\/\/pc-direkthandel.de\/wordpress\/wp-json\/wp\/v2\/product_cat?post=1596"},{"taxonomy":"product_tag","embeddable":true,"href":"http:\/\/pc-direkthandel.de\/wordpress\/wp-json\/wp\/v2\/product_tag?post=1596"}],"curies":[{"name":"wp","href":"https:\/\/api.w.org\/{rel}","templated":true}]}}