{"id":1577,"date":"2019-09-16T15:16:46","date_gmt":"2019-09-16T13:16:46","guid":{"rendered":"http:\/\/pc-direkthandel.de\/wordpress\/?post_type=product&#038;p=1577"},"modified":"2019-09-16T15:18:49","modified_gmt":"2019-09-16T13:18:49","slug":"xdream-gaming-pc-intel-i9-9900k-3","status":"publish","type":"product","link":"http:\/\/pc-direkthandel.de\/wordpress\/product\/xdream-gaming-pc-intel-i9-9900k-3\/","title":{"rendered":"XDream Gaming PC Intel i9-9900K"},"content":{"rendered":"<p>\u00dcberragende Power! Der XDREAM Gaming Memory PC\u00ae \u00fcberzeugt mit Intel Core i9-9900K (8x 3.60GHz) und riesigem 32GB Arbeitsspeicher.<\/p>\n<p>Auf dem ASUS ROG STRIX Z390-F Gaming Mainboard sitzt mit der NVIDIA GeForce RTX 2080 Ti &#8211; 11GB eine extrem leistungsstarke Grafikkarte &#8211; das bedeutet Gaming auf h\u00f6chstem Level.<\/p>\n<p>Dank der 480GB SSD startet das System extrem schnell und selbstverst\u00e4ndlich sind auch die sonstigen Zugriffszeiten mit der SSD deutlich schneller als mit herk\u00f6mmlichen Festplatten.<\/p>\n<p>F\u00fcr weiteren Speicherplatz sorgt zudem die 2000GB Festplatte.<\/p>\n<p>Dieser Memory PC\u00ae hat au\u00dferdem Windows 10 Professional komplett vorinstalliert. Das bedeutet f\u00fcr Sie: Einschalten und gleich loslegen. Dabei verzichten wir komplett auf zus\u00e4tzliche Testversionen oder andere Werbesoftware. Sie erhalten einen sauber installierten Computer zum &#8222;Sofort-Los-Legen&#8220;.<\/p>\n<p>S\u00e4mtliche Systeme von Memory PC\u00ae werden von uns in Norddeutschland produziert. F\u00fcr unsere Systeme verwenden wir ausschlie\u00dflich hochwertige Komponenten von namenhaften Herstellern. Vor der Auslieferung durchl\u00e4uft jedes System einen aufwendigen Test, um die Lauff\u00e4higkeit des PC sicherzustellen.<\/p>\n<p>Bei uns erhalten Sie keinen Computer von der Stange &#8211; jedes System ist von Anfang bis Ende von unseren Mitarbeitern f\u00fcr Sie zusammengestellt und gefertigt.<\/p>\n","protected":false},"excerpt":{"rendered":"<p>\u00dcberragende Power! Der XDREAM Gaming Memory PC\u00ae \u00fcberzeugt mit Intel Core i9-9900K (8x 3.60GHz) und riesigem 32GB Arbeitsspeicher. Auf dem ASUS ROG STRIX Z390-F Gaming Mainboard sitzt mit der NVIDIA GeForce RTX 2080 Ti &#8211; 11GB eine extrem leistungsstarke Grafikkarte &#8211; das bedeutet Gaming auf h\u00f6chstem Level. Dank der 480GB SSD startet das System extrem [&hellip;]<\/p>\n","protected":false},"featured_media":1578,"comment_status":"open","ping_status":"closed","template":"","meta":{"_acf_changed":false},"product_cat":[140],"product_tag":[],"acf":[],"jetpack_sharing_enabled":true,"_links":{"self":[{"href":"http:\/\/pc-direkthandel.de\/wordpress\/wp-json\/wp\/v2\/product\/1577"}],"collection":[{"href":"http:\/\/pc-direkthandel.de\/wordpress\/wp-json\/wp\/v2\/product"}],"about":[{"href":"http:\/\/pc-direkthandel.de\/wordpress\/wp-json\/wp\/v2\/types\/product"}],"replies":[{"embeddable":true,"href":"http:\/\/pc-direkthandel.de\/wordpress\/wp-json\/wp\/v2\/comments?post=1577"}],"wp:featuredmedia":[{"embeddable":true,"href":"http:\/\/pc-direkthandel.de\/wordpress\/wp-json\/wp\/v2\/media\/1578"}],"wp:attachment":[{"href":"http:\/\/pc-direkthandel.de\/wordpress\/wp-json\/wp\/v2\/media?parent=1577"}],"wp:term":[{"taxonomy":"product_cat","embeddable":true,"href":"http:\/\/pc-direkthandel.de\/wordpress\/wp-json\/wp\/v2\/product_cat?post=1577"},{"taxonomy":"product_tag","embeddable":true,"href":"http:\/\/pc-direkthandel.de\/wordpress\/wp-json\/wp\/v2\/product_tag?post=1577"}],"curies":[{"name":"wp","href":"https:\/\/api.w.org\/{rel}","templated":true}]}}