{"id":1575,"date":"2019-09-16T15:13:28","date_gmt":"2019-09-16T13:13:28","guid":{"rendered":"http:\/\/pc-direkthandel.de\/wordpress\/?post_type=product&#038;p=1575"},"modified":"2019-09-16T15:16:28","modified_gmt":"2019-09-16T13:16:28","slug":"xdream-gaming-pc-intel-i7-9700-2","status":"publish","type":"product","link":"http:\/\/pc-direkthandel.de\/wordpress\/product\/xdream-gaming-pc-intel-i7-9700-2\/","title":{"rendered":"XDream Gaming PC Intel i7-9700"},"content":{"rendered":"<p>Der Memory PC\u00ae mit voller SixCore Power versorgt Sie mit allen n\u00f6tigen Geschwindigkeiten, die Sie ben\u00f6tigen.<\/p>\n<p>Denn die Intel Core i7 9700 CPU mit 8x 3.00GHz und 32GB DDR4 Arbeitsspeicher sorgen f\u00fcr gew\u00fcnschte Power und Geschwindigkeit.<\/p>\n<p>Auch die 500GB Samsung M.2 SSD unterst\u00fctzt das auf Geschwindigkeit und Kraft ausgerichtete PC System.<\/p>\n<p>Die NVIDIA Geforce RTX 2080 Ti Grafikkarte geh\u00f6rt zu dem Besten, was es aktuell auf dem Markt gibt und die 4000GB Festplatte bietet extrem viel Platz f\u00fcr Programme und Dateien.<\/p>\n<p>Die allerneuesten Anschl\u00fcsse wie SATA3, M.2 und USB3.0 aber auch Gigabit LAN lassen keine W\u00fcnsche offen. Dieser ist ein kompletter Allrounder mit allen F\u00e4higkeiten die Sie brauchen. Fordern Sie ihn ruhig! Dieses &#8222;K&#8220; Modell l\u00e4sst ebenfalls spielend einfach \u00fcbertakten um noch h\u00f6here Taktraten zu erm\u00f6glichen.<\/p>\n<p>Au\u00dferdem verf\u00fcgt das MSI Mainboard \u00fcber einen zukunftsweisenden M.2 SSD Steckplatz. Es ist eine Samsung EVO 970 per M.2 PCI-Express Steckplatz eingebaut. Unglaubliche Datentransferratten erreichen Sie mit unserem PC. Der Xdream PC von Memory PC ist perfekt zusammengestellt mit allen Komponenten die zur Zeit beliebt und angesagt sind. Hier k\u00f6nnen Sie beruhigt die allerneuesten Spiele locker bew\u00e4ltigen.<\/p>\n<p>Dieser Memory PC\u00ae hat au\u00dferdem Windows 10 Professional komplett vorinstalliert. Das bedeutet f\u00fcr Sie: Einschalten und gleich loslegen. Dabei verzichten wir komplett auf zus\u00e4tzliche Testversionen oder andere Werbesoftware. Sie erhalten einen sauber installierten Computer zum &#8222;Sofort-Los-Legen&#8220;.<\/p>\n<p>S\u00e4mtliche Systeme von Memory PC\u00ae werden von uns in Norddeutschland produziert. F\u00fcr unsere Systeme verwenden wir ausschlie\u00dflich hochwertige Komponenten von namenhaften Herstellern. Vor der Auslieferung durchl\u00e4uft jedes System einen aufwendigen Test, um die Lauff\u00e4higkeit des PC sicherzustellen.<\/p>\n<p>Bei uns erhalten Sie keinen Computer von der Stange &#8211; jedes System ist von Anfang bis Ende von unseren Mitarbeitern f\u00fcr Sie zusammengestellt und gefertigt.<\/p>\n","protected":false},"excerpt":{"rendered":"<p>Der Memory PC\u00ae mit voller SixCore Power versorgt Sie mit allen n\u00f6tigen Geschwindigkeiten, die Sie ben\u00f6tigen. Denn die Intel Core i7 9700 CPU mit 8x 3.00GHz und 32GB DDR4 Arbeitsspeicher sorgen f\u00fcr gew\u00fcnschte Power und Geschwindigkeit. Auch die 500GB Samsung M.2 SSD unterst\u00fctzt das auf Geschwindigkeit und Kraft ausgerichtete PC System. Die NVIDIA Geforce RTX [&hellip;]<\/p>\n","protected":false},"featured_media":1576,"comment_status":"open","ping_status":"closed","template":"","meta":{"_acf_changed":false},"product_cat":[140],"product_tag":[],"acf":[],"jetpack_sharing_enabled":true,"_links":{"self":[{"href":"http:\/\/pc-direkthandel.de\/wordpress\/wp-json\/wp\/v2\/product\/1575"}],"collection":[{"href":"http:\/\/pc-direkthandel.de\/wordpress\/wp-json\/wp\/v2\/product"}],"about":[{"href":"http:\/\/pc-direkthandel.de\/wordpress\/wp-json\/wp\/v2\/types\/product"}],"replies":[{"embeddable":true,"href":"http:\/\/pc-direkthandel.de\/wordpress\/wp-json\/wp\/v2\/comments?post=1575"}],"wp:featuredmedia":[{"embeddable":true,"href":"http:\/\/pc-direkthandel.de\/wordpress\/wp-json\/wp\/v2\/media\/1576"}],"wp:attachment":[{"href":"http:\/\/pc-direkthandel.de\/wordpress\/wp-json\/wp\/v2\/media?parent=1575"}],"wp:term":[{"taxonomy":"product_cat","embeddable":true,"href":"http:\/\/pc-direkthandel.de\/wordpress\/wp-json\/wp\/v2\/product_cat?post=1575"},{"taxonomy":"product_tag","embeddable":true,"href":"http:\/\/pc-direkthandel.de\/wordpress\/wp-json\/wp\/v2\/product_tag?post=1575"}],"curies":[{"name":"wp","href":"https:\/\/api.w.org\/{rel}","templated":true}]}}