{"id":1572,"date":"2019-09-16T15:09:01","date_gmt":"2019-09-16T13:09:01","guid":{"rendered":"http:\/\/pc-direkthandel.de\/wordpress\/?post_type=product&#038;p=1572"},"modified":"2019-09-16T15:12:12","modified_gmt":"2019-09-16T13:12:12","slug":"xdream-gaming-pc-intel-i9-9900k-2","status":"publish","type":"product","link":"http:\/\/pc-direkthandel.de\/wordpress\/product\/xdream-gaming-pc-intel-i9-9900k-2\/","title":{"rendered":"XDream Gaming PC Intel i9-9900K"},"content":{"rendered":"<p>Dieser XDREAM Gaming PC von Memory PC\u00ae brilliert durch seine technische Ausstattung: Auf einem ASUS Prime Z370-P Mainboard arbeitet der Intel Core i9-9900k mit 8x 3.60GHz.<\/p>\n<p>32GB Arbeitsspeicher machen aus diesem System ein echtes Kraftpaket mit entsprechender Power.<\/p>\n<p>Dank der Geforce RTX 2080 Ti mit 11GB Grafikspeicher ist man nicht nur f\u00fcr aufwendige Grafikprogramme, sondern auch f\u00fcr alle aktuellsten Spieletitel bestens gewappnet. Hohe Details und volle Frameraten stellen kein Problem dar.<\/p>\n<p>Die 480GB SSD l\u00e4sst den PC nicht nur ultra-schnell starten, sondern sorgt auch w\u00e4hrend der Nutzung f\u00fcr extremse Zugriffzeiten. F\u00fcr das Speichern und Ablegen von Dateien steht zudem die 2000GB Festplatte bereit.<\/p>\n<p>Dieser Memory PC\u00ae hat au\u00dferdem Windows 10 Professional komplett vorinstalliert. Das bedeutet f\u00fcr Sie: Einschalten und gleich loslegen. Dabei verzichten wir komplett auf zus\u00e4tzliche Testversionen oder andere Werbesoftware. Sie erhalten einen sauber installierten Computer zum &#8222;Sofort-Los-Legen&#8220;.<\/p>\n<p>S\u00e4mtliche Systeme von Memory PC\u00ae werden von uns in Norddeutschland produziert. F\u00fcr unsere Systeme verwenden wir ausschlie\u00dflich hochwertige Komponenten von namenhaften Herstellern. Vor der Auslieferung durchl\u00e4uft jedes System einen aufwendigen Test, um die Lauff\u00e4higkeit des PC sicherzustellen.<\/p>\n<p>Bei uns erhalten Sie keinen Computer von der Stange &#8211; jedes System ist von Anfang bis Ende von unseren Mitarbeitern f\u00fcr Sie zusammengestellt und gefertigt.<\/p>\n","protected":false},"excerpt":{"rendered":"<p>Dieser XDREAM Gaming PC von Memory PC\u00ae brilliert durch seine technische Ausstattung: Auf einem ASUS Prime Z370-P Mainboard arbeitet der Intel Core i9-9900k mit 8x 3.60GHz. 32GB Arbeitsspeicher machen aus diesem System ein echtes Kraftpaket mit entsprechender Power. Dank der Geforce RTX 2080 Ti mit 11GB Grafikspeicher ist man nicht nur f\u00fcr aufwendige Grafikprogramme, sondern [&hellip;]<\/p>\n","protected":false},"featured_media":1573,"comment_status":"open","ping_status":"closed","template":"","meta":{"_acf_changed":false},"product_cat":[140],"product_tag":[],"acf":[],"jetpack_sharing_enabled":true,"_links":{"self":[{"href":"http:\/\/pc-direkthandel.de\/wordpress\/wp-json\/wp\/v2\/product\/1572"}],"collection":[{"href":"http:\/\/pc-direkthandel.de\/wordpress\/wp-json\/wp\/v2\/product"}],"about":[{"href":"http:\/\/pc-direkthandel.de\/wordpress\/wp-json\/wp\/v2\/types\/product"}],"replies":[{"embeddable":true,"href":"http:\/\/pc-direkthandel.de\/wordpress\/wp-json\/wp\/v2\/comments?post=1572"}],"wp:featuredmedia":[{"embeddable":true,"href":"http:\/\/pc-direkthandel.de\/wordpress\/wp-json\/wp\/v2\/media\/1573"}],"wp:attachment":[{"href":"http:\/\/pc-direkthandel.de\/wordpress\/wp-json\/wp\/v2\/media?parent=1572"}],"wp:term":[{"taxonomy":"product_cat","embeddable":true,"href":"http:\/\/pc-direkthandel.de\/wordpress\/wp-json\/wp\/v2\/product_cat?post=1572"},{"taxonomy":"product_tag","embeddable":true,"href":"http:\/\/pc-direkthandel.de\/wordpress\/wp-json\/wp\/v2\/product_tag?post=1572"}],"curies":[{"name":"wp","href":"https:\/\/api.w.org\/{rel}","templated":true}]}}