{"id":1570,"date":"2019-09-16T15:05:03","date_gmt":"2019-09-16T13:05:03","guid":{"rendered":"http:\/\/pc-direkthandel.de\/wordpress\/?post_type=product&#038;p=1570"},"modified":"2019-09-16T15:07:55","modified_gmt":"2019-09-16T13:07:55","slug":"xdream-gaming-pc-intel-i7-9700k-6","status":"publish","type":"product","link":"http:\/\/pc-direkthandel.de\/wordpress\/product\/xdream-gaming-pc-intel-i7-9700k-6\/","title":{"rendered":"XDream Gaming PC Intel i7-9700K"},"content":{"rendered":"<p>XDREAM Gaming steht f\u00fcr extremen Spielspa\u00df &#8211; und dieses XDREAM Gaming System von Memory PC\u00ae bezieht seine Power durch einen Intel Core i7-9700K Prozessor mit 8x 3.6GHZ auf dem auf Spiele spezialisiertem Mainboard Asus ROG Strix Z390-F Gaming.<\/p>\n<p>Dem Computer stehen riesige 32GB als RAM zur Verf\u00fcgung. Das ist mehr als genug, um auch die rechenintensivsten Aufgaben und Games zu schultern.<\/p>\n<p>Die ASUS Dual Geforce RTX 2080 mit 8GB Grafik-Speicher sorgt f\u00fcr Arbeiten und Gaming auf h\u00f6chsten Niveau. Grafisch komplexe Programme meistert diese Grafikkarte genauso wie neues Games auf vollen Details.<\/p>\n<p>Dank neuester M.2 Technik geh\u00f6rt dieses System zu den absoluten &#8222;Schnell-Startern&#8220; &#8211; denn die 500GB SSD M.2 von Samsung l\u00e4sst ihr System in Rekordzeit bereit sein.<\/p>\n<p>Mit 4000GB Speicherplatz auf der zweiten Festplatte haben Sie zudem mehr als genug Platz f\u00fcr Ihre Programme und Dateien.<\/p>\n<p>Dieser Memory PC\u00ae hat au\u00dferdem Windows 10 Professional komplett vorinstalliert. Das bedeutet f\u00fcr Sie: Einschalten und gleich loslegen. Dabei verzichten wir komplett auf zus\u00e4tzliche Testversionen oder andere Werbesoftware. Sie erhalten einen sauber installierten Computer zum &#8222;Sofort-Los-Legen&#8220;.<\/p>\n<p>S\u00e4mtliche Systeme von Memory PC\u00ae werden von uns in Norddeutschland produziert. F\u00fcr unsere Systeme verwenden wir ausschlie\u00dflich hochwertige Komponenten von namenhaften Herstellern. Vor der Auslieferung durchl\u00e4uft jedes System einen aufwendigen Test, um die Lauff\u00e4higkeit des PC sicherzustellen.<\/p>\n<p>Bei uns erhalten Sie keinen Computer von der Stange &#8211; jedes System ist von Anfang bis Ende von unseren Mitarbeitern f\u00fcr Sie zusammengestellt und gefertigt.<\/p>\n","protected":false},"excerpt":{"rendered":"<p>XDREAM Gaming steht f\u00fcr extremen Spielspa\u00df &#8211; und dieses XDREAM Gaming System von Memory PC\u00ae bezieht seine Power durch einen Intel Core i7-9700K Prozessor mit 8x 3.6GHZ auf dem auf Spiele spezialisiertem Mainboard Asus ROG Strix Z390-F Gaming. Dem Computer stehen riesige 32GB als RAM zur Verf\u00fcgung. Das ist mehr als genug, um auch die [&hellip;]<\/p>\n","protected":false},"featured_media":1571,"comment_status":"open","ping_status":"closed","template":"","meta":{"_acf_changed":false},"product_cat":[140],"product_tag":[],"acf":[],"jetpack_sharing_enabled":true,"_links":{"self":[{"href":"http:\/\/pc-direkthandel.de\/wordpress\/wp-json\/wp\/v2\/product\/1570"}],"collection":[{"href":"http:\/\/pc-direkthandel.de\/wordpress\/wp-json\/wp\/v2\/product"}],"about":[{"href":"http:\/\/pc-direkthandel.de\/wordpress\/wp-json\/wp\/v2\/types\/product"}],"replies":[{"embeddable":true,"href":"http:\/\/pc-direkthandel.de\/wordpress\/wp-json\/wp\/v2\/comments?post=1570"}],"wp:featuredmedia":[{"embeddable":true,"href":"http:\/\/pc-direkthandel.de\/wordpress\/wp-json\/wp\/v2\/media\/1571"}],"wp:attachment":[{"href":"http:\/\/pc-direkthandel.de\/wordpress\/wp-json\/wp\/v2\/media?parent=1570"}],"wp:term":[{"taxonomy":"product_cat","embeddable":true,"href":"http:\/\/pc-direkthandel.de\/wordpress\/wp-json\/wp\/v2\/product_cat?post=1570"},{"taxonomy":"product_tag","embeddable":true,"href":"http:\/\/pc-direkthandel.de\/wordpress\/wp-json\/wp\/v2\/product_tag?post=1570"}],"curies":[{"name":"wp","href":"https:\/\/api.w.org\/{rel}","templated":true}]}}