{"id":1568,"date":"2019-09-16T14:58:06","date_gmt":"2019-09-16T12:58:06","guid":{"rendered":"http:\/\/pc-direkthandel.de\/wordpress\/?post_type=product&#038;p=1568"},"modified":"2019-09-16T15:00:44","modified_gmt":"2019-09-16T13:00:44","slug":"high-end-pc-amd-ryzen-7-3800x","status":"publish","type":"product","link":"http:\/\/pc-direkthandel.de\/wordpress\/product\/high-end-pc-amd-ryzen-7-3800x\/","title":{"rendered":"High End PC AMD Ryzen 7 3800X"},"content":{"rendered":"<p>Das High-End System von Memory PC\u00ae besteht aus einer AMD Ryzen 7 3800X Prozessoreinheit, die mit 8x 3.9GHz getaktet ist und auf einem MSI B450 Tomahawk Mainboard verbaut wird.<\/p>\n<p>Mit 16GB Arbeitsspeicher ist das System gut ausgestattet, um den t\u00e4glichen Anforderungen mehr als gerecht zu werden.<\/p>\n<p>Die NVIDIA Geforce RTX 2080 Ti hat nicht nur unglaubliche 11GB Grafikkspeicher &#8211; sondern z\u00e4hlt zu dem Besten, was man an Grafik in ein System stecken kann.<\/p>\n<p>Die 480GB SSD sorgt nicht nur f\u00fcr ein sehr schnelles &#8222;Hochfahren&#8220; des Computers, sondern auch f\u00fcr ein generell schnelleres Arbeiten mit dem PC. Das Speichern der gro\u00dfen Daten \u00fcbernimmt die zus\u00e4tzliche 1000GB Festplatte.<\/p>\n<p>S\u00e4mtliche Systeme von Memory PC\u00ae werden von uns in Norddeutschland produziert. F\u00fcr unsere Systeme verwenden wir ausschlie\u00dflich hochwertige Komponenten von namenhaften Herstellern. Vor der Auslieferung durchl\u00e4uft jedes System einen aufwendigen Test, um die Lauff\u00e4higkeit des PC sicherzustellen.<\/p>\n<p>Bei uns erhalten Sie keinen Computer von der Stange &#8211; jedes System ist von Anfang bis Ende von unseren Mitarbeitern f\u00fcr Sie zusammengestellt und gefertigt.<\/p>\n","protected":false},"excerpt":{"rendered":"<p>Das High-End System von Memory PC\u00ae besteht aus einer AMD Ryzen 7 3800X Prozessoreinheit, die mit 8x 3.9GHz getaktet ist und auf einem MSI B450 Tomahawk Mainboard verbaut wird. Mit 16GB Arbeitsspeicher ist das System gut ausgestattet, um den t\u00e4glichen Anforderungen mehr als gerecht zu werden. Die NVIDIA Geforce RTX 2080 Ti hat nicht nur [&hellip;]<\/p>\n","protected":false},"featured_media":1569,"comment_status":"open","ping_status":"closed","template":"","meta":{"_acf_changed":false},"product_cat":[140],"product_tag":[],"acf":[],"jetpack_sharing_enabled":true,"_links":{"self":[{"href":"http:\/\/pc-direkthandel.de\/wordpress\/wp-json\/wp\/v2\/product\/1568"}],"collection":[{"href":"http:\/\/pc-direkthandel.de\/wordpress\/wp-json\/wp\/v2\/product"}],"about":[{"href":"http:\/\/pc-direkthandel.de\/wordpress\/wp-json\/wp\/v2\/types\/product"}],"replies":[{"embeddable":true,"href":"http:\/\/pc-direkthandel.de\/wordpress\/wp-json\/wp\/v2\/comments?post=1568"}],"wp:featuredmedia":[{"embeddable":true,"href":"http:\/\/pc-direkthandel.de\/wordpress\/wp-json\/wp\/v2\/media\/1569"}],"wp:attachment":[{"href":"http:\/\/pc-direkthandel.de\/wordpress\/wp-json\/wp\/v2\/media?parent=1568"}],"wp:term":[{"taxonomy":"product_cat","embeddable":true,"href":"http:\/\/pc-direkthandel.de\/wordpress\/wp-json\/wp\/v2\/product_cat?post=1568"},{"taxonomy":"product_tag","embeddable":true,"href":"http:\/\/pc-direkthandel.de\/wordpress\/wp-json\/wp\/v2\/product_tag?post=1568"}],"curies":[{"name":"wp","href":"https:\/\/api.w.org\/{rel}","templated":true}]}}