{"id":1564,"date":"2019-09-16T14:49:20","date_gmt":"2019-09-16T12:49:20","guid":{"rendered":"http:\/\/pc-direkthandel.de\/wordpress\/?post_type=product&#038;p=1564"},"modified":"2019-09-16T14:51:39","modified_gmt":"2019-09-16T12:51:39","slug":"xdream-gaming-pc-intel-i7-9700k-5","status":"publish","type":"product","link":"http:\/\/pc-direkthandel.de\/wordpress\/product\/xdream-gaming-pc-intel-i7-9700k-5\/","title":{"rendered":"XDream Gaming PC Intel i7-9700K"},"content":{"rendered":"<p>Sie suchen einen PC zum Spielen? Dann ist dieser XDREAM Gaming Computer von Memory PC\u00ae genau der Richtige!<\/p>\n<p>Die Intel i7-9700K CPU leistet 8x 3.60GHz auf einem MSI Z390-A Pro Mainboard.<\/p>\n<p>32GB RAM sind ein klares Statement f\u00fcr starke Leistung &#8211; egal ob Gaming oder Arbeit.<\/p>\n<p>Die MSI Gaming Trio Geforce RTX 2080 hat 8GB Grafikkspeicher und l\u00e4sst Gamer Herzen h\u00f6her und schneller schlagen, denn diese Grafikkarte garantiert h\u00f6chste Details und Framerates.<\/p>\n<p>Als erste Festplatte ist in diesem XDREAM Gaming PC eine 480GB SSD verbaut, die nicht nur f\u00fcr ein extrem schnelles Starten sorgt, sondern generell ein schnelles Verarbeiten unterst\u00fctzt.<\/p>\n<p>Mit 2000GB Speicherplatz auf der zweiten Festplatte k\u00f6nnen Sie au\u00dferden ausreichend Daten abspeichern, ohne dass Ihnen so schnell der Pltz ausgeht.<\/p>\n<p>Dieser Memory PC\u00ae hat au\u00dferdem Windows 10 Professional komplett vorinstalliert. Das bedeutet f\u00fcr Sie: Einschalten und gleich loslegen. Dabei verzichten wir komplett auf zus\u00e4tzliche Testversionen oder andere Werbesoftware. Sie erhalten einen sauber installierten Computer zum &#8222;Sofort-Los-Legen&#8220;.<\/p>\n<p>S\u00e4mtliche Systeme von Memory PC\u00ae werden von uns in Norddeutschland produziert. F\u00fcr unsere Systeme verwenden wir ausschlie\u00dflich hochwertige Komponenten von namenhaften Herstellern. Vor der Auslieferung durchl\u00e4uft jedes System einen aufwendigen Test, um die Lauff\u00e4higkeit des PC sicherzustellen.<\/p>\n<p>Bei uns erhalten Sie keinen Computer von der Stange &#8211; jedes System ist von Anfang bis Ende von unseren Mitarbeitern f\u00fcr Sie zusammengestellt und gefertigt.<\/p>\n","protected":false},"excerpt":{"rendered":"<p>Sie suchen einen PC zum Spielen? Dann ist dieser XDREAM Gaming Computer von Memory PC\u00ae genau der Richtige! Die Intel i7-9700K CPU leistet 8x 3.60GHz auf einem MSI Z390-A Pro Mainboard. 32GB RAM sind ein klares Statement f\u00fcr starke Leistung &#8211; egal ob Gaming oder Arbeit. Die MSI Gaming Trio Geforce RTX 2080 hat 8GB [&hellip;]<\/p>\n","protected":false},"featured_media":1565,"comment_status":"open","ping_status":"closed","template":"","meta":{"_acf_changed":false},"product_cat":[140],"product_tag":[],"acf":[],"jetpack_sharing_enabled":true,"_links":{"self":[{"href":"http:\/\/pc-direkthandel.de\/wordpress\/wp-json\/wp\/v2\/product\/1564"}],"collection":[{"href":"http:\/\/pc-direkthandel.de\/wordpress\/wp-json\/wp\/v2\/product"}],"about":[{"href":"http:\/\/pc-direkthandel.de\/wordpress\/wp-json\/wp\/v2\/types\/product"}],"replies":[{"embeddable":true,"href":"http:\/\/pc-direkthandel.de\/wordpress\/wp-json\/wp\/v2\/comments?post=1564"}],"wp:featuredmedia":[{"embeddable":true,"href":"http:\/\/pc-direkthandel.de\/wordpress\/wp-json\/wp\/v2\/media\/1565"}],"wp:attachment":[{"href":"http:\/\/pc-direkthandel.de\/wordpress\/wp-json\/wp\/v2\/media?parent=1564"}],"wp:term":[{"taxonomy":"product_cat","embeddable":true,"href":"http:\/\/pc-direkthandel.de\/wordpress\/wp-json\/wp\/v2\/product_cat?post=1564"},{"taxonomy":"product_tag","embeddable":true,"href":"http:\/\/pc-direkthandel.de\/wordpress\/wp-json\/wp\/v2\/product_tag?post=1564"}],"curies":[{"name":"wp","href":"https:\/\/api.w.org\/{rel}","templated":true}]}}